{"id":110340,"date":"2021-01-13T11:48:38","date_gmt":"2021-01-13T19:48:38","guid":{"rendered":"https:\/\/www.mercadokeys.com\/product\/torchlight-iii-pc-steam-key-global\/"},"modified":"2022-06-29T06:09:19","modified_gmt":"2022-06-29T13:09:19","slug":"torchlight-iii-pc-steam-cd-key","status":"publish","type":"product","link":"https:\/\/www.mercadokeys.com.mx\/eng\/product\/torchlight-iii-pc-steam-cd-key\/","title":{"rendered":"Torchlight III Steam CD Key"},"content":{"rendered":"<p><span style=\"vertical-align: inherit\">Ha pasado un siglo desde los eventos de Torchlight II, y el Imperio Ember est\u00e1 en declive. <span class=\"\" style=\"vertical-align: inherit\">En Torchlight III, Novastraia est\u00e1 nuevamente bajo amenaza de invasi\u00f3n y depende de ti defenderte de los Netherim y sus aliados. <\/span>\u00a1Re\u00fana su ingenio y desaf\u00ede la frontera para encontrar fama, gloria y nuevas aventuras!<\/span><\/p>","protected":false},"excerpt":{"rendered":"<p>Ha pasado un siglo desde los eventos de Torchlight II, y el Imperio Ember est\u00e1 en declive. En Torchlight III, Novastraia est\u00e1 nuevamente bajo amenaza de invasi\u00f3n y depende de ti defenderte de los Netherim y sus aliados. \u00a1Re\u00fana su ingenio y desaf\u00ede la frontera para encontrar fama, gloria y nuevas aventuras!<\/p>","protected":false},"featured_media":111089,"template":"","meta":{"_monsterinsights_skip_tracking":false,"_monsterinsights_sitenote_active":false,"_monsterinsights_sitenote_note":"","_monsterinsights_sitenote_category":0},"product_brand":[],"product_cat":[1501,2981,1271,1420,1283,1280,1273,1392,1394,1298,1425,1428,1423],"product_tag":[1526,2857,2858,2856,2855],"class_list":{"0":"post-110340","1":"product","2":"type-product","3":"status-publish","4":"has-post-thumbnail","6":"product_cat-tienda-de-videojuegos-ultimos-juegos-tijuana-mexico","7":"product_cat-destacados","8":"product_cat-tienda-de-videojuegos-tijuana-mexico","9":"product_cat-tienda-de-videojuegos-populares-tijuana-mexico","10":"product_cat-tienda-de-videojuegos-plataformas-tijuana-mexico","11":"product_cat-tienda-de-videojuegos-pc-tijuana-mexico","12":"product_cat-tienda-de-videojuegos-steam-key-tijuana-mexico","13":"product_cat-tienda-de-videojuegos-accion-tijuana-mexico","14":"product_cat-tienda-de-videojuegos-aventura-tijuana-mexico","15":"product_cat-tienda-de-videojuegos-rol-tijuana-mexico","16":"product_cat-tienda-de-videojuegos-acceso-anticipado-tijuana-mexico","17":"product_cat-tienda-de-videojuegos-cooperativos-tijuana-mexico","18":"product_cat-tienda-de-videojuegos-nuevos-lanzamientos-tijuana-mexico","19":"product_tag-steam","20":"product_tag-torchlight","21":"product_tag-torchlight-3","22":"product_tag-torchlight-iii","23":"product_tag-torchlight-iii-steam","25":"first","26":"instock","27":"shipping-taxable","28":"purchasable","29":"product-type-simple"},"yoast_head":"<!-- This site is optimized with the Yoast SEO plugin v27.0 - https:\/\/yoast.com\/product\/yoast-seo-wordpress\/ -->\n<title>Torchlight III Steam CD Key - MERCADOKEYS<\/title>\n<meta name=\"description\" content=\"Ha pasado un siglo desde los eventos de Torchlight II, y el Imperio Ember est\u00e1 en declive. En Torchlight III, Novastraia est\u00e1 nuevamente bajo amenaza\" \/>\n<meta name=\"robots\" content=\"index, follow, max-snippet:-1, max-image-preview:large, max-video-preview:-1\" \/>\n<link rel=\"canonical\" href=\"https:\/\/www.mercadokeys.com\/product\/torchlight-iii-pc-steam-cd-key\/\" \/>\n<meta property=\"og:locale\" content=\"en_GB\" \/>\n<meta property=\"og:type\" content=\"article\" \/>\n<meta property=\"og:title\" content=\"Torchlight III Steam CD Key - MERCADOKEYS\" \/>\n<meta property=\"og:description\" content=\"Ha pasado un siglo desde los eventos de Torchlight II, y el Imperio Ember est\u00e1 en declive. En Torchlight III, Novastraia est\u00e1 nuevamente bajo amenaza\" \/>\n<meta property=\"og:url\" content=\"https:\/\/www.mercadokeys.com\/product\/torchlight-iii-pc-steam-cd-key\/\" \/>\n<meta property=\"og:site_name\" content=\"MERCADOKEYS\" \/>\n<meta property=\"article:modified_time\" content=\"2022-06-29T13:09:19+00:00\" \/>\n<meta property=\"og:image\" content=\"https:\/\/www.mercadokeys.com\/wp-content\/uploads\/2021\/01\/Torchlight-III-PC-Steam-CD-Key.jpg\" \/>\n\t<meta property=\"og:image:width\" content=\"500\" \/>\n\t<meta property=\"og:image:height\" content=\"500\" \/>\n\t<meta property=\"og:image:type\" content=\"image\/jpeg\" \/>\n<meta name=\"twitter:card\" content=\"summary_large_image\" \/>\n<meta name=\"twitter:label1\" content=\"Estimated reading time\" \/>\n\t<meta name=\"twitter:data1\" content=\"1 minute\" \/>\n<script type=\"application\/ld+json\" class=\"yoast-schema-graph\">{\"@context\":\"https:\/\/schema.org\",\"@graph\":[{\"@type\":\"WebPage\",\"@id\":\"https:\/\/www.mercadokeys.com\/product\/torchlight-iii-pc-steam-cd-key\/\",\"url\":\"https:\/\/www.mercadokeys.com\/product\/torchlight-iii-pc-steam-cd-key\/\",\"name\":\"Torchlight III Steam CD Key - MERCADOKEYS\",\"isPartOf\":{\"@id\":\"https:\/\/www.mercadokeys.com\/eng\/#website\"},\"primaryImageOfPage\":{\"@id\":\"https:\/\/www.mercadokeys.com\/product\/torchlight-iii-pc-steam-cd-key\/#primaryimage\"},\"image\":{\"@id\":\"https:\/\/www.mercadokeys.com\/product\/torchlight-iii-pc-steam-cd-key\/#primaryimage\"},\"thumbnailUrl\":\"https:\/\/www.mercadokeys.com.mx\/wp-content\/uploads\/2021\/01\/Torchlight-III-PC-Steam-CD-Key.jpg\",\"datePublished\":\"2021-01-13T19:48:38+00:00\",\"dateModified\":\"2022-06-29T13:09:19+00:00\",\"description\":\"Ha pasado un siglo desde los eventos de Torchlight II, y el Imperio Ember est\u00e1 en declive. En Torchlight III, Novastraia est\u00e1 nuevamente bajo amenaza\",\"breadcrumb\":{\"@id\":\"https:\/\/www.mercadokeys.com\/product\/torchlight-iii-pc-steam-cd-key\/#breadcrumb\"},\"inLanguage\":\"en-GB\",\"potentialAction\":[{\"@type\":\"ReadAction\",\"target\":[\"https:\/\/www.mercadokeys.com\/product\/torchlight-iii-pc-steam-cd-key\/\"]}]},{\"@type\":\"ImageObject\",\"inLanguage\":\"en-GB\",\"@id\":\"https:\/\/www.mercadokeys.com\/product\/torchlight-iii-pc-steam-cd-key\/#primaryimage\",\"url\":\"https:\/\/www.mercadokeys.com.mx\/wp-content\/uploads\/2021\/01\/Torchlight-III-PC-Steam-CD-Key.jpg\",\"contentUrl\":\"https:\/\/www.mercadokeys.com.mx\/wp-content\/uploads\/2021\/01\/Torchlight-III-PC-Steam-CD-Key.jpg\",\"width\":500,\"height\":500,\"caption\":\"Ha pasado un siglo desde los eventos de Torchlight II, y el Imperio Ember est\u00e1 en declive. En Torchlight III, Novastraia est\u00e1 nuevamente bajo amenaza\"},{\"@type\":\"BreadcrumbList\",\"@id\":\"https:\/\/www.mercadokeys.com\/product\/torchlight-iii-pc-steam-cd-key\/#breadcrumb\",\"itemListElement\":[{\"@type\":\"ListItem\",\"position\":1,\"name\":\"Inicio\",\"item\":\"https:\/\/www.mercadokeys.com.mx\/\"},{\"@type\":\"ListItem\",\"position\":2,\"name\":\"Tienda\",\"item\":\"https:\/\/www.mercadokeys.com\/shop\/\"},{\"@type\":\"ListItem\",\"position\":3,\"name\":\"Torchlight III Steam CD Key\"}]},{\"@type\":\"WebSite\",\"@id\":\"https:\/\/www.mercadokeys.com\/eng\/#website\",\"url\":\"https:\/\/www.mercadokeys.com\/eng\/\",\"name\":\"MERCADOKEYS\",\"description\":\"Tu Tienda de videojuegos digitales en Mexico!\",\"potentialAction\":[{\"@type\":\"SearchAction\",\"target\":{\"@type\":\"EntryPoint\",\"urlTemplate\":\"https:\/\/www.mercadokeys.com\/eng\/?s={search_term_string}\"},\"query-input\":{\"@type\":\"PropertyValueSpecification\",\"valueRequired\":true,\"valueName\":\"search_term_string\"}}],\"inLanguage\":\"en-GB\"}]}<\/script>\n<!-- \/ Yoast SEO plugin. -->","yoast_head_json":{"title":"Torchlight III Steam CD Key - MERCADOKEYS","description":"Ha pasado un siglo desde los eventos de Torchlight II, y el Imperio Ember est\u00e1 en declive. En Torchlight III, Novastraia est\u00e1 nuevamente bajo amenaza","robots":{"index":"index","follow":"follow","max-snippet":"max-snippet:-1","max-image-preview":"max-image-preview:large","max-video-preview":"max-video-preview:-1"},"canonical":"https:\/\/www.mercadokeys.com\/product\/torchlight-iii-pc-steam-cd-key\/","og_locale":"en_GB","og_type":"article","og_title":"Torchlight III Steam CD Key - MERCADOKEYS","og_description":"Ha pasado un siglo desde los eventos de Torchlight II, y el Imperio Ember est\u00e1 en declive. En Torchlight III, Novastraia est\u00e1 nuevamente bajo amenaza","og_url":"https:\/\/www.mercadokeys.com\/product\/torchlight-iii-pc-steam-cd-key\/","og_site_name":"MERCADOKEYS","article_modified_time":"2022-06-29T13:09:19+00:00","og_image":[{"width":500,"height":500,"url":"https:\/\/www.mercadokeys.com\/wp-content\/uploads\/2021\/01\/Torchlight-III-PC-Steam-CD-Key.jpg","type":"image\/jpeg"}],"twitter_card":"summary_large_image","twitter_misc":{"Estimated reading time":"1 minute"},"schema":{"@context":"https:\/\/schema.org","@graph":[{"@type":"WebPage","@id":"https:\/\/www.mercadokeys.com\/product\/torchlight-iii-pc-steam-cd-key\/","url":"https:\/\/www.mercadokeys.com\/product\/torchlight-iii-pc-steam-cd-key\/","name":"Torchlight III Steam CD Key - MERCADOKEYS","isPartOf":{"@id":"https:\/\/www.mercadokeys.com\/eng\/#website"},"primaryImageOfPage":{"@id":"https:\/\/www.mercadokeys.com\/product\/torchlight-iii-pc-steam-cd-key\/#primaryimage"},"image":{"@id":"https:\/\/www.mercadokeys.com\/product\/torchlight-iii-pc-steam-cd-key\/#primaryimage"},"thumbnailUrl":"https:\/\/www.mercadokeys.com.mx\/wp-content\/uploads\/2021\/01\/Torchlight-III-PC-Steam-CD-Key.jpg","datePublished":"2021-01-13T19:48:38+00:00","dateModified":"2022-06-29T13:09:19+00:00","description":"Ha pasado un siglo desde los eventos de Torchlight II, y el Imperio Ember est\u00e1 en declive. En Torchlight III, Novastraia est\u00e1 nuevamente bajo amenaza","breadcrumb":{"@id":"https:\/\/www.mercadokeys.com\/product\/torchlight-iii-pc-steam-cd-key\/#breadcrumb"},"inLanguage":"en-GB","potentialAction":[{"@type":"ReadAction","target":["https:\/\/www.mercadokeys.com\/product\/torchlight-iii-pc-steam-cd-key\/"]}]},{"@type":"ImageObject","inLanguage":"en-GB","@id":"https:\/\/www.mercadokeys.com\/product\/torchlight-iii-pc-steam-cd-key\/#primaryimage","url":"https:\/\/www.mercadokeys.com.mx\/wp-content\/uploads\/2021\/01\/Torchlight-III-PC-Steam-CD-Key.jpg","contentUrl":"https:\/\/www.mercadokeys.com.mx\/wp-content\/uploads\/2021\/01\/Torchlight-III-PC-Steam-CD-Key.jpg","width":500,"height":500,"caption":"Ha pasado un siglo desde los eventos de Torchlight II, y el Imperio Ember est\u00e1 en declive. En Torchlight III, Novastraia est\u00e1 nuevamente bajo amenaza"},{"@type":"BreadcrumbList","@id":"https:\/\/www.mercadokeys.com\/product\/torchlight-iii-pc-steam-cd-key\/#breadcrumb","itemListElement":[{"@type":"ListItem","position":1,"name":"Inicio","item":"https:\/\/www.mercadokeys.com.mx\/"},{"@type":"ListItem","position":2,"name":"Tienda","item":"https:\/\/www.mercadokeys.com\/shop\/"},{"@type":"ListItem","position":3,"name":"Torchlight III Steam CD Key"}]},{"@type":"WebSite","@id":"https:\/\/www.mercadokeys.com\/eng\/#website","url":"https:\/\/www.mercadokeys.com\/eng\/","name":"MERCADOKEYS","description":"Tu Tienda de videojuegos digitales en Mexico!","potentialAction":[{"@type":"SearchAction","target":{"@type":"EntryPoint","urlTemplate":"https:\/\/www.mercadokeys.com\/eng\/?s={search_term_string}"},"query-input":{"@type":"PropertyValueSpecification","valueRequired":true,"valueName":"search_term_string"}}],"inLanguage":"en-GB"}]}},"df_price":1143.336894,"df_sale_price":1143.336894,"df_regular_price":1143.336894,"df_image_link":"https:\/\/www.mercadokeys.com.mx\/wp-content\/uploads\/2021\/01\/Torchlight-III-PC-Steam-CD-Key-300x300.jpg","_links":{"self":[{"href":"https:\/\/www.mercadokeys.com.mx\/eng\/wp-json\/wp\/v2\/product\/110340","targetHints":{"allow":["GET"]}}],"collection":[{"href":"https:\/\/www.mercadokeys.com.mx\/eng\/wp-json\/wp\/v2\/product"}],"about":[{"href":"https:\/\/www.mercadokeys.com.mx\/eng\/wp-json\/wp\/v2\/types\/product"}],"wp:featuredmedia":[{"embeddable":true,"href":"https:\/\/www.mercadokeys.com.mx\/eng\/wp-json\/wp\/v2\/media\/111089"}],"wp:attachment":[{"href":"https:\/\/www.mercadokeys.com.mx\/eng\/wp-json\/wp\/v2\/media?parent=110340"}],"wp:term":[{"taxonomy":"product_brand","embeddable":true,"href":"https:\/\/www.mercadokeys.com.mx\/eng\/wp-json\/wp\/v2\/product_brand?post=110340"},{"taxonomy":"product_cat","embeddable":true,"href":"https:\/\/www.mercadokeys.com.mx\/eng\/wp-json\/wp\/v2\/product_cat?post=110340"},{"taxonomy":"product_tag","embeddable":true,"href":"https:\/\/www.mercadokeys.com.mx\/eng\/wp-json\/wp\/v2\/product_tag?post=110340"}],"curies":[{"name":"wp","href":"https:\/\/api.w.org\/{rel}","templated":true}]}}