{"id":110303,"date":"2021-01-12T01:05:47","date_gmt":"2021-01-12T09:05:47","guid":{"rendered":"https:\/\/www.mercadokeys.com\/product\/dungeon-defenders-awakened-steam-key-global\/"},"modified":"2022-06-29T06:07:59","modified_gmt":"2022-06-29T13:07:59","slug":"dungeon-defenders-awakened-steam-cd-key","status":"publish","type":"product","link":"https:\/\/www.mercadokeys.com.mx\/eng\/product\/dungeon-defenders-awakened-steam-cd-key\/","title":{"rendered":"Dungeon Defenders: Awakened Steam CD Key"},"content":{"rendered":"<p><span style=\"vertical-align: inherit\">\u00a1As\u00ed es, ha vuelto! La franquicia Dungeon Defenders finalmente est\u00e1 haciendo su glorioso regreso con\u00a0 <\/span><strong><span style=\"vertical-align: inherit\">Dungeon Defenders: Awakened<\/span><\/strong><span style=\"vertical-align: inherit\"> \u00a0from Chromatic Games. <\/span><\/p>\n<p><span style=\"vertical-align: inherit\">Dungeon Defenders: Awakened es un juego cooperativo de acci\u00f3n RPG \/ Tower Defense que trae bot\u00edn, nivelaci\u00f3n, mascotas y personalizaci\u00f3n de personajes a una legendaria experiencia cooperativa para 4 jugadores. <\/span><\/p>\n<p><span style=\"vertical-align: inherit\">\u00a1El pasado ha cambiado! Elige a tu h\u00e9roe y construye una defensa \u00e9pica para luchar contra hordas de enemigos mientras te lanzas a la refriega para proteger a Etheria. \u00a1\u00danete a hasta cuatro jugadores a medida que subes de nivel, reclama un bot\u00edn legendario y enfr\u00e9ntate a los ej\u00e9rcitos de enemigos que te esperan!<\/span><\/p>","protected":false},"excerpt":{"rendered":"<p>\u00a1As\u00ed es, ha vuelto! La franquicia Dungeon Defenders finalmente est\u00e1 haciendo su glorioso regreso con\u00a0 Dungeon Defenders: Awakened \u00a0from Chromatic Games. Dungeon Defenders: Awakened es un juego cooperativo de acci\u00f3n RPG \/ Tower Defense que trae bot\u00edn, nivelaci\u00f3n, mascotas y personalizaci\u00f3n de personajes a una legendaria experiencia cooperativa para 4 jugadores. \u00a1El pasado ha cambiado!&#8230;<\/p>","protected":false},"featured_media":111349,"template":"","meta":{"_monsterinsights_skip_tracking":false,"_monsterinsights_sitenote_active":false,"_monsterinsights_sitenote_note":"","_monsterinsights_sitenote_category":0},"product_brand":[],"product_cat":[1501,2981,1271,1283,1280,1273,1392,1394,1393,1401,1298,1425,1423],"product_tag":[2922,2921,2923,1526],"class_list":{"0":"post-110303","1":"product","2":"type-product","3":"status-publish","4":"has-post-thumbnail","6":"product_cat-tienda-de-videojuegos-ultimos-juegos-tijuana-mexico","7":"product_cat-destacados","8":"product_cat-tienda-de-videojuegos-tijuana-mexico","9":"product_cat-tienda-de-videojuegos-plataformas-tijuana-mexico","10":"product_cat-tienda-de-videojuegos-pc-tijuana-mexico","11":"product_cat-tienda-de-videojuegos-steam-key-tijuana-mexico","12":"product_cat-tienda-de-videojuegos-accion-tijuana-mexico","13":"product_cat-tienda-de-videojuegos-aventura-tijuana-mexico","14":"product_cat-tienda-de-videojuegos-indie-tijuana-mexico","15":"product_cat-tienda-de-videojuegos-estrategia-tijuana-mexico","16":"product_cat-tienda-de-videojuegos-rol-tijuana-mexico","17":"product_cat-tienda-de-videojuegos-acceso-anticipado-tijuana-mexico","18":"product_cat-tienda-de-videojuegos-nuevos-lanzamientos-tijuana-mexico","19":"product_tag-dungeon-defenders","20":"product_tag-dungeon-defenders-awakened","21":"product_tag-dungeon-defenders-awakened-steam","22":"product_tag-steam","24":"first","25":"instock","26":"shipping-taxable","27":"purchasable","28":"product-type-simple"},"yoast_head":"<!-- This site is optimized with the Yoast SEO plugin v27.0 - https:\/\/yoast.com\/product\/yoast-seo-wordpress\/ -->\n<title>Dungeon Defenders: Awakened Steam CD Key - MERCADOKEYS<\/title>\n<meta name=\"description\" content=\"Dungeon Defenders: Awakened es un juego cooperativo de acci\u00f3n RPG \/ Tower Defense que trae bot\u00edn, nivelaci\u00f3n, mascotas y personalizaci\u00f3n\" \/>\n<meta name=\"robots\" content=\"index, follow, max-snippet:-1, max-image-preview:large, max-video-preview:-1\" \/>\n<link rel=\"canonical\" href=\"https:\/\/www.mercadokeys.com\/product\/dungeon-defenders-awakened-steam-cd-key\/\" \/>\n<meta property=\"og:locale\" content=\"en_GB\" \/>\n<meta property=\"og:type\" content=\"article\" \/>\n<meta property=\"og:title\" content=\"Dungeon Defenders: Awakened Steam CD Key - MERCADOKEYS\" \/>\n<meta property=\"og:description\" content=\"Dungeon Defenders: Awakened es un juego cooperativo de acci\u00f3n RPG \/ Tower Defense que trae bot\u00edn, nivelaci\u00f3n, mascotas y personalizaci\u00f3n\" \/>\n<meta property=\"og:url\" content=\"https:\/\/www.mercadokeys.com\/product\/dungeon-defenders-awakened-steam-cd-key\/\" \/>\n<meta property=\"og:site_name\" content=\"MERCADOKEYS\" \/>\n<meta property=\"article:modified_time\" content=\"2022-06-29T13:07:59+00:00\" \/>\n<meta property=\"og:image\" content=\"https:\/\/www.mercadokeys.com\/wp-content\/uploads\/2021\/01\/Dungeon-Defenders-Awakened-Steam-CD-Key.jpg\" \/>\n\t<meta property=\"og:image:width\" content=\"500\" \/>\n\t<meta property=\"og:image:height\" content=\"500\" \/>\n\t<meta property=\"og:image:type\" content=\"image\/jpeg\" \/>\n<meta name=\"twitter:card\" content=\"summary_large_image\" \/>\n<meta name=\"twitter:label1\" content=\"Estimated reading time\" \/>\n\t<meta name=\"twitter:data1\" content=\"1 minute\" \/>\n<script type=\"application\/ld+json\" class=\"yoast-schema-graph\">{\"@context\":\"https:\/\/schema.org\",\"@graph\":[{\"@type\":\"WebPage\",\"@id\":\"https:\/\/www.mercadokeys.com\/product\/dungeon-defenders-awakened-steam-cd-key\/\",\"url\":\"https:\/\/www.mercadokeys.com\/product\/dungeon-defenders-awakened-steam-cd-key\/\",\"name\":\"Dungeon Defenders: Awakened Steam CD Key - MERCADOKEYS\",\"isPartOf\":{\"@id\":\"https:\/\/www.mercadokeys.com\/eng\/#website\"},\"primaryImageOfPage\":{\"@id\":\"https:\/\/www.mercadokeys.com\/product\/dungeon-defenders-awakened-steam-cd-key\/#primaryimage\"},\"image\":{\"@id\":\"https:\/\/www.mercadokeys.com\/product\/dungeon-defenders-awakened-steam-cd-key\/#primaryimage\"},\"thumbnailUrl\":\"https:\/\/www.mercadokeys.com.mx\/wp-content\/uploads\/2021\/01\/Dungeon-Defenders-Awakened-Steam-CD-Key.jpg\",\"datePublished\":\"2021-01-12T09:05:47+00:00\",\"dateModified\":\"2022-06-29T13:07:59+00:00\",\"description\":\"Dungeon Defenders: Awakened es un juego cooperativo de acci\u00f3n RPG \/ Tower Defense que trae bot\u00edn, nivelaci\u00f3n, mascotas y personalizaci\u00f3n\",\"breadcrumb\":{\"@id\":\"https:\/\/www.mercadokeys.com\/product\/dungeon-defenders-awakened-steam-cd-key\/#breadcrumb\"},\"inLanguage\":\"en-GB\",\"potentialAction\":[{\"@type\":\"ReadAction\",\"target\":[\"https:\/\/www.mercadokeys.com\/product\/dungeon-defenders-awakened-steam-cd-key\/\"]}]},{\"@type\":\"ImageObject\",\"inLanguage\":\"en-GB\",\"@id\":\"https:\/\/www.mercadokeys.com\/product\/dungeon-defenders-awakened-steam-cd-key\/#primaryimage\",\"url\":\"https:\/\/www.mercadokeys.com.mx\/wp-content\/uploads\/2021\/01\/Dungeon-Defenders-Awakened-Steam-CD-Key.jpg\",\"contentUrl\":\"https:\/\/www.mercadokeys.com.mx\/wp-content\/uploads\/2021\/01\/Dungeon-Defenders-Awakened-Steam-CD-Key.jpg\",\"width\":500,\"height\":500,\"caption\":\"Dungeon Defenders: Awakened es un juego cooperativo de acci\u00f3n RPG \/ Tower Defense que trae bot\u00edn, nivelaci\u00f3n, mascotas y personalizaci\u00f3n\"},{\"@type\":\"BreadcrumbList\",\"@id\":\"https:\/\/www.mercadokeys.com\/product\/dungeon-defenders-awakened-steam-cd-key\/#breadcrumb\",\"itemListElement\":[{\"@type\":\"ListItem\",\"position\":1,\"name\":\"Inicio\",\"item\":\"https:\/\/www.mercadokeys.com.mx\/\"},{\"@type\":\"ListItem\",\"position\":2,\"name\":\"Tienda\",\"item\":\"https:\/\/www.mercadokeys.com\/shop\/\"},{\"@type\":\"ListItem\",\"position\":3,\"name\":\"Dungeon Defenders: Awakened Steam CD Key\"}]},{\"@type\":\"WebSite\",\"@id\":\"https:\/\/www.mercadokeys.com\/eng\/#website\",\"url\":\"https:\/\/www.mercadokeys.com\/eng\/\",\"name\":\"MERCADOKEYS\",\"description\":\"Tu Tienda de videojuegos digitales en Mexico!\",\"potentialAction\":[{\"@type\":\"SearchAction\",\"target\":{\"@type\":\"EntryPoint\",\"urlTemplate\":\"https:\/\/www.mercadokeys.com\/eng\/?s={search_term_string}\"},\"query-input\":{\"@type\":\"PropertyValueSpecification\",\"valueRequired\":true,\"valueName\":\"search_term_string\"}}],\"inLanguage\":\"en-GB\"}]}<\/script>\n<!-- \/ Yoast SEO plugin. -->","yoast_head_json":{"title":"Dungeon Defenders: Awakened Steam CD Key - MERCADOKEYS","description":"Dungeon Defenders: Awakened es un juego cooperativo de acci\u00f3n RPG \/ Tower Defense que trae bot\u00edn, nivelaci\u00f3n, mascotas y personalizaci\u00f3n","robots":{"index":"index","follow":"follow","max-snippet":"max-snippet:-1","max-image-preview":"max-image-preview:large","max-video-preview":"max-video-preview:-1"},"canonical":"https:\/\/www.mercadokeys.com\/product\/dungeon-defenders-awakened-steam-cd-key\/","og_locale":"en_GB","og_type":"article","og_title":"Dungeon Defenders: Awakened Steam CD Key - MERCADOKEYS","og_description":"Dungeon Defenders: Awakened es un juego cooperativo de acci\u00f3n RPG \/ Tower Defense que trae bot\u00edn, nivelaci\u00f3n, mascotas y personalizaci\u00f3n","og_url":"https:\/\/www.mercadokeys.com\/product\/dungeon-defenders-awakened-steam-cd-key\/","og_site_name":"MERCADOKEYS","article_modified_time":"2022-06-29T13:07:59+00:00","og_image":[{"width":500,"height":500,"url":"https:\/\/www.mercadokeys.com\/wp-content\/uploads\/2021\/01\/Dungeon-Defenders-Awakened-Steam-CD-Key.jpg","type":"image\/jpeg"}],"twitter_card":"summary_large_image","twitter_misc":{"Estimated reading time":"1 minute"},"schema":{"@context":"https:\/\/schema.org","@graph":[{"@type":"WebPage","@id":"https:\/\/www.mercadokeys.com\/product\/dungeon-defenders-awakened-steam-cd-key\/","url":"https:\/\/www.mercadokeys.com\/product\/dungeon-defenders-awakened-steam-cd-key\/","name":"Dungeon Defenders: Awakened Steam CD Key - MERCADOKEYS","isPartOf":{"@id":"https:\/\/www.mercadokeys.com\/eng\/#website"},"primaryImageOfPage":{"@id":"https:\/\/www.mercadokeys.com\/product\/dungeon-defenders-awakened-steam-cd-key\/#primaryimage"},"image":{"@id":"https:\/\/www.mercadokeys.com\/product\/dungeon-defenders-awakened-steam-cd-key\/#primaryimage"},"thumbnailUrl":"https:\/\/www.mercadokeys.com.mx\/wp-content\/uploads\/2021\/01\/Dungeon-Defenders-Awakened-Steam-CD-Key.jpg","datePublished":"2021-01-12T09:05:47+00:00","dateModified":"2022-06-29T13:07:59+00:00","description":"Dungeon Defenders: Awakened es un juego cooperativo de acci\u00f3n RPG \/ Tower Defense que trae bot\u00edn, nivelaci\u00f3n, mascotas y personalizaci\u00f3n","breadcrumb":{"@id":"https:\/\/www.mercadokeys.com\/product\/dungeon-defenders-awakened-steam-cd-key\/#breadcrumb"},"inLanguage":"en-GB","potentialAction":[{"@type":"ReadAction","target":["https:\/\/www.mercadokeys.com\/product\/dungeon-defenders-awakened-steam-cd-key\/"]}]},{"@type":"ImageObject","inLanguage":"en-GB","@id":"https:\/\/www.mercadokeys.com\/product\/dungeon-defenders-awakened-steam-cd-key\/#primaryimage","url":"https:\/\/www.mercadokeys.com.mx\/wp-content\/uploads\/2021\/01\/Dungeon-Defenders-Awakened-Steam-CD-Key.jpg","contentUrl":"https:\/\/www.mercadokeys.com.mx\/wp-content\/uploads\/2021\/01\/Dungeon-Defenders-Awakened-Steam-CD-Key.jpg","width":500,"height":500,"caption":"Dungeon Defenders: Awakened es un juego cooperativo de acci\u00f3n RPG \/ Tower Defense que trae bot\u00edn, nivelaci\u00f3n, mascotas y personalizaci\u00f3n"},{"@type":"BreadcrumbList","@id":"https:\/\/www.mercadokeys.com\/product\/dungeon-defenders-awakened-steam-cd-key\/#breadcrumb","itemListElement":[{"@type":"ListItem","position":1,"name":"Inicio","item":"https:\/\/www.mercadokeys.com.mx\/"},{"@type":"ListItem","position":2,"name":"Tienda","item":"https:\/\/www.mercadokeys.com\/shop\/"},{"@type":"ListItem","position":3,"name":"Dungeon Defenders: Awakened Steam CD Key"}]},{"@type":"WebSite","@id":"https:\/\/www.mercadokeys.com\/eng\/#website","url":"https:\/\/www.mercadokeys.com\/eng\/","name":"MERCADOKEYS","description":"Tu Tienda de videojuegos digitales en Mexico!","potentialAction":[{"@type":"SearchAction","target":{"@type":"EntryPoint","urlTemplate":"https:\/\/www.mercadokeys.com\/eng\/?s={search_term_string}"},"query-input":{"@type":"PropertyValueSpecification","valueRequired":true,"valueName":"search_term_string"}}],"inLanguage":"en-GB"}]}},"df_price":523.779242,"df_sale_price":523.779242,"df_regular_price":523.779242,"df_image_link":"https:\/\/www.mercadokeys.com.mx\/wp-content\/uploads\/2021\/01\/Dungeon-Defenders-Awakened-Steam-CD-Key-300x300.jpg","_links":{"self":[{"href":"https:\/\/www.mercadokeys.com.mx\/eng\/wp-json\/wp\/v2\/product\/110303","targetHints":{"allow":["GET"]}}],"collection":[{"href":"https:\/\/www.mercadokeys.com.mx\/eng\/wp-json\/wp\/v2\/product"}],"about":[{"href":"https:\/\/www.mercadokeys.com.mx\/eng\/wp-json\/wp\/v2\/types\/product"}],"wp:featuredmedia":[{"embeddable":true,"href":"https:\/\/www.mercadokeys.com.mx\/eng\/wp-json\/wp\/v2\/media\/111349"}],"wp:attachment":[{"href":"https:\/\/www.mercadokeys.com.mx\/eng\/wp-json\/wp\/v2\/media?parent=110303"}],"wp:term":[{"taxonomy":"product_brand","embeddable":true,"href":"https:\/\/www.mercadokeys.com.mx\/eng\/wp-json\/wp\/v2\/product_brand?post=110303"},{"taxonomy":"product_cat","embeddable":true,"href":"https:\/\/www.mercadokeys.com.mx\/eng\/wp-json\/wp\/v2\/product_cat?post=110303"},{"taxonomy":"product_tag","embeddable":true,"href":"https:\/\/www.mercadokeys.com.mx\/eng\/wp-json\/wp\/v2\/product_tag?post=110303"}],"curies":[{"name":"wp","href":"https:\/\/api.w.org\/{rel}","templated":true}]}}