{"id":110199,"date":"2021-01-09T14:58:33","date_gmt":"2021-01-09T22:58:33","guid":{"rendered":"https:\/\/www.mercadokeys.com\/product\/red-dead-redemption-2-ultimate-edition-rockstar-digital-download-cd-key\/"},"modified":"2023-10-15T05:37:28","modified_gmt":"2023-10-15T12:37:28","slug":"red-dead-redemption-2-ultimate-edition-rockstar-digital-download-cd-key","status":"publish","type":"product","link":"https:\/\/www.mercadokeys.com.mx\/eng\/product\/red-dead-redemption-2-ultimate-edition-rockstar-digital-download-cd-key\/","title":{"rendered":"Red Dead Redemption 2 Ultimate Edition Rockstar Digital Download CD Key"},"content":{"rendered":"<p>Por su parte, esta edici\u00f3n incluye Red Dead Redemption 2: Story Mode, Red Dead Online, adem\u00e1s de todo el contenido de las ediciones especial y definitiva. Ganador de m\u00e1s de 175 premios al Juego del a\u00f1o y m\u00e1s de 250 puntuaciones perfectas. Red Dead Redemption 2 es una historia \u00e9pica de honor y lealtad en los albores de la era moderna.<\/p>\n<p>America, 1899. Arthur Morgan y la banda de Van der Linde son forajidos en fuga. Con agentes federales y los mejores cazarrecompensas de la naci\u00f3n pis\u00e1ndoles los talones, la pandilla debe robar, robar y abrirse camino a trav\u00e9s del accidentado coraz\u00f3n de Estados Unidos para sobrevivir. Mientras las divisiones internas cada vez m\u00e1s profundas amenazan con destrozar a la pandilla. Arthur debe elegir entre sus propios ideales y la lealtad a la pandilla que lo cri\u00f3.<\/p>\n<p>Red Dead Redemption 2 tambi\u00e9n incluye el mundo de vida compartido de Red Dead Online: forja tu propio camino mientras luchas contra agentes de la ley, bandas de forajidos y feroces animales salvajes para construir una vida en la frontera estadounidense. Construye un campamento, viaja solo o forma un grupo y explora todo, desde las monta\u00f1as nevadas del norte hasta los pantanos del sur. Desde puestos de avanzada remotos hasta granjas ocupadas y ciudades bulliciosas. Del mismo modo, persigue recompensas, caza, pesca y comercia, busca tesoros ex\u00f3ticos. Del mismo modo, dirige tu propia destiler\u00eda subterr\u00e1nea Moonshine o convi\u00e9rtete en un naturalista para aprender los secretos del reino animal y mucho m\u00e1s en un mundo de asombrosa profundidad y detalle.<\/p>\n<p>Red Dead Redemption 2; Ultimate Edition ofrece todo el contenido del modo historia de la edici\u00f3n especial m\u00e1s bonificaciones adicionales para Red Dead Online.<\/p>","protected":false},"excerpt":{"rendered":"<p>Por su parte, esta edici\u00f3n incluye Red Dead Redemption 2: Story Mode, Red Dead Online, adem\u00e1s de todo el contenido de las ediciones especial y definitiva. Ganador de m\u00e1s de 175 premios al Juego del a\u00f1o y m\u00e1s de 250 puntuaciones perfectas. Red Dead Redemption 2 es una historia \u00e9pica de honor y lealtad en&#8230;<\/p>","protected":false},"featured_media":116213,"template":"","meta":{"_monsterinsights_skip_tracking":false,"_monsterinsights_sitenote_active":false,"_monsterinsights_sitenote_note":"","_monsterinsights_sitenote_category":0},"product_brand":[],"product_cat":[1501,2981,3596,1271,1280,1273,1405,1427,1424],"product_tag":[2299,2298,2297,2296,2295],"class_list":{"0":"post-110199","1":"product","2":"type-product","3":"status-publish","4":"has-post-thumbnail","6":"product_cat-tienda-de-videojuegos-ultimos-juegos-tijuana-mexico","7":"product_cat-destacados","8":"product_cat-tienda-de-videojuegos-steam-recomendados-en-tijuana-mexico","9":"product_cat-tienda-de-videojuegos-tijuana-mexico","10":"product_cat-tienda-de-videojuegos-pc-tijuana-mexico","11":"product_cat-tienda-de-videojuegos-steam-key-tijuana-mexico","12":"product_cat-tienda-de-videojuegos-rpg-tijuana-mexico","13":"product_cat-tienda-de-videojuegos-juegos-para-mando-tijuana-mexico","14":"product_cat-tienda-de-videojuegos-lo-mas-jugados-tijuana-mexico","15":"product_tag-red-dead-redemption","16":"product_tag-red-dead-redemption-2","17":"product_tag-red-dead-redemption-2-ultimate-edition","18":"product_tag-red-dead-redemption-2-ultimate-edition-rockstar","19":"product_tag-red-dead-redemption-2-ultimate-edition-rockstar-digital-download","21":"first","22":"instock","23":"shipping-taxable","24":"purchasable","25":"product-type-simple"},"yoast_head":"<!-- This site is optimized with the Yoast SEO plugin v27.0 - https:\/\/yoast.com\/product\/yoast-seo-wordpress\/ -->\n<title>Red Dead Redemption 2 Ultimate Edition Rockstar Digital Download CD Key - MERCADOKEYS<\/title>\n<meta name=\"description\" content=\"Red Dead Redemption 2 tambi\u00e9n incluye el mundo de vida compartido de Red Dead Online: forja tu propio camino mientras luchas contra agentes de la ley\" \/>\n<meta name=\"robots\" content=\"index, follow, max-snippet:-1, max-image-preview:large, max-video-preview:-1\" \/>\n<link rel=\"canonical\" href=\"https:\/\/www.mercadokeys.com\/product\/red-dead-redemption-2-ultimate-edition-rockstar-digital-download-cd-key\/\" \/>\n<meta property=\"og:locale\" content=\"en_GB\" \/>\n<meta property=\"og:type\" content=\"article\" \/>\n<meta property=\"og:title\" content=\"Red Dead Redemption 2 Ultimate Edition Rockstar Digital Download CD Key - MERCADOKEYS\" \/>\n<meta property=\"og:description\" content=\"Red Dead Redemption 2 tambi\u00e9n incluye el mundo de vida compartido de Red Dead Online: forja tu propio camino mientras luchas contra agentes de la ley\" \/>\n<meta property=\"og:url\" content=\"https:\/\/www.mercadokeys.com\/product\/red-dead-redemption-2-ultimate-edition-rockstar-digital-download-cd-key\/\" \/>\n<meta property=\"og:site_name\" content=\"MERCADOKEYS\" \/>\n<meta property=\"article:modified_time\" content=\"2023-10-15T12:37:28+00:00\" \/>\n<meta property=\"og:image\" content=\"https:\/\/www.mercadokeys.com\/wp-content\/uploads\/2021\/01\/Red-Dead-Redemption-2-Ultimate-Edition-Rockstar-Digital-Download-CD-Key-1.jpg\" \/>\n\t<meta property=\"og:image:width\" content=\"600\" \/>\n\t<meta property=\"og:image:height\" content=\"900\" \/>\n\t<meta property=\"og:image:type\" content=\"image\/jpeg\" \/>\n<meta name=\"twitter:card\" content=\"summary_large_image\" \/>\n<meta name=\"twitter:label1\" content=\"Estimated reading time\" \/>\n\t<meta name=\"twitter:data1\" content=\"2 minutes\" \/>\n<script type=\"application\/ld+json\" class=\"yoast-schema-graph\">{\"@context\":\"https:\/\/schema.org\",\"@graph\":[{\"@type\":\"WebPage\",\"@id\":\"https:\/\/www.mercadokeys.com\/product\/red-dead-redemption-2-ultimate-edition-rockstar-digital-download-cd-key\/\",\"url\":\"https:\/\/www.mercadokeys.com\/product\/red-dead-redemption-2-ultimate-edition-rockstar-digital-download-cd-key\/\",\"name\":\"Red Dead Redemption 2 Ultimate Edition Rockstar Digital Download CD Key - MERCADOKEYS\",\"isPartOf\":{\"@id\":\"https:\/\/www.mercadokeys.com\/eng\/#website\"},\"primaryImageOfPage\":{\"@id\":\"https:\/\/www.mercadokeys.com\/product\/red-dead-redemption-2-ultimate-edition-rockstar-digital-download-cd-key\/#primaryimage\"},\"image\":{\"@id\":\"https:\/\/www.mercadokeys.com\/product\/red-dead-redemption-2-ultimate-edition-rockstar-digital-download-cd-key\/#primaryimage\"},\"thumbnailUrl\":\"https:\/\/www.mercadokeys.com.mx\/wp-content\/uploads\/2021\/01\/Red-Dead-Redemption-2-Ultimate-Edition-Rockstar-Digital-Download-CD-Key-1.jpg\",\"datePublished\":\"2021-01-09T22:58:33+00:00\",\"dateModified\":\"2023-10-15T12:37:28+00:00\",\"description\":\"Red Dead Redemption 2 tambi\u00e9n incluye el mundo de vida compartido de Red Dead Online: forja tu propio camino mientras luchas contra agentes de la ley\",\"breadcrumb\":{\"@id\":\"https:\/\/www.mercadokeys.com\/product\/red-dead-redemption-2-ultimate-edition-rockstar-digital-download-cd-key\/#breadcrumb\"},\"inLanguage\":\"en-GB\",\"potentialAction\":[{\"@type\":\"ReadAction\",\"target\":[\"https:\/\/www.mercadokeys.com\/product\/red-dead-redemption-2-ultimate-edition-rockstar-digital-download-cd-key\/\"]}]},{\"@type\":\"ImageObject\",\"inLanguage\":\"en-GB\",\"@id\":\"https:\/\/www.mercadokeys.com\/product\/red-dead-redemption-2-ultimate-edition-rockstar-digital-download-cd-key\/#primaryimage\",\"url\":\"https:\/\/www.mercadokeys.com.mx\/wp-content\/uploads\/2021\/01\/Red-Dead-Redemption-2-Ultimate-Edition-Rockstar-Digital-Download-CD-Key-1.jpg\",\"contentUrl\":\"https:\/\/www.mercadokeys.com.mx\/wp-content\/uploads\/2021\/01\/Red-Dead-Redemption-2-Ultimate-Edition-Rockstar-Digital-Download-CD-Key-1.jpg\",\"width\":600,\"height\":900,\"caption\":\"Red Dead Redemption 2 Ultimate Edition Rockstar Digital Download CD Key\"},{\"@type\":\"BreadcrumbList\",\"@id\":\"https:\/\/www.mercadokeys.com\/product\/red-dead-redemption-2-ultimate-edition-rockstar-digital-download-cd-key\/#breadcrumb\",\"itemListElement\":[{\"@type\":\"ListItem\",\"position\":1,\"name\":\"Inicio\",\"item\":\"https:\/\/www.mercadokeys.com.mx\/\"},{\"@type\":\"ListItem\",\"position\":2,\"name\":\"Tienda\",\"item\":\"https:\/\/www.mercadokeys.com\/shop\/\"},{\"@type\":\"ListItem\",\"position\":3,\"name\":\"Red Dead Redemption 2 Ultimate Edition Rockstar Digital Download CD Key\"}]},{\"@type\":\"WebSite\",\"@id\":\"https:\/\/www.mercadokeys.com\/eng\/#website\",\"url\":\"https:\/\/www.mercadokeys.com\/eng\/\",\"name\":\"MERCADOKEYS\",\"description\":\"Tu Tienda de videojuegos digitales en Mexico!\",\"potentialAction\":[{\"@type\":\"SearchAction\",\"target\":{\"@type\":\"EntryPoint\",\"urlTemplate\":\"https:\/\/www.mercadokeys.com\/eng\/?s={search_term_string}\"},\"query-input\":{\"@type\":\"PropertyValueSpecification\",\"valueRequired\":true,\"valueName\":\"search_term_string\"}}],\"inLanguage\":\"en-GB\"}]}<\/script>\n<!-- \/ Yoast SEO plugin. -->","yoast_head_json":{"title":"Red Dead Redemption 2 Ultimate Edition Rockstar Digital Download CD Key - MERCADOKEYS","description":"Red Dead Redemption 2 tambi\u00e9n incluye el mundo de vida compartido de Red Dead Online: forja tu propio camino mientras luchas contra agentes de la ley","robots":{"index":"index","follow":"follow","max-snippet":"max-snippet:-1","max-image-preview":"max-image-preview:large","max-video-preview":"max-video-preview:-1"},"canonical":"https:\/\/www.mercadokeys.com\/product\/red-dead-redemption-2-ultimate-edition-rockstar-digital-download-cd-key\/","og_locale":"en_GB","og_type":"article","og_title":"Red Dead Redemption 2 Ultimate Edition Rockstar Digital Download CD Key - MERCADOKEYS","og_description":"Red Dead Redemption 2 tambi\u00e9n incluye el mundo de vida compartido de Red Dead Online: forja tu propio camino mientras luchas contra agentes de la ley","og_url":"https:\/\/www.mercadokeys.com\/product\/red-dead-redemption-2-ultimate-edition-rockstar-digital-download-cd-key\/","og_site_name":"MERCADOKEYS","article_modified_time":"2023-10-15T12:37:28+00:00","og_image":[{"width":600,"height":900,"url":"https:\/\/www.mercadokeys.com\/wp-content\/uploads\/2021\/01\/Red-Dead-Redemption-2-Ultimate-Edition-Rockstar-Digital-Download-CD-Key-1.jpg","type":"image\/jpeg"}],"twitter_card":"summary_large_image","twitter_misc":{"Estimated reading time":"2 minutes"},"schema":{"@context":"https:\/\/schema.org","@graph":[{"@type":"WebPage","@id":"https:\/\/www.mercadokeys.com\/product\/red-dead-redemption-2-ultimate-edition-rockstar-digital-download-cd-key\/","url":"https:\/\/www.mercadokeys.com\/product\/red-dead-redemption-2-ultimate-edition-rockstar-digital-download-cd-key\/","name":"Red Dead Redemption 2 Ultimate Edition Rockstar Digital Download CD Key - MERCADOKEYS","isPartOf":{"@id":"https:\/\/www.mercadokeys.com\/eng\/#website"},"primaryImageOfPage":{"@id":"https:\/\/www.mercadokeys.com\/product\/red-dead-redemption-2-ultimate-edition-rockstar-digital-download-cd-key\/#primaryimage"},"image":{"@id":"https:\/\/www.mercadokeys.com\/product\/red-dead-redemption-2-ultimate-edition-rockstar-digital-download-cd-key\/#primaryimage"},"thumbnailUrl":"https:\/\/www.mercadokeys.com.mx\/wp-content\/uploads\/2021\/01\/Red-Dead-Redemption-2-Ultimate-Edition-Rockstar-Digital-Download-CD-Key-1.jpg","datePublished":"2021-01-09T22:58:33+00:00","dateModified":"2023-10-15T12:37:28+00:00","description":"Red Dead Redemption 2 tambi\u00e9n incluye el mundo de vida compartido de Red Dead Online: forja tu propio camino mientras luchas contra agentes de la ley","breadcrumb":{"@id":"https:\/\/www.mercadokeys.com\/product\/red-dead-redemption-2-ultimate-edition-rockstar-digital-download-cd-key\/#breadcrumb"},"inLanguage":"en-GB","potentialAction":[{"@type":"ReadAction","target":["https:\/\/www.mercadokeys.com\/product\/red-dead-redemption-2-ultimate-edition-rockstar-digital-download-cd-key\/"]}]},{"@type":"ImageObject","inLanguage":"en-GB","@id":"https:\/\/www.mercadokeys.com\/product\/red-dead-redemption-2-ultimate-edition-rockstar-digital-download-cd-key\/#primaryimage","url":"https:\/\/www.mercadokeys.com.mx\/wp-content\/uploads\/2021\/01\/Red-Dead-Redemption-2-Ultimate-Edition-Rockstar-Digital-Download-CD-Key-1.jpg","contentUrl":"https:\/\/www.mercadokeys.com.mx\/wp-content\/uploads\/2021\/01\/Red-Dead-Redemption-2-Ultimate-Edition-Rockstar-Digital-Download-CD-Key-1.jpg","width":600,"height":900,"caption":"Red Dead Redemption 2 Ultimate Edition Rockstar Digital Download CD Key"},{"@type":"BreadcrumbList","@id":"https:\/\/www.mercadokeys.com\/product\/red-dead-redemption-2-ultimate-edition-rockstar-digital-download-cd-key\/#breadcrumb","itemListElement":[{"@type":"ListItem","position":1,"name":"Inicio","item":"https:\/\/www.mercadokeys.com.mx\/"},{"@type":"ListItem","position":2,"name":"Tienda","item":"https:\/\/www.mercadokeys.com\/shop\/"},{"@type":"ListItem","position":3,"name":"Red Dead Redemption 2 Ultimate Edition Rockstar Digital Download CD Key"}]},{"@type":"WebSite","@id":"https:\/\/www.mercadokeys.com\/eng\/#website","url":"https:\/\/www.mercadokeys.com\/eng\/","name":"MERCADOKEYS","description":"Tu Tienda de videojuegos digitales en Mexico!","potentialAction":[{"@type":"SearchAction","target":{"@type":"EntryPoint","urlTemplate":"https:\/\/www.mercadokeys.com\/eng\/?s={search_term_string}"},"query-input":{"@type":"PropertyValueSpecification","valueRequired":true,"valueName":"search_term_string"}}],"inLanguage":"en-GB"}]}},"df_price":1352.49498,"df_sale_price":1352.49498,"df_regular_price":1352.49498,"df_image_link":"https:\/\/www.mercadokeys.com.mx\/wp-content\/uploads\/2021\/01\/Red-Dead-Redemption-2-Ultimate-Edition-Rockstar-Digital-Download-CD-Key-1-200x300.jpg","_links":{"self":[{"href":"https:\/\/www.mercadokeys.com.mx\/eng\/wp-json\/wp\/v2\/product\/110199","targetHints":{"allow":["GET"]}}],"collection":[{"href":"https:\/\/www.mercadokeys.com.mx\/eng\/wp-json\/wp\/v2\/product"}],"about":[{"href":"https:\/\/www.mercadokeys.com.mx\/eng\/wp-json\/wp\/v2\/types\/product"}],"wp:featuredmedia":[{"embeddable":true,"href":"https:\/\/www.mercadokeys.com.mx\/eng\/wp-json\/wp\/v2\/media\/116213"}],"wp:attachment":[{"href":"https:\/\/www.mercadokeys.com.mx\/eng\/wp-json\/wp\/v2\/media?parent=110199"}],"wp:term":[{"taxonomy":"product_brand","embeddable":true,"href":"https:\/\/www.mercadokeys.com.mx\/eng\/wp-json\/wp\/v2\/product_brand?post=110199"},{"taxonomy":"product_cat","embeddable":true,"href":"https:\/\/www.mercadokeys.com.mx\/eng\/wp-json\/wp\/v2\/product_cat?post=110199"},{"taxonomy":"product_tag","embeddable":true,"href":"https:\/\/www.mercadokeys.com.mx\/eng\/wp-json\/wp\/v2\/product_tag?post=110199"}],"curies":[{"name":"wp","href":"https:\/\/api.w.org\/{rel}","templated":true}]}}