{"id":110195,"date":"2021-01-09T13:32:54","date_gmt":"2021-01-09T21:32:54","guid":{"rendered":"https:\/\/www.mercadokeys.com\/product\/temtem-steam-key-global\/"},"modified":"2022-06-28T06:14:42","modified_gmt":"2022-06-28T13:14:42","slug":"temtem-steam-cd-key","status":"publish","type":"product","link":"https:\/\/www.mercadokeys.com.mx\/eng\/product\/temtem-steam-cd-key\/","title":{"rendered":"Temtem Steam CD Key"},"content":{"rendered":"<p><span style=\"vertical-align: inherit\">Temtem es una aventura de colecci\u00f3n de criaturas multijugador masivo. <\/span><span style=\"vertical-align: inherit\">Todo ni\u00f1o sue\u00f1a con convertirse en un domador de Temtem; explorando las seis islas del Archipi\u00e9lago Aerotransportado, descubriendo nuevas especies y haciendo buenos amigos en el camino. Ahora es tu turno de embarcarte en una aventura \u00e9pica y hacer realidad esos sue\u00f1os. <\/span><\/p>\n<p><span style=\"vertical-align: inherit\">Atrapa un nuevo Temtem en las islas flotantes de Omninesia, lucha contra otros domadores en las playas de arena de Deniz o comercia con tus amigos en los campos cubiertos de ceniza de Tucma. \u00a1Derrota al siempre molesto Clan Belsoto y termina su plan para gobernar el Archipi\u00e9lago, vence a los ocho Dojo Leaders y convi\u00e9rtete en el mejor domador de Temtem!<\/span><\/p>\n<p><span style=\"vertical-align: inherit\">Estas son las islas flotantes donde Temtem y los humanos conviven pac\u00edficamente. Cada isla es un mundo completamente diferente, pero hay algo que todos tenemos en com\u00fan: \u00a1nuestro amor por Temtem y las batallas de Temtem! Domadores intr\u00e9pidos como t\u00fa viajan en aeronaves a los confines m\u00e1s lejanos del Archipi\u00e9lago para encontrar el mejor Temtem. Todo joven domador sue\u00f1a con convertirse en el mejor &#8230;<\/span><\/p>\n<h3>Historia de Temtem<\/h3>\n<p><span style=\"vertical-align: inherit\"><strong>Campa\u00f1a de la historia<\/strong>: viaja a trav\u00e9s de seis islas llenas de vida y emb\u00e1rcate en la aventura de convertirte en un domador de Temtem mientras luchas contra el malvado Clan Belsoto.<\/span><\/p>\n<ul>\n<li>Mundo en l\u00ednea: Los d\u00edas de viajar solo han terminado; en Temtem el mundo es multijugador masivo. Pueden unirse domadores de todo el mundo y podr\u00e1s verlos a tu alrededor, viviendo la aventura contigo y luchando por convertirte en el mejor domador de Temtem.<\/li>\n<li>Aventura cooperativa: podr\u00e1s unir fuerzas con un amigo en cualquier momento y trabajar juntos hacia tu pr\u00f3ximo objetivo. Atrapa un nuevo Temtem, completa una Ruta o enfr\u00e9ntate a un L\u00edder de Temtem; \u00a1Todo mientras luchas junto a tu amigo en batallas duales!<\/li>\n<li>Vivienda: Compra tu propia casa en Atoll Row y dec\u00f3rala a tu manera. \u00a1Compra muebles nuevos, colorea tus paredes y estar\u00e1s listo para invitar a tus amigos!<br \/>\nPersonalizar: personaliza tu personaje para destacar entre la multitud y obtener nuevos cosm\u00e9ticos mientras luchas contra otros domadores. Elija un sombrero tonto, una sudadera c\u00f3moda, algunos pantalones y \u00a1ya est\u00e1 listo para comenzar! \u00bfO tal vez prefieres usar un cosplay completo de tu Temtem favorito?<\/li>\n<li>Competitivo: Comience eligiendo 8 Temtem y comenzar\u00e1 la fase de selecci\u00f3n y prohibici\u00f3n. T\u00farnense con su rival para elegir su Temtem y prohibir el de ellos. Cuando se tomen todas las decisiones y terminen los turnos, terminar\u00e1s con un escuadr\u00f3n de 5 Temtem y comenzar\u00e1 la batalla.<\/li>\n<li>Siempre en crecimiento: constantemente se agrega nuevo contenido a Temtem, nuevos eventos, nuevas misiones, nuevos cosm\u00e9ticos, nuevo Temtem y nuevas formas de jugar.<\/li>\n<\/ul>","protected":false},"excerpt":{"rendered":"<p>Temtem es una aventura de colecci\u00f3n de criaturas multijugador masivo. Todo ni\u00f1o sue\u00f1a con convertirse en un domador de Temtem; explorando las seis islas del Archipi\u00e9lago Aerotransportado, descubriendo nuevas especies y haciendo buenos amigos en el camino. Ahora es tu turno de embarcarte en una aventura \u00e9pica y hacer realidad esos sue\u00f1os. Atrapa un nuevo&#8230;<\/p>","protected":false},"featured_media":110196,"template":"","meta":{"_monsterinsights_skip_tracking":false,"_monsterinsights_sitenote_active":false,"_monsterinsights_sitenote_note":"","_monsterinsights_sitenote_category":0},"product_brand":[],"product_cat":[1501,2981,1271,1283,1280,1273,1427,1424,1423],"product_tag":[1526,2926,2927],"class_list":{"0":"post-110195","1":"product","2":"type-product","3":"status-publish","4":"has-post-thumbnail","6":"product_cat-tienda-de-videojuegos-ultimos-juegos-tijuana-mexico","7":"product_cat-destacados","8":"product_cat-tienda-de-videojuegos-tijuana-mexico","9":"product_cat-tienda-de-videojuegos-plataformas-tijuana-mexico","10":"product_cat-tienda-de-videojuegos-pc-tijuana-mexico","11":"product_cat-tienda-de-videojuegos-steam-key-tijuana-mexico","12":"product_cat-tienda-de-videojuegos-juegos-para-mando-tijuana-mexico","13":"product_cat-tienda-de-videojuegos-lo-mas-jugados-tijuana-mexico","14":"product_cat-tienda-de-videojuegos-nuevos-lanzamientos-tijuana-mexico","15":"product_tag-steam","16":"product_tag-temtem","17":"product_tag-temtem-steam","19":"first","20":"instock","21":"shipping-taxable","22":"purchasable","23":"product-type-simple"},"yoast_head":"<!-- This site is optimized with the Yoast SEO plugin v27.0 - https:\/\/yoast.com\/product\/yoast-seo-wordpress\/ -->\n<title>Temtem Steam CD Key - MERCADOKEYS<\/title>\n<meta name=\"description\" content=\"Temtem es una aventura de colecci\u00f3n de criaturas multijugador masivo. Todo ni\u00f1o sue\u00f1a con convertirse en un domador de Temtem\" \/>\n<meta name=\"robots\" content=\"index, follow, max-snippet:-1, max-image-preview:large, max-video-preview:-1\" \/>\n<link rel=\"canonical\" href=\"https:\/\/www.mercadokeys.com\/product\/temtem-steam-cd-key\/\" \/>\n<meta property=\"og:locale\" content=\"en_GB\" \/>\n<meta property=\"og:type\" content=\"article\" \/>\n<meta property=\"og:title\" content=\"Temtem Steam CD Key - MERCADOKEYS\" \/>\n<meta property=\"og:description\" content=\"Temtem es una aventura de colecci\u00f3n de criaturas multijugador masivo. Todo ni\u00f1o sue\u00f1a con convertirse en un domador de Temtem\" \/>\n<meta property=\"og:url\" content=\"https:\/\/www.mercadokeys.com\/product\/temtem-steam-cd-key\/\" \/>\n<meta property=\"og:site_name\" content=\"MERCADOKEYS\" \/>\n<meta property=\"article:modified_time\" content=\"2022-06-28T13:14:42+00:00\" \/>\n<meta property=\"og:image\" content=\"https:\/\/www.mercadokeys.com\/wp-content\/uploads\/2021\/01\/175688.jpg\" \/>\n\t<meta property=\"og:image:width\" content=\"230\" \/>\n\t<meta property=\"og:image:height\" content=\"336\" \/>\n\t<meta property=\"og:image:type\" content=\"image\/jpeg\" \/>\n<meta name=\"twitter:card\" content=\"summary_large_image\" \/>\n<meta name=\"twitter:label1\" content=\"Estimated reading time\" \/>\n\t<meta name=\"twitter:data1\" content=\"2 minutes\" \/>\n<script type=\"application\/ld+json\" class=\"yoast-schema-graph\">{\"@context\":\"https:\/\/schema.org\",\"@graph\":[{\"@type\":\"WebPage\",\"@id\":\"https:\/\/www.mercadokeys.com\/product\/temtem-steam-cd-key\/\",\"url\":\"https:\/\/www.mercadokeys.com\/product\/temtem-steam-cd-key\/\",\"name\":\"Temtem Steam CD Key - MERCADOKEYS\",\"isPartOf\":{\"@id\":\"https:\/\/www.mercadokeys.com\/eng\/#website\"},\"primaryImageOfPage\":{\"@id\":\"https:\/\/www.mercadokeys.com\/product\/temtem-steam-cd-key\/#primaryimage\"},\"image\":{\"@id\":\"https:\/\/www.mercadokeys.com\/product\/temtem-steam-cd-key\/#primaryimage\"},\"thumbnailUrl\":\"https:\/\/www.mercadokeys.com.mx\/wp-content\/uploads\/2021\/01\/175688.jpg\",\"datePublished\":\"2021-01-09T21:32:54+00:00\",\"dateModified\":\"2022-06-28T13:14:42+00:00\",\"description\":\"Temtem es una aventura de colecci\u00f3n de criaturas multijugador masivo. Todo ni\u00f1o sue\u00f1a con convertirse en un domador de Temtem\",\"breadcrumb\":{\"@id\":\"https:\/\/www.mercadokeys.com\/product\/temtem-steam-cd-key\/#breadcrumb\"},\"inLanguage\":\"en-GB\",\"potentialAction\":[{\"@type\":\"ReadAction\",\"target\":[\"https:\/\/www.mercadokeys.com\/product\/temtem-steam-cd-key\/\"]}]},{\"@type\":\"ImageObject\",\"inLanguage\":\"en-GB\",\"@id\":\"https:\/\/www.mercadokeys.com\/product\/temtem-steam-cd-key\/#primaryimage\",\"url\":\"https:\/\/www.mercadokeys.com.mx\/wp-content\/uploads\/2021\/01\/175688.jpg\",\"contentUrl\":\"https:\/\/www.mercadokeys.com.mx\/wp-content\/uploads\/2021\/01\/175688.jpg\",\"width\":230,\"height\":336,\"caption\":\"Temtem es una aventura de colecci\u00f3n de criaturas multijugador masivo. Todo ni\u00f1o sue\u00f1a con convertirse en un domador de Temtem\"},{\"@type\":\"BreadcrumbList\",\"@id\":\"https:\/\/www.mercadokeys.com\/product\/temtem-steam-cd-key\/#breadcrumb\",\"itemListElement\":[{\"@type\":\"ListItem\",\"position\":1,\"name\":\"Inicio\",\"item\":\"https:\/\/www.mercadokeys.com.mx\/\"},{\"@type\":\"ListItem\",\"position\":2,\"name\":\"Tienda\",\"item\":\"https:\/\/www.mercadokeys.com\/shop\/\"},{\"@type\":\"ListItem\",\"position\":3,\"name\":\"Temtem Steam CD Key\"}]},{\"@type\":\"WebSite\",\"@id\":\"https:\/\/www.mercadokeys.com\/eng\/#website\",\"url\":\"https:\/\/www.mercadokeys.com\/eng\/\",\"name\":\"MERCADOKEYS\",\"description\":\"Tu Tienda de videojuegos digitales en Mexico!\",\"potentialAction\":[{\"@type\":\"SearchAction\",\"target\":{\"@type\":\"EntryPoint\",\"urlTemplate\":\"https:\/\/www.mercadokeys.com\/eng\/?s={search_term_string}\"},\"query-input\":{\"@type\":\"PropertyValueSpecification\",\"valueRequired\":true,\"valueName\":\"search_term_string\"}}],\"inLanguage\":\"en-GB\"}]}<\/script>\n<!-- \/ Yoast SEO plugin. -->","yoast_head_json":{"title":"Temtem Steam CD Key - MERCADOKEYS","description":"Temtem es una aventura de colecci\u00f3n de criaturas multijugador masivo. Todo ni\u00f1o sue\u00f1a con convertirse en un domador de Temtem","robots":{"index":"index","follow":"follow","max-snippet":"max-snippet:-1","max-image-preview":"max-image-preview:large","max-video-preview":"max-video-preview:-1"},"canonical":"https:\/\/www.mercadokeys.com\/product\/temtem-steam-cd-key\/","og_locale":"en_GB","og_type":"article","og_title":"Temtem Steam CD Key - MERCADOKEYS","og_description":"Temtem es una aventura de colecci\u00f3n de criaturas multijugador masivo. Todo ni\u00f1o sue\u00f1a con convertirse en un domador de Temtem","og_url":"https:\/\/www.mercadokeys.com\/product\/temtem-steam-cd-key\/","og_site_name":"MERCADOKEYS","article_modified_time":"2022-06-28T13:14:42+00:00","og_image":[{"width":230,"height":336,"url":"https:\/\/www.mercadokeys.com\/wp-content\/uploads\/2021\/01\/175688.jpg","type":"image\/jpeg"}],"twitter_card":"summary_large_image","twitter_misc":{"Estimated reading time":"2 minutes"},"schema":{"@context":"https:\/\/schema.org","@graph":[{"@type":"WebPage","@id":"https:\/\/www.mercadokeys.com\/product\/temtem-steam-cd-key\/","url":"https:\/\/www.mercadokeys.com\/product\/temtem-steam-cd-key\/","name":"Temtem Steam CD Key - MERCADOKEYS","isPartOf":{"@id":"https:\/\/www.mercadokeys.com\/eng\/#website"},"primaryImageOfPage":{"@id":"https:\/\/www.mercadokeys.com\/product\/temtem-steam-cd-key\/#primaryimage"},"image":{"@id":"https:\/\/www.mercadokeys.com\/product\/temtem-steam-cd-key\/#primaryimage"},"thumbnailUrl":"https:\/\/www.mercadokeys.com.mx\/wp-content\/uploads\/2021\/01\/175688.jpg","datePublished":"2021-01-09T21:32:54+00:00","dateModified":"2022-06-28T13:14:42+00:00","description":"Temtem es una aventura de colecci\u00f3n de criaturas multijugador masivo. Todo ni\u00f1o sue\u00f1a con convertirse en un domador de Temtem","breadcrumb":{"@id":"https:\/\/www.mercadokeys.com\/product\/temtem-steam-cd-key\/#breadcrumb"},"inLanguage":"en-GB","potentialAction":[{"@type":"ReadAction","target":["https:\/\/www.mercadokeys.com\/product\/temtem-steam-cd-key\/"]}]},{"@type":"ImageObject","inLanguage":"en-GB","@id":"https:\/\/www.mercadokeys.com\/product\/temtem-steam-cd-key\/#primaryimage","url":"https:\/\/www.mercadokeys.com.mx\/wp-content\/uploads\/2021\/01\/175688.jpg","contentUrl":"https:\/\/www.mercadokeys.com.mx\/wp-content\/uploads\/2021\/01\/175688.jpg","width":230,"height":336,"caption":"Temtem es una aventura de colecci\u00f3n de criaturas multijugador masivo. Todo ni\u00f1o sue\u00f1a con convertirse en un domador de Temtem"},{"@type":"BreadcrumbList","@id":"https:\/\/www.mercadokeys.com\/product\/temtem-steam-cd-key\/#breadcrumb","itemListElement":[{"@type":"ListItem","position":1,"name":"Inicio","item":"https:\/\/www.mercadokeys.com.mx\/"},{"@type":"ListItem","position":2,"name":"Tienda","item":"https:\/\/www.mercadokeys.com\/shop\/"},{"@type":"ListItem","position":3,"name":"Temtem Steam CD Key"}]},{"@type":"WebSite","@id":"https:\/\/www.mercadokeys.com\/eng\/#website","url":"https:\/\/www.mercadokeys.com\/eng\/","name":"MERCADOKEYS","description":"Tu Tienda de videojuegos digitales en Mexico!","potentialAction":[{"@type":"SearchAction","target":{"@type":"EntryPoint","urlTemplate":"https:\/\/www.mercadokeys.com\/eng\/?s={search_term_string}"},"query-input":{"@type":"PropertyValueSpecification","valueRequired":true,"valueName":"search_term_string"}}],"inLanguage":"en-GB"}]}},"df_price":1278.392159,"df_sale_price":1278.392159,"df_regular_price":1278.392159,"df_image_link":"https:\/\/www.mercadokeys.com.mx\/wp-content\/uploads\/2021\/01\/175688-205x300.jpg","_links":{"self":[{"href":"https:\/\/www.mercadokeys.com.mx\/eng\/wp-json\/wp\/v2\/product\/110195","targetHints":{"allow":["GET"]}}],"collection":[{"href":"https:\/\/www.mercadokeys.com.mx\/eng\/wp-json\/wp\/v2\/product"}],"about":[{"href":"https:\/\/www.mercadokeys.com.mx\/eng\/wp-json\/wp\/v2\/types\/product"}],"wp:featuredmedia":[{"embeddable":true,"href":"https:\/\/www.mercadokeys.com.mx\/eng\/wp-json\/wp\/v2\/media\/110196"}],"wp:attachment":[{"href":"https:\/\/www.mercadokeys.com.mx\/eng\/wp-json\/wp\/v2\/media?parent=110195"}],"wp:term":[{"taxonomy":"product_brand","embeddable":true,"href":"https:\/\/www.mercadokeys.com.mx\/eng\/wp-json\/wp\/v2\/product_brand?post=110195"},{"taxonomy":"product_cat","embeddable":true,"href":"https:\/\/www.mercadokeys.com.mx\/eng\/wp-json\/wp\/v2\/product_cat?post=110195"},{"taxonomy":"product_tag","embeddable":true,"href":"https:\/\/www.mercadokeys.com.mx\/eng\/wp-json\/wp\/v2\/product_tag?post=110195"}],"curies":[{"name":"wp","href":"https:\/\/api.w.org\/{rel}","templated":true}]}}