{"id":110125,"date":"2020-12-30T10:17:06","date_gmt":"2020-12-30T18:17:06","guid":{"rendered":"https:\/\/www.mercadokeys.com\/product\/desperados-iii-steam-cd-key\/"},"modified":"2026-04-27T07:12:55","modified_gmt":"2026-04-27T14:12:55","slug":"desperados-iii-steam-cd-key","status":"publish","type":"product","link":"https:\/\/www.mercadokeys.com.mx\/eng\/product\/desperados-iii-steam-cd-key\/","title":{"rendered":"Desperados III Steam CD Key"},"content":{"rendered":"<p><span style=\"vertical-align: inherit;\">Desperados III es un juego de sigilo t\u00e1ctico, basado en una historia. Ambientado en un despiadado escenario del Lejano Oeste.<\/span><\/p>\n<p><span style=\"vertical-align: inherit;\">En Desperados III, precuela del querido cl\u00e1sico Desperados: Wanted Dead or Alive. John Cooper unir\u00e1 fuerzas con la novia fugitiva Kate, el sombr\u00edo asesino a sueldo Doc McCoy, el trampero gigante H\u00e9ctor e Isabelle, una misteriosa dama de Nueva Orleans. En la b\u00fasqueda de Cooper por la redenci\u00f3n, sus aventuras lo llevan a \u00e9l y a su pandilla desde pueblos rurales, a trav\u00e9s de pantanos y riberas. Finalmente a un enfrentamiento dram\u00e1tico digno de las leyendas del Lejano Oeste.<\/span><\/p>","protected":false},"excerpt":{"rendered":"<p>Desperados III es un juego de sigilo t\u00e1ctico, basado en una historia. Ambientado en un despiadado escenario del Lejano Oeste. En Desperados III, precuela del querido cl\u00e1sico Desperados: Wanted Dead or Alive. John Cooper unir\u00e1 fuerzas con la novia fugitiva Kate, el sombr\u00edo asesino a sueldo Doc McCoy, el trampero gigante H\u00e9ctor e Isabelle, una&#8230;<\/p>","protected":false},"featured_media":118106,"template":"","meta":{"_monsterinsights_skip_tracking":false,"_monsterinsights_sitenote_active":false,"_monsterinsights_sitenote_note":"","_monsterinsights_sitenote_category":0},"product_brand":[],"product_cat":[2981,3596,1271,1283,1280,1273,1401,1423],"product_tag":[2219,2220,1526],"class_list":{"0":"post-110125","1":"product","2":"type-product","3":"status-publish","4":"has-post-thumbnail","6":"product_cat-destacados","7":"product_cat-tienda-de-videojuegos-steam-recomendados-en-tijuana-mexico","8":"product_cat-tienda-de-videojuegos-tijuana-mexico","9":"product_cat-tienda-de-videojuegos-plataformas-tijuana-mexico","10":"product_cat-tienda-de-videojuegos-pc-tijuana-mexico","11":"product_cat-tienda-de-videojuegos-steam-key-tijuana-mexico","12":"product_cat-tienda-de-videojuegos-estrategia-tijuana-mexico","13":"product_cat-tienda-de-videojuegos-nuevos-lanzamientos-tijuana-mexico","14":"product_tag-desperados-iii","15":"product_tag-desperados-iii-steam","16":"product_tag-steam","18":"first","19":"instock","20":"shipping-taxable","21":"purchasable","22":"product-type-simple"},"yoast_head":"<!-- This site is optimized with the Yoast SEO plugin v27.0 - https:\/\/yoast.com\/product\/yoast-seo-wordpress\/ -->\n<title>Desperados III Steam CD Key - MERCADOKEYS<\/title>\n<meta name=\"description\" content=\"Desperados III es un juego de sigilo t\u00e1ctico, basado en una historia, ambientado en un despiadado escenario del Lejano Oeste....\" \/>\n<meta name=\"robots\" content=\"index, follow, max-snippet:-1, max-image-preview:large, max-video-preview:-1\" \/>\n<link rel=\"canonical\" href=\"https:\/\/www.mercadokeys.com\/product\/desperados-iii-steam-cd-key\/\" \/>\n<meta property=\"og:locale\" content=\"en_GB\" \/>\n<meta property=\"og:type\" content=\"article\" \/>\n<meta property=\"og:title\" content=\"Desperados III Steam CD Key - MERCADOKEYS\" \/>\n<meta property=\"og:description\" content=\"Desperados III es un juego de sigilo t\u00e1ctico, basado en una historia, ambientado en un despiadado escenario del Lejano Oeste....\" \/>\n<meta property=\"og:url\" content=\"https:\/\/www.mercadokeys.com\/product\/desperados-iii-steam-cd-key\/\" \/>\n<meta property=\"og:site_name\" content=\"MERCADOKEYS\" \/>\n<meta property=\"article:modified_time\" content=\"2026-04-27T14:12:55+00:00\" \/>\n<meta property=\"og:image\" content=\"https:\/\/www.mercadokeys.com\/wp-content\/uploads\/2020\/12\/Desperados-III-Steam-CD-Key-1.jpg\" \/>\n\t<meta property=\"og:image:width\" content=\"400\" \/>\n\t<meta property=\"og:image:height\" content=\"584\" \/>\n\t<meta property=\"og:image:type\" content=\"image\/jpeg\" \/>\n<meta name=\"twitter:card\" content=\"summary_large_image\" \/>\n<meta name=\"twitter:label1\" content=\"Estimated reading time\" \/>\n\t<meta name=\"twitter:data1\" content=\"1 minute\" \/>\n<script type=\"application\/ld+json\" class=\"yoast-schema-graph\">{\"@context\":\"https:\/\/schema.org\",\"@graph\":[{\"@type\":\"WebPage\",\"@id\":\"https:\/\/www.mercadokeys.com\/product\/desperados-iii-steam-cd-key\/\",\"url\":\"https:\/\/www.mercadokeys.com\/product\/desperados-iii-steam-cd-key\/\",\"name\":\"Desperados III Steam CD Key - MERCADOKEYS\",\"isPartOf\":{\"@id\":\"https:\/\/www.mercadokeys.com\/eng\/#website\"},\"primaryImageOfPage\":{\"@id\":\"https:\/\/www.mercadokeys.com\/product\/desperados-iii-steam-cd-key\/#primaryimage\"},\"image\":{\"@id\":\"https:\/\/www.mercadokeys.com\/product\/desperados-iii-steam-cd-key\/#primaryimage\"},\"thumbnailUrl\":\"https:\/\/www.mercadokeys.com.mx\/wp-content\/uploads\/2020\/12\/Desperados-III-Steam-CD-Key-1.jpg\",\"datePublished\":\"2020-12-30T18:17:06+00:00\",\"dateModified\":\"2026-04-27T14:12:55+00:00\",\"description\":\"Desperados III es un juego de sigilo t\u00e1ctico, basado en una historia, ambientado en un despiadado escenario del Lejano Oeste....\",\"breadcrumb\":{\"@id\":\"https:\/\/www.mercadokeys.com\/product\/desperados-iii-steam-cd-key\/#breadcrumb\"},\"inLanguage\":\"en-GB\",\"potentialAction\":[{\"@type\":\"ReadAction\",\"target\":[\"https:\/\/www.mercadokeys.com\/product\/desperados-iii-steam-cd-key\/\"]}]},{\"@type\":\"ImageObject\",\"inLanguage\":\"en-GB\",\"@id\":\"https:\/\/www.mercadokeys.com\/product\/desperados-iii-steam-cd-key\/#primaryimage\",\"url\":\"https:\/\/www.mercadokeys.com.mx\/wp-content\/uploads\/2020\/12\/Desperados-III-Steam-CD-Key-1.jpg\",\"contentUrl\":\"https:\/\/www.mercadokeys.com.mx\/wp-content\/uploads\/2020\/12\/Desperados-III-Steam-CD-Key-1.jpg\",\"width\":400,\"height\":584},{\"@type\":\"BreadcrumbList\",\"@id\":\"https:\/\/www.mercadokeys.com\/product\/desperados-iii-steam-cd-key\/#breadcrumb\",\"itemListElement\":[{\"@type\":\"ListItem\",\"position\":1,\"name\":\"Inicio\",\"item\":\"https:\/\/www.mercadokeys.com.mx\/\"},{\"@type\":\"ListItem\",\"position\":2,\"name\":\"Tienda\",\"item\":\"https:\/\/www.mercadokeys.com\/shop\/\"},{\"@type\":\"ListItem\",\"position\":3,\"name\":\"Desperados III Steam CD Key\"}]},{\"@type\":\"WebSite\",\"@id\":\"https:\/\/www.mercadokeys.com\/eng\/#website\",\"url\":\"https:\/\/www.mercadokeys.com\/eng\/\",\"name\":\"MERCADOKEYS\",\"description\":\"Tu Tienda de videojuegos digitales en Mexico!\",\"potentialAction\":[{\"@type\":\"SearchAction\",\"target\":{\"@type\":\"EntryPoint\",\"urlTemplate\":\"https:\/\/www.mercadokeys.com\/eng\/?s={search_term_string}\"},\"query-input\":{\"@type\":\"PropertyValueSpecification\",\"valueRequired\":true,\"valueName\":\"search_term_string\"}}],\"inLanguage\":\"en-GB\"}]}<\/script>\n<!-- \/ Yoast SEO plugin. -->","yoast_head_json":{"title":"Desperados III Steam CD Key - MERCADOKEYS","description":"Desperados III es un juego de sigilo t\u00e1ctico, basado en una historia, ambientado en un despiadado escenario del Lejano Oeste....","robots":{"index":"index","follow":"follow","max-snippet":"max-snippet:-1","max-image-preview":"max-image-preview:large","max-video-preview":"max-video-preview:-1"},"canonical":"https:\/\/www.mercadokeys.com\/product\/desperados-iii-steam-cd-key\/","og_locale":"en_GB","og_type":"article","og_title":"Desperados III Steam CD Key - MERCADOKEYS","og_description":"Desperados III es un juego de sigilo t\u00e1ctico, basado en una historia, ambientado en un despiadado escenario del Lejano Oeste....","og_url":"https:\/\/www.mercadokeys.com\/product\/desperados-iii-steam-cd-key\/","og_site_name":"MERCADOKEYS","article_modified_time":"2026-04-27T14:12:55+00:00","og_image":[{"width":400,"height":584,"url":"https:\/\/www.mercadokeys.com\/wp-content\/uploads\/2020\/12\/Desperados-III-Steam-CD-Key-1.jpg","type":"image\/jpeg"}],"twitter_card":"summary_large_image","twitter_misc":{"Estimated reading time":"1 minute"},"schema":{"@context":"https:\/\/schema.org","@graph":[{"@type":"WebPage","@id":"https:\/\/www.mercadokeys.com\/product\/desperados-iii-steam-cd-key\/","url":"https:\/\/www.mercadokeys.com\/product\/desperados-iii-steam-cd-key\/","name":"Desperados III Steam CD Key - MERCADOKEYS","isPartOf":{"@id":"https:\/\/www.mercadokeys.com\/eng\/#website"},"primaryImageOfPage":{"@id":"https:\/\/www.mercadokeys.com\/product\/desperados-iii-steam-cd-key\/#primaryimage"},"image":{"@id":"https:\/\/www.mercadokeys.com\/product\/desperados-iii-steam-cd-key\/#primaryimage"},"thumbnailUrl":"https:\/\/www.mercadokeys.com.mx\/wp-content\/uploads\/2020\/12\/Desperados-III-Steam-CD-Key-1.jpg","datePublished":"2020-12-30T18:17:06+00:00","dateModified":"2026-04-27T14:12:55+00:00","description":"Desperados III es un juego de sigilo t\u00e1ctico, basado en una historia, ambientado en un despiadado escenario del Lejano Oeste....","breadcrumb":{"@id":"https:\/\/www.mercadokeys.com\/product\/desperados-iii-steam-cd-key\/#breadcrumb"},"inLanguage":"en-GB","potentialAction":[{"@type":"ReadAction","target":["https:\/\/www.mercadokeys.com\/product\/desperados-iii-steam-cd-key\/"]}]},{"@type":"ImageObject","inLanguage":"en-GB","@id":"https:\/\/www.mercadokeys.com\/product\/desperados-iii-steam-cd-key\/#primaryimage","url":"https:\/\/www.mercadokeys.com.mx\/wp-content\/uploads\/2020\/12\/Desperados-III-Steam-CD-Key-1.jpg","contentUrl":"https:\/\/www.mercadokeys.com.mx\/wp-content\/uploads\/2020\/12\/Desperados-III-Steam-CD-Key-1.jpg","width":400,"height":584},{"@type":"BreadcrumbList","@id":"https:\/\/www.mercadokeys.com\/product\/desperados-iii-steam-cd-key\/#breadcrumb","itemListElement":[{"@type":"ListItem","position":1,"name":"Inicio","item":"https:\/\/www.mercadokeys.com.mx\/"},{"@type":"ListItem","position":2,"name":"Tienda","item":"https:\/\/www.mercadokeys.com\/shop\/"},{"@type":"ListItem","position":3,"name":"Desperados III Steam CD Key"}]},{"@type":"WebSite","@id":"https:\/\/www.mercadokeys.com\/eng\/#website","url":"https:\/\/www.mercadokeys.com\/eng\/","name":"MERCADOKEYS","description":"Tu Tienda de videojuegos digitales en Mexico!","potentialAction":[{"@type":"SearchAction","target":{"@type":"EntryPoint","urlTemplate":"https:\/\/www.mercadokeys.com\/eng\/?s={search_term_string}"},"query-input":{"@type":"PropertyValueSpecification","valueRequired":true,"valueName":"search_term_string"}}],"inLanguage":"en-GB"}]}},"df_price":222.97207,"df_sale_price":222.97207,"df_regular_price":222.97207,"df_image_link":"https:\/\/www.mercadokeys.com.mx\/wp-content\/uploads\/2020\/12\/Desperados-III-Steam-CD-Key-1-205x300.jpg","_links":{"self":[{"href":"https:\/\/www.mercadokeys.com.mx\/eng\/wp-json\/wp\/v2\/product\/110125","targetHints":{"allow":["GET"]}}],"collection":[{"href":"https:\/\/www.mercadokeys.com.mx\/eng\/wp-json\/wp\/v2\/product"}],"about":[{"href":"https:\/\/www.mercadokeys.com.mx\/eng\/wp-json\/wp\/v2\/types\/product"}],"wp:featuredmedia":[{"embeddable":true,"href":"https:\/\/www.mercadokeys.com.mx\/eng\/wp-json\/wp\/v2\/media\/118106"}],"wp:attachment":[{"href":"https:\/\/www.mercadokeys.com.mx\/eng\/wp-json\/wp\/v2\/media?parent=110125"}],"wp:term":[{"taxonomy":"product_brand","embeddable":true,"href":"https:\/\/www.mercadokeys.com.mx\/eng\/wp-json\/wp\/v2\/product_brand?post=110125"},{"taxonomy":"product_cat","embeddable":true,"href":"https:\/\/www.mercadokeys.com.mx\/eng\/wp-json\/wp\/v2\/product_cat?post=110125"},{"taxonomy":"product_tag","embeddable":true,"href":"https:\/\/www.mercadokeys.com.mx\/eng\/wp-json\/wp\/v2\/product_tag?post=110125"}],"curies":[{"name":"wp","href":"https:\/\/api.w.org\/{rel}","templated":true}]}}