{"id":110050,"date":"2020-12-18T10:34:49","date_gmt":"2020-12-18T18:34:49","guid":{"rendered":"https:\/\/www.mercadokeys.com\/product\/road-redemption-steam-cd-key\/"},"modified":"2022-06-28T06:15:50","modified_gmt":"2022-06-28T13:15:50","slug":"road-redemption-steam-cd-key","status":"publish","type":"product","link":"https:\/\/www.mercadokeys.com.mx\/eng\/product\/road-redemption-steam-cd-key\/","title":{"rendered":"Road Redemption Steam CD Key"},"content":{"rendered":"<p>En Road Redemption Dirige a tu banda de motociclistas en un viaje \u00e9pico por todo el pa\u00eds en esta brutal aventura de combate de conducci\u00f3n. Gana dinero completando carreras, asesinatos, robos y otros desaf\u00edos en tu camino. A medida que recolectes el bot\u00edn, mejorar\u00e1s tu personaje, tu bicicleta y tus armas. Una vida para vivir Conducir una motocicleta a 100 mph mientras intenta golpear a alguien con una tuber\u00eda es peligroso y la muerte puede llegar r\u00e1pidamente. No hay vidas extra ni continuas. Afortunadamente, cada vez que mueres, toda la experiencia que hayas acumulado se puede usar para mejorar tu personaje, tu bicicleta y tus armas. En el modo multijugador, puedes trabajar con tus amigos o luchar contra ellos. Tu decides. A Truly Epic Quest Road Redemption tiene lugar en una Am\u00e9rica postapocal\u00edptica, gobernada por un dictador brutal. Sin dec\u00edrselo a nadie, el l\u00edder de su pandilla ha decidido dirigirse a la capital en un desesperado intento de asesinato. Cuando el gobierno lo atrape, las consecuencias para su pandilla y para todos los que conoce y ama ser\u00e1n devastadoras. Depende de usted y sus compa\u00f1eros pandilleros correr a trav\u00e9s de cientos de millas de carreteras peligrosas para rastrear a su l\u00edder abandonado antes de que lo haga el gobierno. Lo que hagas a continuaci\u00f3n depende de ti. \u00bfIntenta detenerlo para proteger a su familia y amigos del castigo, o se une a \u00e9l en un intento arriesgado de acabar con la opresi\u00f3n de una vez por todas? Otras caracter\u00edsticas Campa\u00f1a para un jugador totalmente jugable en modo multijugador. Cooperativo de pantalla dividida para 4 jugadores. El modo online estar\u00e1 disponible muy pronto. \u00c1rbol de habilidades enorme y expandible. Acumula el bot\u00edn para mejorar tu personaje, tu bicicleta y tus armas. Un profundo sistema de lucha de motocicletas con agarres, patadas, contraataques, golpes cr\u00edticos y m\u00e1s. Soporte completo para configuraciones de control de mouse y teclado y gamepad.<\/p>","protected":false},"excerpt":{"rendered":"<p>En Road Redemption Dirige a tu banda de motociclistas en un viaje \u00e9pico por todo el pa\u00eds en esta brutal aventura de combate de conducci\u00f3n. Gana dinero completando carreras, asesinatos, robos y otros desaf\u00edos en tu camino. A medida que recolectes el bot\u00edn, mejorar\u00e1s tu personaje, tu bicicleta y tus armas. Una vida para vivir&#8230;<\/p>","protected":false},"featured_media":120557,"template":"","meta":{"_monsterinsights_skip_tracking":false,"_monsterinsights_sitenote_active":false,"_monsterinsights_sitenote_note":"","_monsterinsights_sitenote_category":0},"product_brand":[],"product_cat":[1501,2981,3596,1271,3164,1420,1283,1280,1273,1393,1428],"product_tag":[1528],"class_list":{"0":"post-110050","1":"product","2":"type-product","3":"status-publish","4":"has-post-thumbnail","6":"product_cat-tienda-de-videojuegos-ultimos-juegos-tijuana-mexico","7":"product_cat-destacados","8":"product_cat-tienda-de-videojuegos-steam-recomendados-en-tijuana-mexico","9":"product_cat-tienda-de-videojuegos-tijuana-mexico","10":"product_cat-tienda-de-videojuegos-baratos-economicos-tijuana-mexico","11":"product_cat-tienda-de-videojuegos-populares-tijuana-mexico","12":"product_cat-tienda-de-videojuegos-plataformas-tijuana-mexico","13":"product_cat-tienda-de-videojuegos-pc-tijuana-mexico","14":"product_cat-tienda-de-videojuegos-steam-key-tijuana-mexico","15":"product_cat-tienda-de-videojuegos-indie-tijuana-mexico","16":"product_cat-tienda-de-videojuegos-cooperativos-tijuana-mexico","17":"product_tag-road-redemption","19":"first","20":"instock","21":"shipping-taxable","22":"purchasable","23":"product-type-simple"},"yoast_head":"<!-- This site is optimized with the Yoast SEO plugin v27.0 - https:\/\/yoast.com\/product\/yoast-seo-wordpress\/ -->\n<title>Road Redemption Steam CD Key - MERCADOKEYS<\/title>\n<meta name=\"description\" content=\"Road Redemption tiene lugar en una Am\u00e9rica postapocal\u00edptica, gobernada por un dictador brutal. El l\u00edder de su pandilla ha decidido dirigirse a la capital\" \/>\n<meta name=\"robots\" content=\"index, follow, max-snippet:-1, max-image-preview:large, max-video-preview:-1\" \/>\n<link rel=\"canonical\" href=\"https:\/\/www.mercadokeys.com\/product\/road-redemption-steam-cd-key\/\" \/>\n<meta property=\"og:locale\" content=\"en_GB\" \/>\n<meta property=\"og:type\" content=\"article\" \/>\n<meta property=\"og:title\" content=\"Road Redemption Steam CD Key - MERCADOKEYS\" \/>\n<meta property=\"og:description\" content=\"Road Redemption tiene lugar en una Am\u00e9rica postapocal\u00edptica, gobernada por un dictador brutal. El l\u00edder de su pandilla ha decidido dirigirse a la capital\" \/>\n<meta property=\"og:url\" content=\"https:\/\/www.mercadokeys.com\/product\/road-redemption-steam-cd-key\/\" \/>\n<meta property=\"og:site_name\" content=\"MERCADOKEYS\" \/>\n<meta property=\"article:modified_time\" content=\"2022-06-28T13:15:50+00:00\" \/>\n<meta property=\"og:image\" content=\"https:\/\/www.mercadokeys.com\/wp-content\/uploads\/2020\/12\/Road-Redemption-Steam-CD-Key.jpg\" \/>\n\t<meta property=\"og:image:width\" content=\"460\" \/>\n\t<meta property=\"og:image:height\" content=\"672\" \/>\n\t<meta property=\"og:image:type\" content=\"image\/jpeg\" \/>\n<meta name=\"twitter:card\" content=\"summary_large_image\" \/>\n<meta name=\"twitter:label1\" content=\"Estimated reading time\" \/>\n\t<meta name=\"twitter:data1\" content=\"2 minutes\" \/>\n<script type=\"application\/ld+json\" class=\"yoast-schema-graph\">{\"@context\":\"https:\/\/schema.org\",\"@graph\":[{\"@type\":\"WebPage\",\"@id\":\"https:\/\/www.mercadokeys.com\/product\/road-redemption-steam-cd-key\/\",\"url\":\"https:\/\/www.mercadokeys.com\/product\/road-redemption-steam-cd-key\/\",\"name\":\"Road Redemption Steam CD Key - MERCADOKEYS\",\"isPartOf\":{\"@id\":\"https:\/\/www.mercadokeys.com\/eng\/#website\"},\"primaryImageOfPage\":{\"@id\":\"https:\/\/www.mercadokeys.com\/product\/road-redemption-steam-cd-key\/#primaryimage\"},\"image\":{\"@id\":\"https:\/\/www.mercadokeys.com\/product\/road-redemption-steam-cd-key\/#primaryimage\"},\"thumbnailUrl\":\"https:\/\/www.mercadokeys.com.mx\/wp-content\/uploads\/2020\/12\/Road-Redemption-Steam-CD-Key.jpg\",\"datePublished\":\"2020-12-18T18:34:49+00:00\",\"dateModified\":\"2022-06-28T13:15:50+00:00\",\"description\":\"Road Redemption tiene lugar en una Am\u00e9rica postapocal\u00edptica, gobernada por un dictador brutal. El l\u00edder de su pandilla ha decidido dirigirse a la capital\",\"breadcrumb\":{\"@id\":\"https:\/\/www.mercadokeys.com\/product\/road-redemption-steam-cd-key\/#breadcrumb\"},\"inLanguage\":\"en-GB\",\"potentialAction\":[{\"@type\":\"ReadAction\",\"target\":[\"https:\/\/www.mercadokeys.com\/product\/road-redemption-steam-cd-key\/\"]}]},{\"@type\":\"ImageObject\",\"inLanguage\":\"en-GB\",\"@id\":\"https:\/\/www.mercadokeys.com\/product\/road-redemption-steam-cd-key\/#primaryimage\",\"url\":\"https:\/\/www.mercadokeys.com.mx\/wp-content\/uploads\/2020\/12\/Road-Redemption-Steam-CD-Key.jpg\",\"contentUrl\":\"https:\/\/www.mercadokeys.com.mx\/wp-content\/uploads\/2020\/12\/Road-Redemption-Steam-CD-Key.jpg\",\"width\":460,\"height\":672},{\"@type\":\"BreadcrumbList\",\"@id\":\"https:\/\/www.mercadokeys.com\/product\/road-redemption-steam-cd-key\/#breadcrumb\",\"itemListElement\":[{\"@type\":\"ListItem\",\"position\":1,\"name\":\"Inicio\",\"item\":\"https:\/\/www.mercadokeys.com.mx\/\"},{\"@type\":\"ListItem\",\"position\":2,\"name\":\"Tienda\",\"item\":\"https:\/\/www.mercadokeys.com\/shop\/\"},{\"@type\":\"ListItem\",\"position\":3,\"name\":\"Road Redemption Steam CD Key\"}]},{\"@type\":\"WebSite\",\"@id\":\"https:\/\/www.mercadokeys.com\/eng\/#website\",\"url\":\"https:\/\/www.mercadokeys.com\/eng\/\",\"name\":\"MERCADOKEYS\",\"description\":\"Tu Tienda de videojuegos digitales en Mexico!\",\"potentialAction\":[{\"@type\":\"SearchAction\",\"target\":{\"@type\":\"EntryPoint\",\"urlTemplate\":\"https:\/\/www.mercadokeys.com\/eng\/?s={search_term_string}\"},\"query-input\":{\"@type\":\"PropertyValueSpecification\",\"valueRequired\":true,\"valueName\":\"search_term_string\"}}],\"inLanguage\":\"en-GB\"}]}<\/script>\n<!-- \/ Yoast SEO plugin. -->","yoast_head_json":{"title":"Road Redemption Steam CD Key - MERCADOKEYS","description":"Road Redemption tiene lugar en una Am\u00e9rica postapocal\u00edptica, gobernada por un dictador brutal. El l\u00edder de su pandilla ha decidido dirigirse a la capital","robots":{"index":"index","follow":"follow","max-snippet":"max-snippet:-1","max-image-preview":"max-image-preview:large","max-video-preview":"max-video-preview:-1"},"canonical":"https:\/\/www.mercadokeys.com\/product\/road-redemption-steam-cd-key\/","og_locale":"en_GB","og_type":"article","og_title":"Road Redemption Steam CD Key - MERCADOKEYS","og_description":"Road Redemption tiene lugar en una Am\u00e9rica postapocal\u00edptica, gobernada por un dictador brutal. El l\u00edder de su pandilla ha decidido dirigirse a la capital","og_url":"https:\/\/www.mercadokeys.com\/product\/road-redemption-steam-cd-key\/","og_site_name":"MERCADOKEYS","article_modified_time":"2022-06-28T13:15:50+00:00","og_image":[{"width":460,"height":672,"url":"https:\/\/www.mercadokeys.com\/wp-content\/uploads\/2020\/12\/Road-Redemption-Steam-CD-Key.jpg","type":"image\/jpeg"}],"twitter_card":"summary_large_image","twitter_misc":{"Estimated reading time":"2 minutes"},"schema":{"@context":"https:\/\/schema.org","@graph":[{"@type":"WebPage","@id":"https:\/\/www.mercadokeys.com\/product\/road-redemption-steam-cd-key\/","url":"https:\/\/www.mercadokeys.com\/product\/road-redemption-steam-cd-key\/","name":"Road Redemption Steam CD Key - MERCADOKEYS","isPartOf":{"@id":"https:\/\/www.mercadokeys.com\/eng\/#website"},"primaryImageOfPage":{"@id":"https:\/\/www.mercadokeys.com\/product\/road-redemption-steam-cd-key\/#primaryimage"},"image":{"@id":"https:\/\/www.mercadokeys.com\/product\/road-redemption-steam-cd-key\/#primaryimage"},"thumbnailUrl":"https:\/\/www.mercadokeys.com.mx\/wp-content\/uploads\/2020\/12\/Road-Redemption-Steam-CD-Key.jpg","datePublished":"2020-12-18T18:34:49+00:00","dateModified":"2022-06-28T13:15:50+00:00","description":"Road Redemption tiene lugar en una Am\u00e9rica postapocal\u00edptica, gobernada por un dictador brutal. El l\u00edder de su pandilla ha decidido dirigirse a la capital","breadcrumb":{"@id":"https:\/\/www.mercadokeys.com\/product\/road-redemption-steam-cd-key\/#breadcrumb"},"inLanguage":"en-GB","potentialAction":[{"@type":"ReadAction","target":["https:\/\/www.mercadokeys.com\/product\/road-redemption-steam-cd-key\/"]}]},{"@type":"ImageObject","inLanguage":"en-GB","@id":"https:\/\/www.mercadokeys.com\/product\/road-redemption-steam-cd-key\/#primaryimage","url":"https:\/\/www.mercadokeys.com.mx\/wp-content\/uploads\/2020\/12\/Road-Redemption-Steam-CD-Key.jpg","contentUrl":"https:\/\/www.mercadokeys.com.mx\/wp-content\/uploads\/2020\/12\/Road-Redemption-Steam-CD-Key.jpg","width":460,"height":672},{"@type":"BreadcrumbList","@id":"https:\/\/www.mercadokeys.com\/product\/road-redemption-steam-cd-key\/#breadcrumb","itemListElement":[{"@type":"ListItem","position":1,"name":"Inicio","item":"https:\/\/www.mercadokeys.com.mx\/"},{"@type":"ListItem","position":2,"name":"Tienda","item":"https:\/\/www.mercadokeys.com\/shop\/"},{"@type":"ListItem","position":3,"name":"Road Redemption Steam CD Key"}]},{"@type":"WebSite","@id":"https:\/\/www.mercadokeys.com\/eng\/#website","url":"https:\/\/www.mercadokeys.com\/eng\/","name":"MERCADOKEYS","description":"Tu Tienda de videojuegos digitales en Mexico!","potentialAction":[{"@type":"SearchAction","target":{"@type":"EntryPoint","urlTemplate":"https:\/\/www.mercadokeys.com\/eng\/?s={search_term_string}"},"query-input":{"@type":"PropertyValueSpecification","valueRequired":true,"valueName":"search_term_string"}}],"inLanguage":"en-GB"}]}},"df_price":42.618339,"df_sale_price":42.618339,"df_regular_price":42.618339,"df_image_link":"https:\/\/www.mercadokeys.com.mx\/wp-content\/uploads\/2020\/12\/Road-Redemption-Steam-CD-Key-205x300.jpg","_links":{"self":[{"href":"https:\/\/www.mercadokeys.com.mx\/eng\/wp-json\/wp\/v2\/product\/110050","targetHints":{"allow":["GET"]}}],"collection":[{"href":"https:\/\/www.mercadokeys.com.mx\/eng\/wp-json\/wp\/v2\/product"}],"about":[{"href":"https:\/\/www.mercadokeys.com.mx\/eng\/wp-json\/wp\/v2\/types\/product"}],"wp:featuredmedia":[{"embeddable":true,"href":"https:\/\/www.mercadokeys.com.mx\/eng\/wp-json\/wp\/v2\/media\/120557"}],"wp:attachment":[{"href":"https:\/\/www.mercadokeys.com.mx\/eng\/wp-json\/wp\/v2\/media?parent=110050"}],"wp:term":[{"taxonomy":"product_brand","embeddable":true,"href":"https:\/\/www.mercadokeys.com.mx\/eng\/wp-json\/wp\/v2\/product_brand?post=110050"},{"taxonomy":"product_cat","embeddable":true,"href":"https:\/\/www.mercadokeys.com.mx\/eng\/wp-json\/wp\/v2\/product_cat?post=110050"},{"taxonomy":"product_tag","embeddable":true,"href":"https:\/\/www.mercadokeys.com.mx\/eng\/wp-json\/wp\/v2\/product_tag?post=110050"}],"curies":[{"name":"wp","href":"https:\/\/api.w.org\/{rel}","templated":true}]}}