{"id":109726,"date":"2020-12-18T10:13:29","date_gmt":"2020-12-18T18:13:29","guid":{"rendered":"https:\/\/www.mercadokeys.com\/product\/commandos-2-men-of-courage-steam-cd-key\/"},"modified":"2022-06-28T06:17:02","modified_gmt":"2022-06-28T13:17:02","slug":"commandos-2-men-of-courage-steam-cd-key","status":"publish","type":"product","link":"https:\/\/www.mercadokeys.com.mx\/eng\/product\/commandos-2-men-of-courage-steam-cd-key\/","title":{"rendered":"Commandos 2: Men of Courage Steam CD Key"},"content":{"rendered":"<p>Desde el coraz\u00f3n del Tercer Reich hasta las islas m\u00e1s remotas del Pac\u00edfico Sur, el sargento Jack &#8220;Butcher&#8221; O&#8217;Hara y su grupo de \u00e9lite de valientes soldados deben combinar su experiencia y aventurarse profundamente en territorio enemigo &#8230; en un intento de cambiar Desde los b\u00fankeres y puestos de artiller\u00eda m\u00e1s profundos del Tercer Reich o la temida prisi\u00f3n del castillo de Colditz hasta el mamparo de un portaaviones en el mar, Commandos 2: Men of Courage presenta los entornos de juego m\u00e1s realistas y detallados jam\u00e1s vistos. Una vez m\u00e1s, los jugadores toman el mando del pelot\u00f3n de \u00e9lite, utilizando cada una de sus habilidades \u00fanicas para completar misiones en las profundidades del territorio enemigo. Commandos 2: Men of Courage es la experiencia de juego de estrategia de PC m\u00e1s inmersiva y realista que existe, creando un nuevo punto de referencia.<\/p>","protected":false},"excerpt":{"rendered":"<p>Desde el coraz\u00f3n del Tercer Reich hasta las islas m\u00e1s remotas del Pac\u00edfico Sur, el sargento Jack &#8220;Butcher&#8221; O&#8217;Hara y su grupo de \u00e9lite de valientes soldados deben combinar su experiencia y aventurarse profundamente en territorio enemigo &#8230; en un intento de cambiar Desde los b\u00fankeres y puestos de artiller\u00eda m\u00e1s profundos del Tercer Reich&#8230;<\/p>","protected":false},"featured_media":109737,"template":"","meta":{"_monsterinsights_skip_tracking":false,"_monsterinsights_sitenote_active":false,"_monsterinsights_sitenote_note":"","_monsterinsights_sitenote_category":0},"product_brand":[],"product_cat":[1501,2981,3596,1271,3164,1420,1283,1280,1273,1401,1428],"product_tag":[1536,1535,1526],"class_list":{"0":"post-109726","1":"product","2":"type-product","3":"status-publish","4":"has-post-thumbnail","6":"product_cat-tienda-de-videojuegos-ultimos-juegos-tijuana-mexico","7":"product_cat-destacados","8":"product_cat-tienda-de-videojuegos-steam-recomendados-en-tijuana-mexico","9":"product_cat-tienda-de-videojuegos-tijuana-mexico","10":"product_cat-tienda-de-videojuegos-baratos-economicos-tijuana-mexico","11":"product_cat-tienda-de-videojuegos-populares-tijuana-mexico","12":"product_cat-tienda-de-videojuegos-plataformas-tijuana-mexico","13":"product_cat-tienda-de-videojuegos-pc-tijuana-mexico","14":"product_cat-tienda-de-videojuegos-steam-key-tijuana-mexico","15":"product_cat-tienda-de-videojuegos-estrategia-tijuana-mexico","16":"product_cat-tienda-de-videojuegos-cooperativos-tijuana-mexico","17":"product_tag-commandos-2","18":"product_tag-commandos-2-men-of-courage","19":"product_tag-steam","21":"first","22":"instock","23":"shipping-taxable","24":"purchasable","25":"product-type-simple"},"yoast_head":"<!-- This site is optimized with the Yoast SEO plugin v27.0 - https:\/\/yoast.com\/product\/yoast-seo-wordpress\/ -->\n<title>Commandos 2: Men of Courage Steam CD Key - MERCADOKEYS<\/title>\n<meta name=\"description\" content=\"Commandos 2: Men of Courage presenta los entornos de juego m\u00e1s realistas y detallados jam\u00e1s vistos. Es la experiencia estrategia m\u00e1s inmersiva\" \/>\n<meta name=\"robots\" content=\"index, follow, max-snippet:-1, max-image-preview:large, max-video-preview:-1\" \/>\n<link rel=\"canonical\" href=\"https:\/\/www.mercadokeys.com\/product\/commandos-2-men-of-courage-steam-cd-key\/\" \/>\n<meta property=\"og:locale\" content=\"en_GB\" \/>\n<meta property=\"og:type\" content=\"article\" \/>\n<meta property=\"og:title\" content=\"Commandos 2: Men of Courage Steam CD Key - MERCADOKEYS\" \/>\n<meta property=\"og:description\" content=\"Commandos 2: Men of Courage presenta los entornos de juego m\u00e1s realistas y detallados jam\u00e1s vistos. Es la experiencia estrategia m\u00e1s inmersiva\" \/>\n<meta property=\"og:url\" content=\"https:\/\/www.mercadokeys.com\/product\/commandos-2-men-of-courage-steam-cd-key\/\" \/>\n<meta property=\"og:site_name\" content=\"MERCADOKEYS\" \/>\n<meta property=\"article:modified_time\" content=\"2022-06-28T13:17:02+00:00\" \/>\n<meta property=\"og:image\" content=\"https:\/\/www.mercadokeys.com\/wp-content\/uploads\/2020\/12\/commandos-2-men-of-courage_cover_original-2.jpg\" \/>\n\t<meta property=\"og:image:width\" content=\"600\" \/>\n\t<meta property=\"og:image:height\" content=\"772\" \/>\n\t<meta property=\"og:image:type\" content=\"image\/jpeg\" \/>\n<meta name=\"twitter:card\" content=\"summary_large_image\" \/>\n<meta name=\"twitter:label1\" content=\"Estimated reading time\" \/>\n\t<meta name=\"twitter:data1\" content=\"1 minute\" \/>\n<script type=\"application\/ld+json\" class=\"yoast-schema-graph\">{\"@context\":\"https:\/\/schema.org\",\"@graph\":[{\"@type\":\"WebPage\",\"@id\":\"https:\/\/www.mercadokeys.com\/product\/commandos-2-men-of-courage-steam-cd-key\/\",\"url\":\"https:\/\/www.mercadokeys.com\/product\/commandos-2-men-of-courage-steam-cd-key\/\",\"name\":\"Commandos 2: Men of Courage Steam CD Key - MERCADOKEYS\",\"isPartOf\":{\"@id\":\"https:\/\/www.mercadokeys.com\/eng\/#website\"},\"primaryImageOfPage\":{\"@id\":\"https:\/\/www.mercadokeys.com\/product\/commandos-2-men-of-courage-steam-cd-key\/#primaryimage\"},\"image\":{\"@id\":\"https:\/\/www.mercadokeys.com\/product\/commandos-2-men-of-courage-steam-cd-key\/#primaryimage\"},\"thumbnailUrl\":\"https:\/\/www.mercadokeys.com.mx\/wp-content\/uploads\/2020\/12\/commandos-2-men-of-courage_cover_original-2.jpg\",\"datePublished\":\"2020-12-18T18:13:29+00:00\",\"dateModified\":\"2022-06-28T13:17:02+00:00\",\"description\":\"Commandos 2: Men of Courage presenta los entornos de juego m\u00e1s realistas y detallados jam\u00e1s vistos. Es la experiencia estrategia m\u00e1s inmersiva\",\"breadcrumb\":{\"@id\":\"https:\/\/www.mercadokeys.com\/product\/commandos-2-men-of-courage-steam-cd-key\/#breadcrumb\"},\"inLanguage\":\"en-GB\",\"potentialAction\":[{\"@type\":\"ReadAction\",\"target\":[\"https:\/\/www.mercadokeys.com\/product\/commandos-2-men-of-courage-steam-cd-key\/\"]}]},{\"@type\":\"ImageObject\",\"inLanguage\":\"en-GB\",\"@id\":\"https:\/\/www.mercadokeys.com\/product\/commandos-2-men-of-courage-steam-cd-key\/#primaryimage\",\"url\":\"https:\/\/www.mercadokeys.com.mx\/wp-content\/uploads\/2020\/12\/commandos-2-men-of-courage_cover_original-2.jpg\",\"contentUrl\":\"https:\/\/www.mercadokeys.com.mx\/wp-content\/uploads\/2020\/12\/commandos-2-men-of-courage_cover_original-2.jpg\",\"width\":600,\"height\":772,\"caption\":\"Commandos 2: Men of Courage presenta los entornos de juego m\u00e1s realistas y detallados jam\u00e1s vistos. Es la experiencia estrategia m\u00e1s inmersiva\"},{\"@type\":\"BreadcrumbList\",\"@id\":\"https:\/\/www.mercadokeys.com\/product\/commandos-2-men-of-courage-steam-cd-key\/#breadcrumb\",\"itemListElement\":[{\"@type\":\"ListItem\",\"position\":1,\"name\":\"Inicio\",\"item\":\"https:\/\/www.mercadokeys.com.mx\/\"},{\"@type\":\"ListItem\",\"position\":2,\"name\":\"Tienda\",\"item\":\"https:\/\/www.mercadokeys.com\/shop\/\"},{\"@type\":\"ListItem\",\"position\":3,\"name\":\"Commandos 2: Men of Courage Steam CD Key\"}]},{\"@type\":\"WebSite\",\"@id\":\"https:\/\/www.mercadokeys.com\/eng\/#website\",\"url\":\"https:\/\/www.mercadokeys.com\/eng\/\",\"name\":\"MERCADOKEYS\",\"description\":\"Tu Tienda de videojuegos digitales en Mexico!\",\"potentialAction\":[{\"@type\":\"SearchAction\",\"target\":{\"@type\":\"EntryPoint\",\"urlTemplate\":\"https:\/\/www.mercadokeys.com\/eng\/?s={search_term_string}\"},\"query-input\":{\"@type\":\"PropertyValueSpecification\",\"valueRequired\":true,\"valueName\":\"search_term_string\"}}],\"inLanguage\":\"en-GB\"}]}<\/script>\n<!-- \/ Yoast SEO plugin. -->","yoast_head_json":{"title":"Commandos 2: Men of Courage Steam CD Key - MERCADOKEYS","description":"Commandos 2: Men of Courage presenta los entornos de juego m\u00e1s realistas y detallados jam\u00e1s vistos. Es la experiencia estrategia m\u00e1s inmersiva","robots":{"index":"index","follow":"follow","max-snippet":"max-snippet:-1","max-image-preview":"max-image-preview:large","max-video-preview":"max-video-preview:-1"},"canonical":"https:\/\/www.mercadokeys.com\/product\/commandos-2-men-of-courage-steam-cd-key\/","og_locale":"en_GB","og_type":"article","og_title":"Commandos 2: Men of Courage Steam CD Key - MERCADOKEYS","og_description":"Commandos 2: Men of Courage presenta los entornos de juego m\u00e1s realistas y detallados jam\u00e1s vistos. Es la experiencia estrategia m\u00e1s inmersiva","og_url":"https:\/\/www.mercadokeys.com\/product\/commandos-2-men-of-courage-steam-cd-key\/","og_site_name":"MERCADOKEYS","article_modified_time":"2022-06-28T13:17:02+00:00","og_image":[{"width":600,"height":772,"url":"https:\/\/www.mercadokeys.com\/wp-content\/uploads\/2020\/12\/commandos-2-men-of-courage_cover_original-2.jpg","type":"image\/jpeg"}],"twitter_card":"summary_large_image","twitter_misc":{"Estimated reading time":"1 minute"},"schema":{"@context":"https:\/\/schema.org","@graph":[{"@type":"WebPage","@id":"https:\/\/www.mercadokeys.com\/product\/commandos-2-men-of-courage-steam-cd-key\/","url":"https:\/\/www.mercadokeys.com\/product\/commandos-2-men-of-courage-steam-cd-key\/","name":"Commandos 2: Men of Courage Steam CD Key - MERCADOKEYS","isPartOf":{"@id":"https:\/\/www.mercadokeys.com\/eng\/#website"},"primaryImageOfPage":{"@id":"https:\/\/www.mercadokeys.com\/product\/commandos-2-men-of-courage-steam-cd-key\/#primaryimage"},"image":{"@id":"https:\/\/www.mercadokeys.com\/product\/commandos-2-men-of-courage-steam-cd-key\/#primaryimage"},"thumbnailUrl":"https:\/\/www.mercadokeys.com.mx\/wp-content\/uploads\/2020\/12\/commandos-2-men-of-courage_cover_original-2.jpg","datePublished":"2020-12-18T18:13:29+00:00","dateModified":"2022-06-28T13:17:02+00:00","description":"Commandos 2: Men of Courage presenta los entornos de juego m\u00e1s realistas y detallados jam\u00e1s vistos. Es la experiencia estrategia m\u00e1s inmersiva","breadcrumb":{"@id":"https:\/\/www.mercadokeys.com\/product\/commandos-2-men-of-courage-steam-cd-key\/#breadcrumb"},"inLanguage":"en-GB","potentialAction":[{"@type":"ReadAction","target":["https:\/\/www.mercadokeys.com\/product\/commandos-2-men-of-courage-steam-cd-key\/"]}]},{"@type":"ImageObject","inLanguage":"en-GB","@id":"https:\/\/www.mercadokeys.com\/product\/commandos-2-men-of-courage-steam-cd-key\/#primaryimage","url":"https:\/\/www.mercadokeys.com.mx\/wp-content\/uploads\/2020\/12\/commandos-2-men-of-courage_cover_original-2.jpg","contentUrl":"https:\/\/www.mercadokeys.com.mx\/wp-content\/uploads\/2020\/12\/commandos-2-men-of-courage_cover_original-2.jpg","width":600,"height":772,"caption":"Commandos 2: Men of Courage presenta los entornos de juego m\u00e1s realistas y detallados jam\u00e1s vistos. Es la experiencia estrategia m\u00e1s inmersiva"},{"@type":"BreadcrumbList","@id":"https:\/\/www.mercadokeys.com\/product\/commandos-2-men-of-courage-steam-cd-key\/#breadcrumb","itemListElement":[{"@type":"ListItem","position":1,"name":"Inicio","item":"https:\/\/www.mercadokeys.com.mx\/"},{"@type":"ListItem","position":2,"name":"Tienda","item":"https:\/\/www.mercadokeys.com\/shop\/"},{"@type":"ListItem","position":3,"name":"Commandos 2: Men of Courage Steam CD Key"}]},{"@type":"WebSite","@id":"https:\/\/www.mercadokeys.com\/eng\/#website","url":"https:\/\/www.mercadokeys.com\/eng\/","name":"MERCADOKEYS","description":"Tu Tienda de videojuegos digitales en Mexico!","potentialAction":[{"@type":"SearchAction","target":{"@type":"EntryPoint","urlTemplate":"https:\/\/www.mercadokeys.com\/eng\/?s={search_term_string}"},"query-input":{"@type":"PropertyValueSpecification","valueRequired":true,"valueName":"search_term_string"}}],"inLanguage":"en-GB"}]}},"df_price":40.827652,"df_sale_price":40.827652,"df_regular_price":40.827652,"df_image_link":"https:\/\/www.mercadokeys.com.mx\/wp-content\/uploads\/2020\/12\/commandos-2-men-of-courage_cover_original-2-233x300.jpg","_links":{"self":[{"href":"https:\/\/www.mercadokeys.com.mx\/eng\/wp-json\/wp\/v2\/product\/109726","targetHints":{"allow":["GET"]}}],"collection":[{"href":"https:\/\/www.mercadokeys.com.mx\/eng\/wp-json\/wp\/v2\/product"}],"about":[{"href":"https:\/\/www.mercadokeys.com.mx\/eng\/wp-json\/wp\/v2\/types\/product"}],"wp:featuredmedia":[{"embeddable":true,"href":"https:\/\/www.mercadokeys.com.mx\/eng\/wp-json\/wp\/v2\/media\/109737"}],"wp:attachment":[{"href":"https:\/\/www.mercadokeys.com.mx\/eng\/wp-json\/wp\/v2\/media?parent=109726"}],"wp:term":[{"taxonomy":"product_brand","embeddable":true,"href":"https:\/\/www.mercadokeys.com.mx\/eng\/wp-json\/wp\/v2\/product_brand?post=109726"},{"taxonomy":"product_cat","embeddable":true,"href":"https:\/\/www.mercadokeys.com.mx\/eng\/wp-json\/wp\/v2\/product_cat?post=109726"},{"taxonomy":"product_tag","embeddable":true,"href":"https:\/\/www.mercadokeys.com.mx\/eng\/wp-json\/wp\/v2\/product_tag?post=109726"}],"curies":[{"name":"wp","href":"https:\/\/api.w.org\/{rel}","templated":true}]}}