{"id":109302,"date":"2020-12-18T09:41:38","date_gmt":"2020-12-18T17:41:38","guid":{"rendered":"https:\/\/www.mercadokeys.com\/product\/from-the-depths-steam-cd-key\/"},"modified":"2022-06-28T06:17:58","modified_gmt":"2022-06-28T13:17:58","slug":"from-the-depths-steam-cd-key","status":"publish","type":"product","link":"https:\/\/www.mercadokeys.com.mx\/eng\/product\/from-the-depths-steam-cd-key\/","title":{"rendered":"From the Depths Steam CD Key"},"content":{"rendered":"<p><span style=\"vertical-align: inherit\">\u00a1En From the Depths puedes construir y tomar el mando en primera persona de acorazados, aviones, submarinos, gigantes y terribles gansos, naves espaciales, globos aerost\u00e1ticos y m\u00e1s!. Sin embargo, el juego se encuentra actualmente en versi\u00f3n alfa y contiene una amplia gama de contenido para un jugador que incluye: Un modo creativo que te permite llevar tus dise\u00f1os al l\u00edmite y garantizar la aniquilaci\u00f3n total de tus oponentes. <\/span><\/p>\n<p><span style=\"vertical-align: inherit\">Por su parte, From the Depths tiene una campa\u00f1a librada en cientos de islas contra ocho facciones \u00fanicas. Un modo historia en el que puedes (\u00a1eventualmente!); Jugar 15 misiones con cada una de las ocho facciones: \u00a1una fant\u00e1stica mezcla de estrategia, dise\u00f1o y batallas salvajes!. Del mismo modo, defiende tu flota contra oleadas de fuerzas enemigas en una serie de desaf\u00edos extremadamente dif\u00edciles que desbloquean nuevos componentes. \u00a1Se planea un elemento multijugador y cooperativo expansivo para los pr\u00f3ximos meses!<\/span><\/p>","protected":false},"excerpt":{"rendered":"<p>\u00a1En From the Depths puedes construir y tomar el mando en primera persona de acorazados, aviones, submarinos, gigantes y terribles gansos, naves espaciales, globos aerost\u00e1ticos y m\u00e1s!. Sin embargo, el juego se encuentra actualmente en versi\u00f3n alfa y contiene una amplia gama de contenido para un jugador que incluye: Un modo creativo que te permite&#8230;<\/p>","protected":false},"featured_media":109313,"template":"","meta":{"_monsterinsights_skip_tracking":false,"_monsterinsights_sitenote_active":false,"_monsterinsights_sitenote_note":"","_monsterinsights_sitenote_category":0},"product_brand":[],"product_cat":[1501,2981,1271,1283,1280,1273,1393,1425],"product_tag":[2376,2375,1526],"class_list":{"0":"post-109302","1":"product","2":"type-product","3":"status-publish","4":"has-post-thumbnail","6":"product_cat-tienda-de-videojuegos-ultimos-juegos-tijuana-mexico","7":"product_cat-destacados","8":"product_cat-tienda-de-videojuegos-tijuana-mexico","9":"product_cat-tienda-de-videojuegos-plataformas-tijuana-mexico","10":"product_cat-tienda-de-videojuegos-pc-tijuana-mexico","11":"product_cat-tienda-de-videojuegos-steam-key-tijuana-mexico","12":"product_cat-tienda-de-videojuegos-indie-tijuana-mexico","13":"product_cat-tienda-de-videojuegos-acceso-anticipado-tijuana-mexico","14":"product_tag-from-the-depths","15":"product_tag-from-the-depths-steam","16":"product_tag-steam","18":"first","19":"instock","20":"shipping-taxable","21":"purchasable","22":"product-type-simple"},"yoast_head":"<!-- This site is optimized with the Yoast SEO plugin v27.0 - https:\/\/yoast.com\/product\/yoast-seo-wordpress\/ -->\n<title>From the Depths Steam CD Key - MERCADOKEYS<\/title>\n<meta name=\"description\" content=\"En From the Depths puedes construir y tomar el mando en primera persona de acorazados, aviones, submarinos, gigantes y terribles gansos\" \/>\n<meta name=\"robots\" content=\"index, follow, max-snippet:-1, max-image-preview:large, max-video-preview:-1\" \/>\n<link rel=\"canonical\" href=\"https:\/\/www.mercadokeys.com\/product\/from-the-depths-steam-cd-key\/\" \/>\n<meta property=\"og:locale\" content=\"en_GB\" \/>\n<meta property=\"og:type\" content=\"article\" \/>\n<meta property=\"og:title\" content=\"From the Depths Steam CD Key - MERCADOKEYS\" \/>\n<meta property=\"og:description\" content=\"En From the Depths puedes construir y tomar el mando en primera persona de acorazados, aviones, submarinos, gigantes y terribles gansos\" \/>\n<meta property=\"og:url\" content=\"https:\/\/www.mercadokeys.com\/product\/from-the-depths-steam-cd-key\/\" \/>\n<meta property=\"og:site_name\" content=\"MERCADOKEYS\" \/>\n<meta property=\"article:modified_time\" content=\"2022-06-28T13:17:58+00:00\" \/>\n<meta property=\"og:image\" content=\"https:\/\/www.mercadokeys.com\/wp-content\/uploads\/2020\/12\/from-the-depths_cover_original-2.jpg\" \/>\n\t<meta property=\"og:image:width\" content=\"1920\" \/>\n\t<meta property=\"og:image:height\" content=\"1080\" \/>\n\t<meta property=\"og:image:type\" content=\"image\/jpeg\" \/>\n<meta name=\"twitter:card\" content=\"summary_large_image\" \/>\n<meta name=\"twitter:label1\" content=\"Estimated reading time\" \/>\n\t<meta name=\"twitter:data1\" content=\"1 minute\" \/>\n<script type=\"application\/ld+json\" class=\"yoast-schema-graph\">{\"@context\":\"https:\/\/schema.org\",\"@graph\":[{\"@type\":\"WebPage\",\"@id\":\"https:\/\/www.mercadokeys.com\/product\/from-the-depths-steam-cd-key\/\",\"url\":\"https:\/\/www.mercadokeys.com\/product\/from-the-depths-steam-cd-key\/\",\"name\":\"From the Depths Steam CD Key - MERCADOKEYS\",\"isPartOf\":{\"@id\":\"https:\/\/www.mercadokeys.com\/eng\/#website\"},\"primaryImageOfPage\":{\"@id\":\"https:\/\/www.mercadokeys.com\/product\/from-the-depths-steam-cd-key\/#primaryimage\"},\"image\":{\"@id\":\"https:\/\/www.mercadokeys.com\/product\/from-the-depths-steam-cd-key\/#primaryimage\"},\"thumbnailUrl\":\"https:\/\/www.mercadokeys.com.mx\/wp-content\/uploads\/2020\/12\/from-the-depths_cover_original-2.jpg\",\"datePublished\":\"2020-12-18T17:41:38+00:00\",\"dateModified\":\"2022-06-28T13:17:58+00:00\",\"description\":\"En From the Depths puedes construir y tomar el mando en primera persona de acorazados, aviones, submarinos, gigantes y terribles gansos\",\"breadcrumb\":{\"@id\":\"https:\/\/www.mercadokeys.com\/product\/from-the-depths-steam-cd-key\/#breadcrumb\"},\"inLanguage\":\"en-GB\",\"potentialAction\":[{\"@type\":\"ReadAction\",\"target\":[\"https:\/\/www.mercadokeys.com\/product\/from-the-depths-steam-cd-key\/\"]}]},{\"@type\":\"ImageObject\",\"inLanguage\":\"en-GB\",\"@id\":\"https:\/\/www.mercadokeys.com\/product\/from-the-depths-steam-cd-key\/#primaryimage\",\"url\":\"https:\/\/www.mercadokeys.com.mx\/wp-content\/uploads\/2020\/12\/from-the-depths_cover_original-2.jpg\",\"contentUrl\":\"https:\/\/www.mercadokeys.com.mx\/wp-content\/uploads\/2020\/12\/from-the-depths_cover_original-2.jpg\",\"width\":1920,\"height\":1080,\"caption\":\"En From the Depths puedes construir y tomar el mando en primera persona de acorazados, aviones, submarinos, gigantes y terribles gansos\"},{\"@type\":\"BreadcrumbList\",\"@id\":\"https:\/\/www.mercadokeys.com\/product\/from-the-depths-steam-cd-key\/#breadcrumb\",\"itemListElement\":[{\"@type\":\"ListItem\",\"position\":1,\"name\":\"Inicio\",\"item\":\"https:\/\/www.mercadokeys.com.mx\/\"},{\"@type\":\"ListItem\",\"position\":2,\"name\":\"Tienda\",\"item\":\"https:\/\/www.mercadokeys.com\/shop\/\"},{\"@type\":\"ListItem\",\"position\":3,\"name\":\"From the Depths Steam CD Key\"}]},{\"@type\":\"WebSite\",\"@id\":\"https:\/\/www.mercadokeys.com\/eng\/#website\",\"url\":\"https:\/\/www.mercadokeys.com\/eng\/\",\"name\":\"MERCADOKEYS\",\"description\":\"Tu Tienda de videojuegos digitales en Mexico!\",\"potentialAction\":[{\"@type\":\"SearchAction\",\"target\":{\"@type\":\"EntryPoint\",\"urlTemplate\":\"https:\/\/www.mercadokeys.com\/eng\/?s={search_term_string}\"},\"query-input\":{\"@type\":\"PropertyValueSpecification\",\"valueRequired\":true,\"valueName\":\"search_term_string\"}}],\"inLanguage\":\"en-GB\"}]}<\/script>\n<!-- \/ Yoast SEO plugin. -->","yoast_head_json":{"title":"From the Depths Steam CD Key - MERCADOKEYS","description":"En From the Depths puedes construir y tomar el mando en primera persona de acorazados, aviones, submarinos, gigantes y terribles gansos","robots":{"index":"index","follow":"follow","max-snippet":"max-snippet:-1","max-image-preview":"max-image-preview:large","max-video-preview":"max-video-preview:-1"},"canonical":"https:\/\/www.mercadokeys.com\/product\/from-the-depths-steam-cd-key\/","og_locale":"en_GB","og_type":"article","og_title":"From the Depths Steam CD Key - MERCADOKEYS","og_description":"En From the Depths puedes construir y tomar el mando en primera persona de acorazados, aviones, submarinos, gigantes y terribles gansos","og_url":"https:\/\/www.mercadokeys.com\/product\/from-the-depths-steam-cd-key\/","og_site_name":"MERCADOKEYS","article_modified_time":"2022-06-28T13:17:58+00:00","og_image":[{"width":1920,"height":1080,"url":"https:\/\/www.mercadokeys.com\/wp-content\/uploads\/2020\/12\/from-the-depths_cover_original-2.jpg","type":"image\/jpeg"}],"twitter_card":"summary_large_image","twitter_misc":{"Estimated reading time":"1 minute"},"schema":{"@context":"https:\/\/schema.org","@graph":[{"@type":"WebPage","@id":"https:\/\/www.mercadokeys.com\/product\/from-the-depths-steam-cd-key\/","url":"https:\/\/www.mercadokeys.com\/product\/from-the-depths-steam-cd-key\/","name":"From the Depths Steam CD Key - MERCADOKEYS","isPartOf":{"@id":"https:\/\/www.mercadokeys.com\/eng\/#website"},"primaryImageOfPage":{"@id":"https:\/\/www.mercadokeys.com\/product\/from-the-depths-steam-cd-key\/#primaryimage"},"image":{"@id":"https:\/\/www.mercadokeys.com\/product\/from-the-depths-steam-cd-key\/#primaryimage"},"thumbnailUrl":"https:\/\/www.mercadokeys.com.mx\/wp-content\/uploads\/2020\/12\/from-the-depths_cover_original-2.jpg","datePublished":"2020-12-18T17:41:38+00:00","dateModified":"2022-06-28T13:17:58+00:00","description":"En From the Depths puedes construir y tomar el mando en primera persona de acorazados, aviones, submarinos, gigantes y terribles gansos","breadcrumb":{"@id":"https:\/\/www.mercadokeys.com\/product\/from-the-depths-steam-cd-key\/#breadcrumb"},"inLanguage":"en-GB","potentialAction":[{"@type":"ReadAction","target":["https:\/\/www.mercadokeys.com\/product\/from-the-depths-steam-cd-key\/"]}]},{"@type":"ImageObject","inLanguage":"en-GB","@id":"https:\/\/www.mercadokeys.com\/product\/from-the-depths-steam-cd-key\/#primaryimage","url":"https:\/\/www.mercadokeys.com.mx\/wp-content\/uploads\/2020\/12\/from-the-depths_cover_original-2.jpg","contentUrl":"https:\/\/www.mercadokeys.com.mx\/wp-content\/uploads\/2020\/12\/from-the-depths_cover_original-2.jpg","width":1920,"height":1080,"caption":"En From the Depths puedes construir y tomar el mando en primera persona de acorazados, aviones, submarinos, gigantes y terribles gansos"},{"@type":"BreadcrumbList","@id":"https:\/\/www.mercadokeys.com\/product\/from-the-depths-steam-cd-key\/#breadcrumb","itemListElement":[{"@type":"ListItem","position":1,"name":"Inicio","item":"https:\/\/www.mercadokeys.com.mx\/"},{"@type":"ListItem","position":2,"name":"Tienda","item":"https:\/\/www.mercadokeys.com\/shop\/"},{"@type":"ListItem","position":3,"name":"From the Depths Steam CD Key"}]},{"@type":"WebSite","@id":"https:\/\/www.mercadokeys.com\/eng\/#website","url":"https:\/\/www.mercadokeys.com\/eng\/","name":"MERCADOKEYS","description":"Tu Tienda de videojuegos digitales en Mexico!","potentialAction":[{"@type":"SearchAction","target":{"@type":"EntryPoint","urlTemplate":"https:\/\/www.mercadokeys.com\/eng\/?s={search_term_string}"},"query-input":{"@type":"PropertyValueSpecification","valueRequired":true,"valueName":"search_term_string"}}],"inLanguage":"en-GB"}]}},"df_price":568.521897,"df_sale_price":568.521897,"df_regular_price":568.521897,"df_image_link":"https:\/\/www.mercadokeys.com.mx\/wp-content\/uploads\/2020\/12\/from-the-depths_cover_original-2-300x169.jpg","_links":{"self":[{"href":"https:\/\/www.mercadokeys.com.mx\/eng\/wp-json\/wp\/v2\/product\/109302","targetHints":{"allow":["GET"]}}],"collection":[{"href":"https:\/\/www.mercadokeys.com.mx\/eng\/wp-json\/wp\/v2\/product"}],"about":[{"href":"https:\/\/www.mercadokeys.com.mx\/eng\/wp-json\/wp\/v2\/types\/product"}],"wp:featuredmedia":[{"embeddable":true,"href":"https:\/\/www.mercadokeys.com.mx\/eng\/wp-json\/wp\/v2\/media\/109313"}],"wp:attachment":[{"href":"https:\/\/www.mercadokeys.com.mx\/eng\/wp-json\/wp\/v2\/media?parent=109302"}],"wp:term":[{"taxonomy":"product_brand","embeddable":true,"href":"https:\/\/www.mercadokeys.com.mx\/eng\/wp-json\/wp\/v2\/product_brand?post=109302"},{"taxonomy":"product_cat","embeddable":true,"href":"https:\/\/www.mercadokeys.com.mx\/eng\/wp-json\/wp\/v2\/product_cat?post=109302"},{"taxonomy":"product_tag","embeddable":true,"href":"https:\/\/www.mercadokeys.com.mx\/eng\/wp-json\/wp\/v2\/product_tag?post=109302"}],"curies":[{"name":"wp","href":"https:\/\/api.w.org\/{rel}","templated":true}]}}