{"id":109161,"date":"2020-12-18T09:31:58","date_gmt":"2020-12-18T17:31:58","guid":{"rendered":"https:\/\/www.mercadokeys.com\/product\/screencheat-steam-cd-key\/"},"modified":"2022-06-28T06:17:09","modified_gmt":"2022-06-28T13:17:09","slug":"screencheat-steam-cd-key","status":"publish","type":"product","link":"https:\/\/www.mercadokeys.com.mx\/eng\/product\/screencheat-steam-cd-key\/","title":{"rendered":"Screencheat Steam CD Key"},"content":{"rendered":"<p><span style=\"vertical-align: inherit\">Screencheat es un ca\u00f3tico juego de disparos multijugador en pantalla dividida que obliga a los jugadores a repensar la forma en que abordan los juegos multijugador convencionales. En el campo de Screencheat, los tiempos de reacci\u00f3n r\u00e1pidos no son suficientes para mantenerte con vida. Cuando todos son invisibles; los jugadores tendr\u00e1n que dominar el arte de echar un vistazo no tan furtivo a las pantallas de sus oponentes; y averiguar d\u00f3nde se encuentran bas\u00e1ndose en \u00e1reas del mapa de colores \u00fanicos y puntos de referencia distintivos.<\/span><\/p>\n<p><span style=\"vertical-align: inherit\"> Screencheat rinde homenaje a la competencia ic\u00f3nica primero- tiradores de personas como Goldeneye, Perfect Dark y Halo, al combinar los elementos que todos adoran de esos juegos y agitarlos con su propia versi\u00f3n \u00fanica del g\u00e9nero. Cuando todo el mundo est\u00e1 acostumbrado a seguir las reglas; \u00bfpuedes adaptarte a los juegos no convencionales lo suficientemente r\u00e1pido como para tener la ventaja?<\/span><\/p>","protected":false},"excerpt":{"rendered":"<p>Screencheat es un ca\u00f3tico juego de disparos multijugador en pantalla dividida que obliga a los jugadores a repensar la forma en que abordan los juegos multijugador convencionales. En el campo de Screencheat, los tiempos de reacci\u00f3n r\u00e1pidos no son suficientes para mantenerte con vida. Cuando todos son invisibles; los jugadores tendr\u00e1n que dominar el arte&#8230;<\/p>","protected":false},"featured_media":109180,"template":"","meta":{"_monsterinsights_skip_tracking":false,"_monsterinsights_sitenote_active":false,"_monsterinsights_sitenote_note":"","_monsterinsights_sitenote_category":0},"product_brand":[],"product_cat":[1501,2981,1271,1420,1283,1280,1273,1393,1428],"product_tag":[1541,1526],"class_list":{"0":"post-109161","1":"product","2":"type-product","3":"status-publish","4":"has-post-thumbnail","6":"product_cat-tienda-de-videojuegos-ultimos-juegos-tijuana-mexico","7":"product_cat-destacados","8":"product_cat-tienda-de-videojuegos-tijuana-mexico","9":"product_cat-tienda-de-videojuegos-populares-tijuana-mexico","10":"product_cat-tienda-de-videojuegos-plataformas-tijuana-mexico","11":"product_cat-tienda-de-videojuegos-pc-tijuana-mexico","12":"product_cat-tienda-de-videojuegos-steam-key-tijuana-mexico","13":"product_cat-tienda-de-videojuegos-indie-tijuana-mexico","14":"product_cat-tienda-de-videojuegos-cooperativos-tijuana-mexico","15":"product_tag-screencheat","16":"product_tag-steam","18":"first","19":"instock","20":"shipping-taxable","21":"purchasable","22":"product-type-simple"},"yoast_head":"<!-- This site is optimized with the Yoast SEO plugin v27.0 - https:\/\/yoast.com\/product\/yoast-seo-wordpress\/ -->\n<title>Screencheat Steam CD Key - MERCADOKEYS<\/title>\n<meta name=\"description\" content=\"Screencheat es un ca\u00f3tico juego de disparos multijugador en pantalla dividida que obliga a los jugadores a repensar la forma en que abordan los juegos\" \/>\n<meta name=\"robots\" content=\"index, follow, max-snippet:-1, max-image-preview:large, max-video-preview:-1\" \/>\n<link rel=\"canonical\" href=\"https:\/\/www.mercadokeys.com\/product\/screencheat-steam-cd-key\/\" \/>\n<meta property=\"og:locale\" content=\"en_GB\" \/>\n<meta property=\"og:type\" content=\"article\" \/>\n<meta property=\"og:title\" content=\"Screencheat Steam CD Key - MERCADOKEYS\" \/>\n<meta property=\"og:description\" content=\"Screencheat es un ca\u00f3tico juego de disparos multijugador en pantalla dividida que obliga a los jugadores a repensar la forma en que abordan los juegos\" \/>\n<meta property=\"og:url\" content=\"https:\/\/www.mercadokeys.com\/product\/screencheat-steam-cd-key\/\" \/>\n<meta property=\"og:site_name\" content=\"MERCADOKEYS\" \/>\n<meta property=\"article:modified_time\" content=\"2022-06-28T13:17:09+00:00\" \/>\n<meta property=\"og:image\" content=\"https:\/\/www.mercadokeys.com\/wp-content\/uploads\/2020\/12\/screencheat_cover_original-1.jpg\" \/>\n\t<meta property=\"og:image:width\" content=\"600\" \/>\n\t<meta property=\"og:image:height\" content=\"800\" \/>\n\t<meta property=\"og:image:type\" content=\"image\/jpeg\" \/>\n<meta name=\"twitter:card\" content=\"summary_large_image\" \/>\n<meta name=\"twitter:label1\" content=\"Estimated reading time\" \/>\n\t<meta name=\"twitter:data1\" content=\"1 minute\" \/>\n<script type=\"application\/ld+json\" class=\"yoast-schema-graph\">{\"@context\":\"https:\/\/schema.org\",\"@graph\":[{\"@type\":\"WebPage\",\"@id\":\"https:\/\/www.mercadokeys.com\/product\/screencheat-steam-cd-key\/\",\"url\":\"https:\/\/www.mercadokeys.com\/product\/screencheat-steam-cd-key\/\",\"name\":\"Screencheat Steam CD Key - MERCADOKEYS\",\"isPartOf\":{\"@id\":\"https:\/\/www.mercadokeys.com\/eng\/#website\"},\"primaryImageOfPage\":{\"@id\":\"https:\/\/www.mercadokeys.com\/product\/screencheat-steam-cd-key\/#primaryimage\"},\"image\":{\"@id\":\"https:\/\/www.mercadokeys.com\/product\/screencheat-steam-cd-key\/#primaryimage\"},\"thumbnailUrl\":\"https:\/\/www.mercadokeys.com.mx\/wp-content\/uploads\/2020\/12\/screencheat_cover_original-1.jpg\",\"datePublished\":\"2020-12-18T17:31:58+00:00\",\"dateModified\":\"2022-06-28T13:17:09+00:00\",\"description\":\"Screencheat es un ca\u00f3tico juego de disparos multijugador en pantalla dividida que obliga a los jugadores a repensar la forma en que abordan los juegos\",\"breadcrumb\":{\"@id\":\"https:\/\/www.mercadokeys.com\/product\/screencheat-steam-cd-key\/#breadcrumb\"},\"inLanguage\":\"en-GB\",\"potentialAction\":[{\"@type\":\"ReadAction\",\"target\":[\"https:\/\/www.mercadokeys.com\/product\/screencheat-steam-cd-key\/\"]}]},{\"@type\":\"ImageObject\",\"inLanguage\":\"en-GB\",\"@id\":\"https:\/\/www.mercadokeys.com\/product\/screencheat-steam-cd-key\/#primaryimage\",\"url\":\"https:\/\/www.mercadokeys.com.mx\/wp-content\/uploads\/2020\/12\/screencheat_cover_original-1.jpg\",\"contentUrl\":\"https:\/\/www.mercadokeys.com.mx\/wp-content\/uploads\/2020\/12\/screencheat_cover_original-1.jpg\",\"width\":600,\"height\":800,\"caption\":\"Screencheat es un ca\u00f3tico juego de disparos multijugador en pantalla dividida que obliga a los jugadores a repensar la forma en que abordan los juegos\"},{\"@type\":\"BreadcrumbList\",\"@id\":\"https:\/\/www.mercadokeys.com\/product\/screencheat-steam-cd-key\/#breadcrumb\",\"itemListElement\":[{\"@type\":\"ListItem\",\"position\":1,\"name\":\"Inicio\",\"item\":\"https:\/\/www.mercadokeys.com.mx\/\"},{\"@type\":\"ListItem\",\"position\":2,\"name\":\"Tienda\",\"item\":\"https:\/\/www.mercadokeys.com\/shop\/\"},{\"@type\":\"ListItem\",\"position\":3,\"name\":\"Screencheat Steam CD Key\"}]},{\"@type\":\"WebSite\",\"@id\":\"https:\/\/www.mercadokeys.com\/eng\/#website\",\"url\":\"https:\/\/www.mercadokeys.com\/eng\/\",\"name\":\"MERCADOKEYS\",\"description\":\"Tu Tienda de videojuegos digitales en Mexico!\",\"potentialAction\":[{\"@type\":\"SearchAction\",\"target\":{\"@type\":\"EntryPoint\",\"urlTemplate\":\"https:\/\/www.mercadokeys.com\/eng\/?s={search_term_string}\"},\"query-input\":{\"@type\":\"PropertyValueSpecification\",\"valueRequired\":true,\"valueName\":\"search_term_string\"}}],\"inLanguage\":\"en-GB\"}]}<\/script>\n<!-- \/ Yoast SEO plugin. -->","yoast_head_json":{"title":"Screencheat Steam CD Key - MERCADOKEYS","description":"Screencheat es un ca\u00f3tico juego de disparos multijugador en pantalla dividida que obliga a los jugadores a repensar la forma en que abordan los juegos","robots":{"index":"index","follow":"follow","max-snippet":"max-snippet:-1","max-image-preview":"max-image-preview:large","max-video-preview":"max-video-preview:-1"},"canonical":"https:\/\/www.mercadokeys.com\/product\/screencheat-steam-cd-key\/","og_locale":"en_GB","og_type":"article","og_title":"Screencheat Steam CD Key - MERCADOKEYS","og_description":"Screencheat es un ca\u00f3tico juego de disparos multijugador en pantalla dividida que obliga a los jugadores a repensar la forma en que abordan los juegos","og_url":"https:\/\/www.mercadokeys.com\/product\/screencheat-steam-cd-key\/","og_site_name":"MERCADOKEYS","article_modified_time":"2022-06-28T13:17:09+00:00","og_image":[{"width":600,"height":800,"url":"https:\/\/www.mercadokeys.com\/wp-content\/uploads\/2020\/12\/screencheat_cover_original-1.jpg","type":"image\/jpeg"}],"twitter_card":"summary_large_image","twitter_misc":{"Estimated reading time":"1 minute"},"schema":{"@context":"https:\/\/schema.org","@graph":[{"@type":"WebPage","@id":"https:\/\/www.mercadokeys.com\/product\/screencheat-steam-cd-key\/","url":"https:\/\/www.mercadokeys.com\/product\/screencheat-steam-cd-key\/","name":"Screencheat Steam CD Key - MERCADOKEYS","isPartOf":{"@id":"https:\/\/www.mercadokeys.com\/eng\/#website"},"primaryImageOfPage":{"@id":"https:\/\/www.mercadokeys.com\/product\/screencheat-steam-cd-key\/#primaryimage"},"image":{"@id":"https:\/\/www.mercadokeys.com\/product\/screencheat-steam-cd-key\/#primaryimage"},"thumbnailUrl":"https:\/\/www.mercadokeys.com.mx\/wp-content\/uploads\/2020\/12\/screencheat_cover_original-1.jpg","datePublished":"2020-12-18T17:31:58+00:00","dateModified":"2022-06-28T13:17:09+00:00","description":"Screencheat es un ca\u00f3tico juego de disparos multijugador en pantalla dividida que obliga a los jugadores a repensar la forma en que abordan los juegos","breadcrumb":{"@id":"https:\/\/www.mercadokeys.com\/product\/screencheat-steam-cd-key\/#breadcrumb"},"inLanguage":"en-GB","potentialAction":[{"@type":"ReadAction","target":["https:\/\/www.mercadokeys.com\/product\/screencheat-steam-cd-key\/"]}]},{"@type":"ImageObject","inLanguage":"en-GB","@id":"https:\/\/www.mercadokeys.com\/product\/screencheat-steam-cd-key\/#primaryimage","url":"https:\/\/www.mercadokeys.com.mx\/wp-content\/uploads\/2020\/12\/screencheat_cover_original-1.jpg","contentUrl":"https:\/\/www.mercadokeys.com.mx\/wp-content\/uploads\/2020\/12\/screencheat_cover_original-1.jpg","width":600,"height":800,"caption":"Screencheat es un ca\u00f3tico juego de disparos multijugador en pantalla dividida que obliga a los jugadores a repensar la forma en que abordan los juegos"},{"@type":"BreadcrumbList","@id":"https:\/\/www.mercadokeys.com\/product\/screencheat-steam-cd-key\/#breadcrumb","itemListElement":[{"@type":"ListItem","position":1,"name":"Inicio","item":"https:\/\/www.mercadokeys.com.mx\/"},{"@type":"ListItem","position":2,"name":"Tienda","item":"https:\/\/www.mercadokeys.com\/shop\/"},{"@type":"ListItem","position":3,"name":"Screencheat Steam CD Key"}]},{"@type":"WebSite","@id":"https:\/\/www.mercadokeys.com\/eng\/#website","url":"https:\/\/www.mercadokeys.com\/eng\/","name":"MERCADOKEYS","description":"Tu Tienda de videojuegos digitales en Mexico!","potentialAction":[{"@type":"SearchAction","target":{"@type":"EntryPoint","urlTemplate":"https:\/\/www.mercadokeys.com\/eng\/?s={search_term_string}"},"query-input":{"@type":"PropertyValueSpecification","valueRequired":true,"valueName":"search_term_string"}}],"inLanguage":"en-GB"}]}},"df_price":163.816214,"df_sale_price":163.816214,"df_regular_price":163.816214,"df_image_link":"https:\/\/www.mercadokeys.com.mx\/wp-content\/uploads\/2020\/12\/screencheat_cover_original-1-225x300.jpg","_links":{"self":[{"href":"https:\/\/www.mercadokeys.com.mx\/eng\/wp-json\/wp\/v2\/product\/109161","targetHints":{"allow":["GET"]}}],"collection":[{"href":"https:\/\/www.mercadokeys.com.mx\/eng\/wp-json\/wp\/v2\/product"}],"about":[{"href":"https:\/\/www.mercadokeys.com.mx\/eng\/wp-json\/wp\/v2\/types\/product"}],"wp:featuredmedia":[{"embeddable":true,"href":"https:\/\/www.mercadokeys.com.mx\/eng\/wp-json\/wp\/v2\/media\/109180"}],"wp:attachment":[{"href":"https:\/\/www.mercadokeys.com.mx\/eng\/wp-json\/wp\/v2\/media?parent=109161"}],"wp:term":[{"taxonomy":"product_brand","embeddable":true,"href":"https:\/\/www.mercadokeys.com.mx\/eng\/wp-json\/wp\/v2\/product_brand?post=109161"},{"taxonomy":"product_cat","embeddable":true,"href":"https:\/\/www.mercadokeys.com.mx\/eng\/wp-json\/wp\/v2\/product_cat?post=109161"},{"taxonomy":"product_tag","embeddable":true,"href":"https:\/\/www.mercadokeys.com.mx\/eng\/wp-json\/wp\/v2\/product_tag?post=109161"}],"curies":[{"name":"wp","href":"https:\/\/api.w.org\/{rel}","templated":true}]}}