{"id":109133,"date":"2020-12-18T09:30:14","date_gmt":"2020-12-18T17:30:14","guid":{"rendered":"https:\/\/www.mercadokeys.com\/product\/sacred-3-steam-cd-key\/"},"modified":"2022-06-28T06:16:55","modified_gmt":"2022-06-28T13:16:55","slug":"sacred-3-steam-cd-key","status":"publish","type":"product","link":"https:\/\/www.mercadokeys.com.mx\/eng\/product\/sacred-3-steam-cd-key\/","title":{"rendered":"Sacred 3 Steam CD Key"},"content":{"rendered":"<p><span style=\"vertical-align: inherit\">Sacred 3 presenta la acci\u00f3n cl\u00e1sica de arcade Hack n &#8216;Slash centrada en el modo multijugador cooperativo de entrada y salida para jugar fuera de l\u00ednea (2 jugadores) y en l\u00ednea (4 jugadores). Desarrolla las habilidades y habilidades de tu personaje y \u00fanete para usar poderosas habilidades y t\u00e1cticas cooperativas. Domina el arte de la guerra y \u00e1brete camino a trav\u00e9s de las hordas enemigas para convertirte en el h\u00e9roe m\u00e1s grande de todos. Sum\u00e9rgete en la rica tradici\u00f3n y fantas\u00eda del universo sagrado. Sacred 3 est\u00e1 lleno de niveles visualmente deslumbrantes, entornos completamente nuevos y familiares, el continente de Ancaria nunca se hab\u00eda sentido tan vivo. Explora este mundo a trav\u00e9s de los h\u00e9roes y sus culturas y lucha contra el surgimiento del mal hasta el amargo final.<\/span><\/p>","protected":false},"excerpt":{"rendered":"<p>Sacred 3 presenta la acci\u00f3n cl\u00e1sica de arcade Hack n &#8216;Slash centrada en el modo multijugador cooperativo de entrada y salida para jugar fuera de l\u00ednea (2 jugadores) y en l\u00ednea (4 jugadores). Desarrolla las habilidades y habilidades de tu personaje y \u00fanete para usar poderosas habilidades y t\u00e1cticas cooperativas. Domina el arte de la&#8230;<\/p>","protected":false},"featured_media":109146,"template":"","meta":{"_monsterinsights_skip_tracking":false,"_monsterinsights_sitenote_active":false,"_monsterinsights_sitenote_note":"","_monsterinsights_sitenote_category":0},"product_brand":[],"product_cat":[1501,2981,3596,1271,3164,1420,1283,1280,1273,1405,1428],"product_tag":[1542,1526],"class_list":{"0":"post-109133","1":"product","2":"type-product","3":"status-publish","4":"has-post-thumbnail","6":"product_cat-tienda-de-videojuegos-ultimos-juegos-tijuana-mexico","7":"product_cat-destacados","8":"product_cat-tienda-de-videojuegos-steam-recomendados-en-tijuana-mexico","9":"product_cat-tienda-de-videojuegos-tijuana-mexico","10":"product_cat-tienda-de-videojuegos-baratos-economicos-tijuana-mexico","11":"product_cat-tienda-de-videojuegos-populares-tijuana-mexico","12":"product_cat-tienda-de-videojuegos-plataformas-tijuana-mexico","13":"product_cat-tienda-de-videojuegos-pc-tijuana-mexico","14":"product_cat-tienda-de-videojuegos-steam-key-tijuana-mexico","15":"product_cat-tienda-de-videojuegos-rpg-tijuana-mexico","16":"product_cat-tienda-de-videojuegos-cooperativos-tijuana-mexico","17":"product_tag-sacred-3","18":"product_tag-steam","20":"first","21":"instock","22":"shipping-taxable","23":"purchasable","24":"product-type-simple"},"yoast_head":"<!-- This site is optimized with the Yoast SEO plugin v27.0 - https:\/\/yoast.com\/product\/yoast-seo-wordpress\/ -->\n<title>Sacred 3 Steam CD Key - MERCADOKEYS<\/title>\n<meta name=\"description\" content=\"Sacred 3 presenta la acci\u00f3n cl\u00e1sica de arcade Hack n &#039;Slash centrada en el modo multijugador cooperativo de entrada y salida para jugar fuera de l\u00ednea\" \/>\n<meta name=\"robots\" content=\"index, follow, max-snippet:-1, max-image-preview:large, max-video-preview:-1\" \/>\n<link rel=\"canonical\" href=\"https:\/\/www.mercadokeys.com\/product\/sacred-3-steam-cd-key\/\" \/>\n<meta property=\"og:locale\" content=\"en_GB\" \/>\n<meta property=\"og:type\" content=\"article\" \/>\n<meta property=\"og:title\" content=\"Sacred 3 Steam CD Key - MERCADOKEYS\" \/>\n<meta property=\"og:description\" content=\"Sacred 3 presenta la acci\u00f3n cl\u00e1sica de arcade Hack n &#039;Slash centrada en el modo multijugador cooperativo de entrada y salida para jugar fuera de l\u00ednea\" \/>\n<meta property=\"og:url\" content=\"https:\/\/www.mercadokeys.com\/product\/sacred-3-steam-cd-key\/\" \/>\n<meta property=\"og:site_name\" content=\"MERCADOKEYS\" \/>\n<meta property=\"article:modified_time\" content=\"2022-06-28T13:16:55+00:00\" \/>\n<meta property=\"og:image\" content=\"https:\/\/www.mercadokeys.com\/wp-content\/uploads\/2020\/12\/sacred-3_cover_original-1.jpg\" \/>\n\t<meta property=\"og:image:width\" content=\"1061\" \/>\n\t<meta property=\"og:image:height\" content=\"1316\" \/>\n\t<meta property=\"og:image:type\" content=\"image\/jpeg\" \/>\n<meta name=\"twitter:card\" content=\"summary_large_image\" \/>\n<meta name=\"twitter:label1\" content=\"Estimated reading time\" \/>\n\t<meta name=\"twitter:data1\" content=\"1 minute\" \/>\n<script type=\"application\/ld+json\" class=\"yoast-schema-graph\">{\"@context\":\"https:\/\/schema.org\",\"@graph\":[{\"@type\":\"WebPage\",\"@id\":\"https:\/\/www.mercadokeys.com\/product\/sacred-3-steam-cd-key\/\",\"url\":\"https:\/\/www.mercadokeys.com\/product\/sacred-3-steam-cd-key\/\",\"name\":\"Sacred 3 Steam CD Key - MERCADOKEYS\",\"isPartOf\":{\"@id\":\"https:\/\/www.mercadokeys.com\/eng\/#website\"},\"primaryImageOfPage\":{\"@id\":\"https:\/\/www.mercadokeys.com\/product\/sacred-3-steam-cd-key\/#primaryimage\"},\"image\":{\"@id\":\"https:\/\/www.mercadokeys.com\/product\/sacred-3-steam-cd-key\/#primaryimage\"},\"thumbnailUrl\":\"https:\/\/www.mercadokeys.com.mx\/wp-content\/uploads\/2020\/12\/sacred-3_cover_original-1.jpg\",\"datePublished\":\"2020-12-18T17:30:14+00:00\",\"dateModified\":\"2022-06-28T13:16:55+00:00\",\"description\":\"Sacred 3 presenta la acci\u00f3n cl\u00e1sica de arcade Hack n 'Slash centrada en el modo multijugador cooperativo de entrada y salida para jugar fuera de l\u00ednea\",\"breadcrumb\":{\"@id\":\"https:\/\/www.mercadokeys.com\/product\/sacred-3-steam-cd-key\/#breadcrumb\"},\"inLanguage\":\"en-GB\",\"potentialAction\":[{\"@type\":\"ReadAction\",\"target\":[\"https:\/\/www.mercadokeys.com\/product\/sacred-3-steam-cd-key\/\"]}]},{\"@type\":\"ImageObject\",\"inLanguage\":\"en-GB\",\"@id\":\"https:\/\/www.mercadokeys.com\/product\/sacred-3-steam-cd-key\/#primaryimage\",\"url\":\"https:\/\/www.mercadokeys.com.mx\/wp-content\/uploads\/2020\/12\/sacred-3_cover_original-1.jpg\",\"contentUrl\":\"https:\/\/www.mercadokeys.com.mx\/wp-content\/uploads\/2020\/12\/sacred-3_cover_original-1.jpg\",\"width\":1061,\"height\":1316,\"caption\":\"Sacred 3 presenta la acci\u00f3n cl\u00e1sica de arcade Hack n 'Slash centrada en el modo multijugador cooperativo de entrada y salida para jugar fuera de l\u00ednea\"},{\"@type\":\"BreadcrumbList\",\"@id\":\"https:\/\/www.mercadokeys.com\/product\/sacred-3-steam-cd-key\/#breadcrumb\",\"itemListElement\":[{\"@type\":\"ListItem\",\"position\":1,\"name\":\"Inicio\",\"item\":\"https:\/\/www.mercadokeys.com.mx\/\"},{\"@type\":\"ListItem\",\"position\":2,\"name\":\"Tienda\",\"item\":\"https:\/\/www.mercadokeys.com\/shop\/\"},{\"@type\":\"ListItem\",\"position\":3,\"name\":\"Sacred 3 Steam CD Key\"}]},{\"@type\":\"WebSite\",\"@id\":\"https:\/\/www.mercadokeys.com\/eng\/#website\",\"url\":\"https:\/\/www.mercadokeys.com\/eng\/\",\"name\":\"MERCADOKEYS\",\"description\":\"Tu Tienda de videojuegos digitales en Mexico!\",\"potentialAction\":[{\"@type\":\"SearchAction\",\"target\":{\"@type\":\"EntryPoint\",\"urlTemplate\":\"https:\/\/www.mercadokeys.com\/eng\/?s={search_term_string}\"},\"query-input\":{\"@type\":\"PropertyValueSpecification\",\"valueRequired\":true,\"valueName\":\"search_term_string\"}}],\"inLanguage\":\"en-GB\"}]}<\/script>\n<!-- \/ Yoast SEO plugin. -->","yoast_head_json":{"title":"Sacred 3 Steam CD Key - MERCADOKEYS","description":"Sacred 3 presenta la acci\u00f3n cl\u00e1sica de arcade Hack n 'Slash centrada en el modo multijugador cooperativo de entrada y salida para jugar fuera de l\u00ednea","robots":{"index":"index","follow":"follow","max-snippet":"max-snippet:-1","max-image-preview":"max-image-preview:large","max-video-preview":"max-video-preview:-1"},"canonical":"https:\/\/www.mercadokeys.com\/product\/sacred-3-steam-cd-key\/","og_locale":"en_GB","og_type":"article","og_title":"Sacred 3 Steam CD Key - MERCADOKEYS","og_description":"Sacred 3 presenta la acci\u00f3n cl\u00e1sica de arcade Hack n 'Slash centrada en el modo multijugador cooperativo de entrada y salida para jugar fuera de l\u00ednea","og_url":"https:\/\/www.mercadokeys.com\/product\/sacred-3-steam-cd-key\/","og_site_name":"MERCADOKEYS","article_modified_time":"2022-06-28T13:16:55+00:00","og_image":[{"width":1061,"height":1316,"url":"https:\/\/www.mercadokeys.com\/wp-content\/uploads\/2020\/12\/sacred-3_cover_original-1.jpg","type":"image\/jpeg"}],"twitter_card":"summary_large_image","twitter_misc":{"Estimated reading time":"1 minute"},"schema":{"@context":"https:\/\/schema.org","@graph":[{"@type":"WebPage","@id":"https:\/\/www.mercadokeys.com\/product\/sacred-3-steam-cd-key\/","url":"https:\/\/www.mercadokeys.com\/product\/sacred-3-steam-cd-key\/","name":"Sacred 3 Steam CD Key - MERCADOKEYS","isPartOf":{"@id":"https:\/\/www.mercadokeys.com\/eng\/#website"},"primaryImageOfPage":{"@id":"https:\/\/www.mercadokeys.com\/product\/sacred-3-steam-cd-key\/#primaryimage"},"image":{"@id":"https:\/\/www.mercadokeys.com\/product\/sacred-3-steam-cd-key\/#primaryimage"},"thumbnailUrl":"https:\/\/www.mercadokeys.com.mx\/wp-content\/uploads\/2020\/12\/sacred-3_cover_original-1.jpg","datePublished":"2020-12-18T17:30:14+00:00","dateModified":"2022-06-28T13:16:55+00:00","description":"Sacred 3 presenta la acci\u00f3n cl\u00e1sica de arcade Hack n 'Slash centrada en el modo multijugador cooperativo de entrada y salida para jugar fuera de l\u00ednea","breadcrumb":{"@id":"https:\/\/www.mercadokeys.com\/product\/sacred-3-steam-cd-key\/#breadcrumb"},"inLanguage":"en-GB","potentialAction":[{"@type":"ReadAction","target":["https:\/\/www.mercadokeys.com\/product\/sacred-3-steam-cd-key\/"]}]},{"@type":"ImageObject","inLanguage":"en-GB","@id":"https:\/\/www.mercadokeys.com\/product\/sacred-3-steam-cd-key\/#primaryimage","url":"https:\/\/www.mercadokeys.com.mx\/wp-content\/uploads\/2020\/12\/sacred-3_cover_original-1.jpg","contentUrl":"https:\/\/www.mercadokeys.com.mx\/wp-content\/uploads\/2020\/12\/sacred-3_cover_original-1.jpg","width":1061,"height":1316,"caption":"Sacred 3 presenta la acci\u00f3n cl\u00e1sica de arcade Hack n 'Slash centrada en el modo multijugador cooperativo de entrada y salida para jugar fuera de l\u00ednea"},{"@type":"BreadcrumbList","@id":"https:\/\/www.mercadokeys.com\/product\/sacred-3-steam-cd-key\/#breadcrumb","itemListElement":[{"@type":"ListItem","position":1,"name":"Inicio","item":"https:\/\/www.mercadokeys.com.mx\/"},{"@type":"ListItem","position":2,"name":"Tienda","item":"https:\/\/www.mercadokeys.com\/shop\/"},{"@type":"ListItem","position":3,"name":"Sacred 3 Steam CD Key"}]},{"@type":"WebSite","@id":"https:\/\/www.mercadokeys.com\/eng\/#website","url":"https:\/\/www.mercadokeys.com\/eng\/","name":"MERCADOKEYS","description":"Tu Tienda de videojuegos digitales en Mexico!","potentialAction":[{"@type":"SearchAction","target":{"@type":"EntryPoint","urlTemplate":"https:\/\/www.mercadokeys.com\/eng\/?s={search_term_string}"},"query-input":{"@type":"PropertyValueSpecification","valueRequired":true,"valueName":"search_term_string"}}],"inLanguage":"en-GB"}]}},"df_price":33.664906,"df_sale_price":33.664906,"df_regular_price":33.664906,"df_image_link":"https:\/\/www.mercadokeys.com.mx\/wp-content\/uploads\/2020\/12\/sacred-3_cover_original-1-242x300.jpg","_links":{"self":[{"href":"https:\/\/www.mercadokeys.com.mx\/eng\/wp-json\/wp\/v2\/product\/109133","targetHints":{"allow":["GET"]}}],"collection":[{"href":"https:\/\/www.mercadokeys.com.mx\/eng\/wp-json\/wp\/v2\/product"}],"about":[{"href":"https:\/\/www.mercadokeys.com.mx\/eng\/wp-json\/wp\/v2\/types\/product"}],"wp:featuredmedia":[{"embeddable":true,"href":"https:\/\/www.mercadokeys.com.mx\/eng\/wp-json\/wp\/v2\/media\/109146"}],"wp:attachment":[{"href":"https:\/\/www.mercadokeys.com.mx\/eng\/wp-json\/wp\/v2\/media?parent=109133"}],"wp:term":[{"taxonomy":"product_brand","embeddable":true,"href":"https:\/\/www.mercadokeys.com.mx\/eng\/wp-json\/wp\/v2\/product_brand?post=109133"},{"taxonomy":"product_cat","embeddable":true,"href":"https:\/\/www.mercadokeys.com.mx\/eng\/wp-json\/wp\/v2\/product_cat?post=109133"},{"taxonomy":"product_tag","embeddable":true,"href":"https:\/\/www.mercadokeys.com.mx\/eng\/wp-json\/wp\/v2\/product_tag?post=109133"}],"curies":[{"name":"wp","href":"https:\/\/api.w.org\/{rel}","templated":true}]}}