{"id":108401,"date":"2020-12-18T08:42:22","date_gmt":"2020-12-18T16:42:22","guid":{"rendered":"https:\/\/www.mercadokeys.com\/product\/shenmue-iii-steam-cd-key\/"},"modified":"2022-06-28T06:17:37","modified_gmt":"2022-06-28T13:17:37","slug":"shenmue-iii-steam-cd-key","status":"publish","type":"product","link":"https:\/\/www.mercadokeys.com.mx\/eng\/product\/shenmue-iii-steam-cd-key\/","title":{"rendered":"Shenmue III Steam CD Key"},"content":{"rendered":"<p><span style=\"vertical-align: inherit;\">Shenmue III es un pr\u00f3ximo videojuego de acci\u00f3n y aventuras y la secuela del juego Shenmue II de 2001. Sigue al artista marcial adolescente Ryo Hazuki en su b\u00fasqueda para encontrar al asesino de su padre en la China de los 80. En 2015, Suzuki lanz\u00f3 una campa\u00f1a de crowdfunding en Kickstarter para ayudar a financiar Shenmue III y la campa\u00f1a alcanz\u00f3 su objetivo inicial de $ 2 millones de d\u00f3lares en menos de ocho horas. La campa\u00f1a termin\u00f3 en julio con la recaudaci\u00f3n de m\u00e1s de $ 6 millones, convirti\u00e9ndose en el videojuego m\u00e1s financiado en la historia de Kickstarter.<\/span><\/p>","protected":false},"excerpt":{"rendered":"<p>Shenmue III es un pr\u00f3ximo videojuego de acci\u00f3n y aventuras y la secuela del juego Shenmue II de 2001. Sigue al artista marcial adolescente Ryo Hazuki en su b\u00fasqueda para encontrar al asesino de su padre en la China de los 80. En 2015, Suzuki lanz\u00f3 una campa\u00f1a de crowdfunding en Kickstarter para ayudar a&#8230;<\/p>","protected":false},"featured_media":118108,"template":"","meta":{"_monsterinsights_skip_tracking":false,"_monsterinsights_sitenote_active":false,"_monsterinsights_sitenote_note":"","_monsterinsights_sitenote_category":0},"product_brand":[],"product_cat":[2981,3596,1271,3164,1283,1280,1273,1394,1423],"product_tag":[2159,2158,2157,1526],"class_list":{"0":"post-108401","1":"product","2":"type-product","3":"status-publish","4":"has-post-thumbnail","6":"product_cat-destacados","7":"product_cat-tienda-de-videojuegos-steam-recomendados-en-tijuana-mexico","8":"product_cat-tienda-de-videojuegos-tijuana-mexico","9":"product_cat-tienda-de-videojuegos-baratos-economicos-tijuana-mexico","10":"product_cat-tienda-de-videojuegos-plataformas-tijuana-mexico","11":"product_cat-tienda-de-videojuegos-pc-tijuana-mexico","12":"product_cat-tienda-de-videojuegos-steam-key-tijuana-mexico","13":"product_cat-tienda-de-videojuegos-aventura-tijuana-mexico","14":"product_cat-tienda-de-videojuegos-nuevos-lanzamientos-tijuana-mexico","15":"product_tag-shenmue","16":"product_tag-shenmue-iii","17":"product_tag-shenmue-iii-steam","18":"product_tag-steam","20":"first","21":"instock","22":"shipping-taxable","23":"purchasable","24":"product-type-simple"},"yoast_head":"<!-- This site is optimized with the Yoast SEO plugin v27.0 - https:\/\/yoast.com\/product\/yoast-seo-wordpress\/ -->\n<title>Shenmue III Steam CD Key - MERCADOKEYS<\/title>\n<meta name=\"description\" content=\"Shenmue III es un pr\u00f3ximo videojuego de acci\u00f3n y aventuras y la secuela del juego Shenmue II de 2001. Sigue al artista marcial adolescente Ryo Hazuki\" \/>\n<meta name=\"robots\" content=\"index, follow, max-snippet:-1, max-image-preview:large, max-video-preview:-1\" \/>\n<link rel=\"canonical\" href=\"https:\/\/www.mercadokeys.com\/product\/shenmue-iii-steam-cd-key\/\" \/>\n<meta property=\"og:locale\" content=\"en_GB\" \/>\n<meta property=\"og:type\" content=\"article\" \/>\n<meta property=\"og:title\" content=\"Shenmue III Steam CD Key - MERCADOKEYS\" \/>\n<meta property=\"og:description\" content=\"Shenmue III es un pr\u00f3ximo videojuego de acci\u00f3n y aventuras y la secuela del juego Shenmue II de 2001. Sigue al artista marcial adolescente Ryo Hazuki\" \/>\n<meta property=\"og:url\" content=\"https:\/\/www.mercadokeys.com\/product\/shenmue-iii-steam-cd-key\/\" \/>\n<meta property=\"og:site_name\" content=\"MERCADOKEYS\" \/>\n<meta property=\"article:modified_time\" content=\"2022-06-28T13:17:37+00:00\" \/>\n<meta property=\"og:image\" content=\"https:\/\/www.mercadokeys.com\/wp-content\/uploads\/2020\/12\/Shenmue-III-Steam-CD-Key.jpg\" \/>\n\t<meta property=\"og:image:width\" content=\"400\" \/>\n\t<meta property=\"og:image:height\" content=\"584\" \/>\n\t<meta property=\"og:image:type\" content=\"image\/jpeg\" \/>\n<meta name=\"twitter:card\" content=\"summary_large_image\" \/>\n<meta name=\"twitter:label1\" content=\"Estimated reading time\" \/>\n\t<meta name=\"twitter:data1\" content=\"1 minute\" \/>\n<script type=\"application\/ld+json\" class=\"yoast-schema-graph\">{\"@context\":\"https:\/\/schema.org\",\"@graph\":[{\"@type\":\"WebPage\",\"@id\":\"https:\/\/www.mercadokeys.com\/product\/shenmue-iii-steam-cd-key\/\",\"url\":\"https:\/\/www.mercadokeys.com\/product\/shenmue-iii-steam-cd-key\/\",\"name\":\"Shenmue III Steam CD Key - MERCADOKEYS\",\"isPartOf\":{\"@id\":\"https:\/\/www.mercadokeys.com\/eng\/#website\"},\"primaryImageOfPage\":{\"@id\":\"https:\/\/www.mercadokeys.com\/product\/shenmue-iii-steam-cd-key\/#primaryimage\"},\"image\":{\"@id\":\"https:\/\/www.mercadokeys.com\/product\/shenmue-iii-steam-cd-key\/#primaryimage\"},\"thumbnailUrl\":\"https:\/\/www.mercadokeys.com.mx\/wp-content\/uploads\/2020\/12\/Shenmue-III-Steam-CD-Key.jpg\",\"datePublished\":\"2020-12-18T16:42:22+00:00\",\"dateModified\":\"2022-06-28T13:17:37+00:00\",\"description\":\"Shenmue III es un pr\u00f3ximo videojuego de acci\u00f3n y aventuras y la secuela del juego Shenmue II de 2001. Sigue al artista marcial adolescente Ryo Hazuki\",\"breadcrumb\":{\"@id\":\"https:\/\/www.mercadokeys.com\/product\/shenmue-iii-steam-cd-key\/#breadcrumb\"},\"inLanguage\":\"en-GB\",\"potentialAction\":[{\"@type\":\"ReadAction\",\"target\":[\"https:\/\/www.mercadokeys.com\/product\/shenmue-iii-steam-cd-key\/\"]}]},{\"@type\":\"ImageObject\",\"inLanguage\":\"en-GB\",\"@id\":\"https:\/\/www.mercadokeys.com\/product\/shenmue-iii-steam-cd-key\/#primaryimage\",\"url\":\"https:\/\/www.mercadokeys.com.mx\/wp-content\/uploads\/2020\/12\/Shenmue-III-Steam-CD-Key.jpg\",\"contentUrl\":\"https:\/\/www.mercadokeys.com.mx\/wp-content\/uploads\/2020\/12\/Shenmue-III-Steam-CD-Key.jpg\",\"width\":400,\"height\":584},{\"@type\":\"BreadcrumbList\",\"@id\":\"https:\/\/www.mercadokeys.com\/product\/shenmue-iii-steam-cd-key\/#breadcrumb\",\"itemListElement\":[{\"@type\":\"ListItem\",\"position\":1,\"name\":\"Inicio\",\"item\":\"https:\/\/www.mercadokeys.com.mx\/\"},{\"@type\":\"ListItem\",\"position\":2,\"name\":\"Tienda\",\"item\":\"https:\/\/www.mercadokeys.com\/shop\/\"},{\"@type\":\"ListItem\",\"position\":3,\"name\":\"Shenmue III Steam CD Key\"}]},{\"@type\":\"WebSite\",\"@id\":\"https:\/\/www.mercadokeys.com\/eng\/#website\",\"url\":\"https:\/\/www.mercadokeys.com\/eng\/\",\"name\":\"MERCADOKEYS\",\"description\":\"Tu Tienda de videojuegos digitales en Mexico!\",\"potentialAction\":[{\"@type\":\"SearchAction\",\"target\":{\"@type\":\"EntryPoint\",\"urlTemplate\":\"https:\/\/www.mercadokeys.com\/eng\/?s={search_term_string}\"},\"query-input\":{\"@type\":\"PropertyValueSpecification\",\"valueRequired\":true,\"valueName\":\"search_term_string\"}}],\"inLanguage\":\"en-GB\"}]}<\/script>\n<!-- \/ Yoast SEO plugin. -->","yoast_head_json":{"title":"Shenmue III Steam CD Key - MERCADOKEYS","description":"Shenmue III es un pr\u00f3ximo videojuego de acci\u00f3n y aventuras y la secuela del juego Shenmue II de 2001. Sigue al artista marcial adolescente Ryo Hazuki","robots":{"index":"index","follow":"follow","max-snippet":"max-snippet:-1","max-image-preview":"max-image-preview:large","max-video-preview":"max-video-preview:-1"},"canonical":"https:\/\/www.mercadokeys.com\/product\/shenmue-iii-steam-cd-key\/","og_locale":"en_GB","og_type":"article","og_title":"Shenmue III Steam CD Key - MERCADOKEYS","og_description":"Shenmue III es un pr\u00f3ximo videojuego de acci\u00f3n y aventuras y la secuela del juego Shenmue II de 2001. Sigue al artista marcial adolescente Ryo Hazuki","og_url":"https:\/\/www.mercadokeys.com\/product\/shenmue-iii-steam-cd-key\/","og_site_name":"MERCADOKEYS","article_modified_time":"2022-06-28T13:17:37+00:00","og_image":[{"width":400,"height":584,"url":"https:\/\/www.mercadokeys.com\/wp-content\/uploads\/2020\/12\/Shenmue-III-Steam-CD-Key.jpg","type":"image\/jpeg"}],"twitter_card":"summary_large_image","twitter_misc":{"Estimated reading time":"1 minute"},"schema":{"@context":"https:\/\/schema.org","@graph":[{"@type":"WebPage","@id":"https:\/\/www.mercadokeys.com\/product\/shenmue-iii-steam-cd-key\/","url":"https:\/\/www.mercadokeys.com\/product\/shenmue-iii-steam-cd-key\/","name":"Shenmue III Steam CD Key - MERCADOKEYS","isPartOf":{"@id":"https:\/\/www.mercadokeys.com\/eng\/#website"},"primaryImageOfPage":{"@id":"https:\/\/www.mercadokeys.com\/product\/shenmue-iii-steam-cd-key\/#primaryimage"},"image":{"@id":"https:\/\/www.mercadokeys.com\/product\/shenmue-iii-steam-cd-key\/#primaryimage"},"thumbnailUrl":"https:\/\/www.mercadokeys.com.mx\/wp-content\/uploads\/2020\/12\/Shenmue-III-Steam-CD-Key.jpg","datePublished":"2020-12-18T16:42:22+00:00","dateModified":"2022-06-28T13:17:37+00:00","description":"Shenmue III es un pr\u00f3ximo videojuego de acci\u00f3n y aventuras y la secuela del juego Shenmue II de 2001. Sigue al artista marcial adolescente Ryo Hazuki","breadcrumb":{"@id":"https:\/\/www.mercadokeys.com\/product\/shenmue-iii-steam-cd-key\/#breadcrumb"},"inLanguage":"en-GB","potentialAction":[{"@type":"ReadAction","target":["https:\/\/www.mercadokeys.com\/product\/shenmue-iii-steam-cd-key\/"]}]},{"@type":"ImageObject","inLanguage":"en-GB","@id":"https:\/\/www.mercadokeys.com\/product\/shenmue-iii-steam-cd-key\/#primaryimage","url":"https:\/\/www.mercadokeys.com.mx\/wp-content\/uploads\/2020\/12\/Shenmue-III-Steam-CD-Key.jpg","contentUrl":"https:\/\/www.mercadokeys.com.mx\/wp-content\/uploads\/2020\/12\/Shenmue-III-Steam-CD-Key.jpg","width":400,"height":584},{"@type":"BreadcrumbList","@id":"https:\/\/www.mercadokeys.com\/product\/shenmue-iii-steam-cd-key\/#breadcrumb","itemListElement":[{"@type":"ListItem","position":1,"name":"Inicio","item":"https:\/\/www.mercadokeys.com.mx\/"},{"@type":"ListItem","position":2,"name":"Tienda","item":"https:\/\/www.mercadokeys.com\/shop\/"},{"@type":"ListItem","position":3,"name":"Shenmue III Steam CD Key"}]},{"@type":"WebSite","@id":"https:\/\/www.mercadokeys.com\/eng\/#website","url":"https:\/\/www.mercadokeys.com\/eng\/","name":"MERCADOKEYS","description":"Tu Tienda de videojuegos digitales en Mexico!","potentialAction":[{"@type":"SearchAction","target":{"@type":"EntryPoint","urlTemplate":"https:\/\/www.mercadokeys.com\/eng\/?s={search_term_string}"},"query-input":{"@type":"PropertyValueSpecification","valueRequired":true,"valueName":"search_term_string"}}],"inLanguage":"en-GB"}]}},"df_price":70.911185,"df_sale_price":70.911185,"df_regular_price":70.911185,"df_image_link":"https:\/\/www.mercadokeys.com.mx\/wp-content\/uploads\/2020\/12\/Shenmue-III-Steam-CD-Key-205x300.jpg","_links":{"self":[{"href":"https:\/\/www.mercadokeys.com.mx\/eng\/wp-json\/wp\/v2\/product\/108401","targetHints":{"allow":["GET"]}}],"collection":[{"href":"https:\/\/www.mercadokeys.com.mx\/eng\/wp-json\/wp\/v2\/product"}],"about":[{"href":"https:\/\/www.mercadokeys.com.mx\/eng\/wp-json\/wp\/v2\/types\/product"}],"wp:featuredmedia":[{"embeddable":true,"href":"https:\/\/www.mercadokeys.com.mx\/eng\/wp-json\/wp\/v2\/media\/118108"}],"wp:attachment":[{"href":"https:\/\/www.mercadokeys.com.mx\/eng\/wp-json\/wp\/v2\/media?parent=108401"}],"wp:term":[{"taxonomy":"product_brand","embeddable":true,"href":"https:\/\/www.mercadokeys.com.mx\/eng\/wp-json\/wp\/v2\/product_brand?post=108401"},{"taxonomy":"product_cat","embeddable":true,"href":"https:\/\/www.mercadokeys.com.mx\/eng\/wp-json\/wp\/v2\/product_cat?post=108401"},{"taxonomy":"product_tag","embeddable":true,"href":"https:\/\/www.mercadokeys.com.mx\/eng\/wp-json\/wp\/v2\/product_tag?post=108401"}],"curies":[{"name":"wp","href":"https:\/\/api.w.org\/{rel}","templated":true}]}}