{"id":106898,"date":"2020-12-18T07:18:30","date_gmt":"2020-12-18T15:18:30","guid":{"rendered":"https:\/\/www.mercadokeys.com\/product\/command-conquer-4-tiberian-twilight-origin-cd-key\/"},"modified":"2023-10-15T05:35:15","modified_gmt":"2023-10-15T12:35:15","slug":"command-conquer-4-tiberian-twilight-origin-cd-key","status":"publish","type":"product","link":"https:\/\/www.mercadokeys.com.mx\/eng\/product\/command-conquer-4-tiberian-twilight-origin-cd-key\/","title":{"rendered":"Command &amp; Conquer 4: Tiberian Twilight Origin CD Key"},"content":{"rendered":"<p><span style=\"vertical-align: inherit;\">He aqu\u00ed disc\u00edpulos de Nod, porque el fin est\u00e1 pronto sobre nosotros. La galardonada y m\u00e1s vendida saga Tiberium de Electronic Arts llega a una poderosa conclusi\u00f3n con Command &amp; Conquer 4, que introducir\u00e1 una multitud de innovaciones en el cl\u00e1sico juego r\u00e1pido y fluido de Command &amp; Conquer, al tiempo que conserva las compulsiones centrales que tienen los fan\u00e1ticos. llegar a amar sobre la historia de la serie. Es el a\u00f1o 2062 y la humanidad est\u00e1 al borde de la extinci\u00f3n. Tiberium, la misteriosa estructura cristalina alien\u00edgena que ha infestado la Tierra durante d\u00e9cadas y ha sido la raz\u00f3n principal de a\u00f1os de incesante conflicto entre la Iniciativa de Defensa Global (GDI) y la Hermandad de Nod, est\u00e1 a punto de convertir el planeta en inhabitable. <\/span><\/p>\n<p><span style=\"vertical-align: inherit;\">La humanidad est\u00e1 al borde de la extinci\u00f3n cuando Kane, el l\u00edder prof\u00e9tico de Nod, emerge de la reclusi\u00f3n para entregar a GDI el mensaje de que ha desarrollado un sistema que podr\u00eda controlar Tiberium y aprovechar su poder. Pero no puede construir esta &#8220;Red de Control de Tiberio&#8221; sin la cooperaci\u00f3n de GDI. Por lo tanto, las dos facciones opuestas, GDI y Nod, inevitablemente se encuentran desesperadas por la misma causa: evitar que Tiberium extinga a la humanidad. Despu\u00e9s de 15 a\u00f1os, la red est\u00e1 casi completa, Tiberium est\u00e1 bajo estricto control y nuestro planeta revitalizado y reci\u00e9n terraformado est\u00e1 en la c\u00faspide de una nueva era de prosperidad y progreso.<\/span><\/p>\n<p><span style=\"vertical-align: inherit;\"> Es entonces cuando los ciudadanos del mundo comienzan a reflexionar seriamente por qu\u00e9 Kane decidi\u00f3 ayudar y qu\u00e9 querr\u00e1 a cambio. Estas preguntas y m\u00e1s conducen al dram\u00e1tico acto final de la saga Tiberium. Con una multitud de funciones nuevas e innovadoras para el juego r\u00e1pido y fluido de C&amp;C, Command &amp; Conquer 4 ofrece a los jugadores una forma completamente nueva de jugar C&amp;C. Una base m\u00f3vil todo en uno, progresi\u00f3n del jugador persistente en todos los modos de juego que se actualiza constantemente en un perfil en l\u00ednea en tiempo real, un sistema de 3 clases para cada una de las dos facciones, juego cooperativo y un objetivo 5 contra 5. modo multijugador basado en el que promueve el trabajo en equipo y la interacci\u00f3n social, hace que Command &amp; Conquer 4 sea diferente a cualquier otra experiencia de C&amp;C.<\/span><\/p>","protected":false},"excerpt":{"rendered":"<p>He aqu\u00ed disc\u00edpulos de Nod, porque el fin est\u00e1 pronto sobre nosotros. La galardonada y m\u00e1s vendida saga Tiberium de Electronic Arts llega a una poderosa conclusi\u00f3n con Command &amp; Conquer 4, que introducir\u00e1 una multitud de innovaciones en el cl\u00e1sico juego r\u00e1pido y fluido de Command &amp; Conquer, al tiempo que conserva las compulsiones&#8230;<\/p>","protected":false},"featured_media":121371,"template":"","meta":{"_monsterinsights_skip_tracking":false,"_monsterinsights_sitenote_active":false,"_monsterinsights_sitenote_note":"","_monsterinsights_sitenote_category":0},"product_brand":[],"product_cat":[1501,2981,3596,1271,3164,1420,1283,1280,1277,1401,1428,1329],"product_tag":[1548,1526],"class_list":{"0":"post-106898","1":"product","2":"type-product","3":"status-publish","4":"has-post-thumbnail","6":"product_cat-tienda-de-videojuegos-ultimos-juegos-tijuana-mexico","7":"product_cat-destacados","8":"product_cat-tienda-de-videojuegos-steam-recomendados-en-tijuana-mexico","9":"product_cat-tienda-de-videojuegos-tijuana-mexico","10":"product_cat-tienda-de-videojuegos-baratos-economicos-tijuana-mexico","11":"product_cat-tienda-de-videojuegos-populares-tijuana-mexico","12":"product_cat-tienda-de-videojuegos-plataformas-tijuana-mexico","13":"product_cat-tienda-de-videojuegos-pc-tijuana-mexico","14":"product_cat-tienda-de-videojuegos-origin-tijuana-mexico","15":"product_cat-tienda-de-videojuegos-estrategia-tijuana-mexico","16":"product_cat-tienda-de-videojuegos-cooperativos-tijuana-mexico","17":"product_cat-ofertas","18":"product_tag-command-conquer-4-tiberian-twilight","19":"product_tag-steam","21":"first","22":"instock","23":"shipping-taxable","24":"purchasable","25":"product-type-simple"},"yoast_head":"<!-- This site is optimized with the Yoast SEO plugin v27.0 - https:\/\/yoast.com\/product\/yoast-seo-wordpress\/ -->\n<title>Command &amp; Conquer 4: Tiberian Twilight Origin CD Key - MERCADOKEYS<\/title>\n<meta name=\"description\" content=\"La galardonada y m\u00e1s vendida saga Tiberium de Electronic Arts llega a una poderosa conclusi\u00f3n con Command &amp; Conquer 4,\" \/>\n<meta name=\"robots\" content=\"index, follow, max-snippet:-1, max-image-preview:large, max-video-preview:-1\" \/>\n<link rel=\"canonical\" href=\"https:\/\/www.mercadokeys.com\/product\/command-conquer-4-tiberian-twilight-origin-cd-key\/\" \/>\n<meta property=\"og:locale\" content=\"en_GB\" \/>\n<meta property=\"og:type\" content=\"article\" \/>\n<meta property=\"og:title\" content=\"Command &amp; Conquer 4: Tiberian Twilight Origin CD Key - MERCADOKEYS\" \/>\n<meta property=\"og:description\" content=\"La galardonada y m\u00e1s vendida saga Tiberium de Electronic Arts llega a una poderosa conclusi\u00f3n con Command &amp; Conquer 4,\" \/>\n<meta property=\"og:url\" content=\"https:\/\/www.mercadokeys.com\/product\/command-conquer-4-tiberian-twilight-origin-cd-key\/\" \/>\n<meta property=\"og:site_name\" content=\"MERCADOKEYS\" \/>\n<meta property=\"article:modified_time\" content=\"2023-10-15T12:35:15+00:00\" \/>\n<meta property=\"og:image\" content=\"https:\/\/www.mercadokeys.com\/wp-content\/uploads\/2020\/12\/Tiberian-Twilight.jpg\" \/>\n\t<meta property=\"og:image:width\" content=\"460\" \/>\n\t<meta property=\"og:image:height\" content=\"672\" \/>\n\t<meta property=\"og:image:type\" content=\"image\/jpeg\" \/>\n<meta name=\"twitter:card\" content=\"summary_large_image\" \/>\n<meta name=\"twitter:label1\" content=\"Estimated reading time\" \/>\n\t<meta name=\"twitter:data1\" content=\"2 minutes\" \/>\n<script type=\"application\/ld+json\" class=\"yoast-schema-graph\">{\"@context\":\"https:\/\/schema.org\",\"@graph\":[{\"@type\":\"WebPage\",\"@id\":\"https:\/\/www.mercadokeys.com\/product\/command-conquer-4-tiberian-twilight-origin-cd-key\/\",\"url\":\"https:\/\/www.mercadokeys.com\/product\/command-conquer-4-tiberian-twilight-origin-cd-key\/\",\"name\":\"Command &amp; Conquer 4: Tiberian Twilight Origin CD Key - MERCADOKEYS\",\"isPartOf\":{\"@id\":\"https:\/\/www.mercadokeys.com\/eng\/#website\"},\"primaryImageOfPage\":{\"@id\":\"https:\/\/www.mercadokeys.com\/product\/command-conquer-4-tiberian-twilight-origin-cd-key\/#primaryimage\"},\"image\":{\"@id\":\"https:\/\/www.mercadokeys.com\/product\/command-conquer-4-tiberian-twilight-origin-cd-key\/#primaryimage\"},\"thumbnailUrl\":\"https:\/\/www.mercadokeys.com.mx\/wp-content\/uploads\/2020\/12\/Tiberian-Twilight.jpg\",\"datePublished\":\"2020-12-18T15:18:30+00:00\",\"dateModified\":\"2023-10-15T12:35:15+00:00\",\"description\":\"La galardonada y m\u00e1s vendida saga Tiberium de Electronic Arts llega a una poderosa conclusi\u00f3n con Command & Conquer 4,\",\"breadcrumb\":{\"@id\":\"https:\/\/www.mercadokeys.com\/product\/command-conquer-4-tiberian-twilight-origin-cd-key\/#breadcrumb\"},\"inLanguage\":\"en-GB\",\"potentialAction\":[{\"@type\":\"ReadAction\",\"target\":[\"https:\/\/www.mercadokeys.com\/product\/command-conquer-4-tiberian-twilight-origin-cd-key\/\"]}]},{\"@type\":\"ImageObject\",\"inLanguage\":\"en-GB\",\"@id\":\"https:\/\/www.mercadokeys.com\/product\/command-conquer-4-tiberian-twilight-origin-cd-key\/#primaryimage\",\"url\":\"https:\/\/www.mercadokeys.com.mx\/wp-content\/uploads\/2020\/12\/Tiberian-Twilight.jpg\",\"contentUrl\":\"https:\/\/www.mercadokeys.com.mx\/wp-content\/uploads\/2020\/12\/Tiberian-Twilight.jpg\",\"width\":460,\"height\":672,\"caption\":\"Tiberian Twilight\"},{\"@type\":\"BreadcrumbList\",\"@id\":\"https:\/\/www.mercadokeys.com\/product\/command-conquer-4-tiberian-twilight-origin-cd-key\/#breadcrumb\",\"itemListElement\":[{\"@type\":\"ListItem\",\"position\":1,\"name\":\"Inicio\",\"item\":\"https:\/\/www.mercadokeys.com.mx\/\"},{\"@type\":\"ListItem\",\"position\":2,\"name\":\"Tienda\",\"item\":\"https:\/\/www.mercadokeys.com\/shop\/\"},{\"@type\":\"ListItem\",\"position\":3,\"name\":\"Command &amp; Conquer 4: Tiberian Twilight Origin CD Key\"}]},{\"@type\":\"WebSite\",\"@id\":\"https:\/\/www.mercadokeys.com\/eng\/#website\",\"url\":\"https:\/\/www.mercadokeys.com\/eng\/\",\"name\":\"MERCADOKEYS\",\"description\":\"Tu Tienda de videojuegos digitales en Mexico!\",\"potentialAction\":[{\"@type\":\"SearchAction\",\"target\":{\"@type\":\"EntryPoint\",\"urlTemplate\":\"https:\/\/www.mercadokeys.com\/eng\/?s={search_term_string}\"},\"query-input\":{\"@type\":\"PropertyValueSpecification\",\"valueRequired\":true,\"valueName\":\"search_term_string\"}}],\"inLanguage\":\"en-GB\"}]}<\/script>\n<!-- \/ Yoast SEO plugin. -->","yoast_head_json":{"title":"Command &amp; Conquer 4: Tiberian Twilight Origin CD Key - MERCADOKEYS","description":"La galardonada y m\u00e1s vendida saga Tiberium de Electronic Arts llega a una poderosa conclusi\u00f3n con Command & Conquer 4,","robots":{"index":"index","follow":"follow","max-snippet":"max-snippet:-1","max-image-preview":"max-image-preview:large","max-video-preview":"max-video-preview:-1"},"canonical":"https:\/\/www.mercadokeys.com\/product\/command-conquer-4-tiberian-twilight-origin-cd-key\/","og_locale":"en_GB","og_type":"article","og_title":"Command &amp; Conquer 4: Tiberian Twilight Origin CD Key - MERCADOKEYS","og_description":"La galardonada y m\u00e1s vendida saga Tiberium de Electronic Arts llega a una poderosa conclusi\u00f3n con Command & Conquer 4,","og_url":"https:\/\/www.mercadokeys.com\/product\/command-conquer-4-tiberian-twilight-origin-cd-key\/","og_site_name":"MERCADOKEYS","article_modified_time":"2023-10-15T12:35:15+00:00","og_image":[{"width":460,"height":672,"url":"https:\/\/www.mercadokeys.com\/wp-content\/uploads\/2020\/12\/Tiberian-Twilight.jpg","type":"image\/jpeg"}],"twitter_card":"summary_large_image","twitter_misc":{"Estimated reading time":"2 minutes"},"schema":{"@context":"https:\/\/schema.org","@graph":[{"@type":"WebPage","@id":"https:\/\/www.mercadokeys.com\/product\/command-conquer-4-tiberian-twilight-origin-cd-key\/","url":"https:\/\/www.mercadokeys.com\/product\/command-conquer-4-tiberian-twilight-origin-cd-key\/","name":"Command &amp; Conquer 4: Tiberian Twilight Origin CD Key - MERCADOKEYS","isPartOf":{"@id":"https:\/\/www.mercadokeys.com\/eng\/#website"},"primaryImageOfPage":{"@id":"https:\/\/www.mercadokeys.com\/product\/command-conquer-4-tiberian-twilight-origin-cd-key\/#primaryimage"},"image":{"@id":"https:\/\/www.mercadokeys.com\/product\/command-conquer-4-tiberian-twilight-origin-cd-key\/#primaryimage"},"thumbnailUrl":"https:\/\/www.mercadokeys.com.mx\/wp-content\/uploads\/2020\/12\/Tiberian-Twilight.jpg","datePublished":"2020-12-18T15:18:30+00:00","dateModified":"2023-10-15T12:35:15+00:00","description":"La galardonada y m\u00e1s vendida saga Tiberium de Electronic Arts llega a una poderosa conclusi\u00f3n con Command & Conquer 4,","breadcrumb":{"@id":"https:\/\/www.mercadokeys.com\/product\/command-conquer-4-tiberian-twilight-origin-cd-key\/#breadcrumb"},"inLanguage":"en-GB","potentialAction":[{"@type":"ReadAction","target":["https:\/\/www.mercadokeys.com\/product\/command-conquer-4-tiberian-twilight-origin-cd-key\/"]}]},{"@type":"ImageObject","inLanguage":"en-GB","@id":"https:\/\/www.mercadokeys.com\/product\/command-conquer-4-tiberian-twilight-origin-cd-key\/#primaryimage","url":"https:\/\/www.mercadokeys.com.mx\/wp-content\/uploads\/2020\/12\/Tiberian-Twilight.jpg","contentUrl":"https:\/\/www.mercadokeys.com.mx\/wp-content\/uploads\/2020\/12\/Tiberian-Twilight.jpg","width":460,"height":672,"caption":"Tiberian Twilight"},{"@type":"BreadcrumbList","@id":"https:\/\/www.mercadokeys.com\/product\/command-conquer-4-tiberian-twilight-origin-cd-key\/#breadcrumb","itemListElement":[{"@type":"ListItem","position":1,"name":"Inicio","item":"https:\/\/www.mercadokeys.com.mx\/"},{"@type":"ListItem","position":2,"name":"Tienda","item":"https:\/\/www.mercadokeys.com\/shop\/"},{"@type":"ListItem","position":3,"name":"Command &amp; Conquer 4: Tiberian Twilight Origin CD Key"}]},{"@type":"WebSite","@id":"https:\/\/www.mercadokeys.com\/eng\/#website","url":"https:\/\/www.mercadokeys.com\/eng\/","name":"MERCADOKEYS","description":"Tu Tienda de videojuegos digitales en Mexico!","potentialAction":[{"@type":"SearchAction","target":{"@type":"EntryPoint","urlTemplate":"https:\/\/www.mercadokeys.com\/eng\/?s={search_term_string}"},"query-input":{"@type":"PropertyValueSpecification","valueRequired":true,"valueName":"search_term_string"}}],"inLanguage":"en-GB"}]}},"df_price":309.936233,"df_sale_price":309.936233,"df_regular_price":309.936233,"df_image_link":"https:\/\/www.mercadokeys.com.mx\/wp-content\/uploads\/2020\/12\/Tiberian-Twilight-205x300.jpg","_links":{"self":[{"href":"https:\/\/www.mercadokeys.com.mx\/eng\/wp-json\/wp\/v2\/product\/106898","targetHints":{"allow":["GET"]}}],"collection":[{"href":"https:\/\/www.mercadokeys.com.mx\/eng\/wp-json\/wp\/v2\/product"}],"about":[{"href":"https:\/\/www.mercadokeys.com.mx\/eng\/wp-json\/wp\/v2\/types\/product"}],"wp:featuredmedia":[{"embeddable":true,"href":"https:\/\/www.mercadokeys.com.mx\/eng\/wp-json\/wp\/v2\/media\/121371"}],"wp:attachment":[{"href":"https:\/\/www.mercadokeys.com.mx\/eng\/wp-json\/wp\/v2\/media?parent=106898"}],"wp:term":[{"taxonomy":"product_brand","embeddable":true,"href":"https:\/\/www.mercadokeys.com.mx\/eng\/wp-json\/wp\/v2\/product_brand?post=106898"},{"taxonomy":"product_cat","embeddable":true,"href":"https:\/\/www.mercadokeys.com.mx\/eng\/wp-json\/wp\/v2\/product_cat?post=106898"},{"taxonomy":"product_tag","embeddable":true,"href":"https:\/\/www.mercadokeys.com.mx\/eng\/wp-json\/wp\/v2\/product_tag?post=106898"}],"curies":[{"name":"wp","href":"https:\/\/api.w.org\/{rel}","templated":true}]}}