{"id":104782,"date":"2020-12-18T05:06:53","date_gmt":"2020-12-18T13:06:53","guid":{"rendered":"https:\/\/www.mercadokeys.com\/product\/control-ultimate-edition-steam-cd-key\/"},"modified":"2022-06-28T06:20:28","modified_gmt":"2022-06-28T13:20:28","slug":"control-ultimate-edition-steam-cd-key","status":"publish","type":"product","link":"https:\/\/www.mercadokeys.com.mx\/eng\/product\/control-ultimate-edition-steam-cd-key\/","title":{"rendered":"Control Ultimate Edition Steam CD Key"},"content":{"rendered":"<p><span style=\"vertical-align: inherit\">Control Ultimate Edition contiene el juego principal y todas las Expansiones lanzadas anteriormente (&#8220;The Foundation&#8221; y &#8220;AWE&#8221;) en un paquete de gran valor. <\/span><\/p>\n<p><span style=\"vertical-align: inherit\">Una presencia corrupta ha invadido la Oficina Federal de Control &#8230; S\u00f3lo usted tiene el poder de detenerla. En Control Ultimate Edition\u00a0 el mundo es ahora tu arma en una lucha \u00e9pica para aniquilar a un enemigo siniestro a trav\u00e9s de entornos profundos e impredecibles. La contenci\u00f3n ha fallad. La humanidad est\u00e1 en juego. \u00bfRecuperar\u00e1s el control? <\/span><\/p>\n<p><span style=\"vertical-align: inherit\">Del mismo modo, es ganador de m\u00e1s de 80 premios, Control es una aventura de acci\u00f3n en tercera persona visualmente impresionante que te mantendr\u00e1 al borde de tu asiento. Combinando entornos abiertos con la creaci\u00f3n de mundos y la narraci\u00f3n de historias de un desarrollador de renombre, Remedy Entertainment. Control presenta una experiencia de juego expansiva e intensamente gratificante.<\/span><\/p>","protected":false},"excerpt":{"rendered":"<p>Control Ultimate Edition contiene el juego principal y todas las Expansiones lanzadas anteriormente (&#8220;The Foundation&#8221; y &#8220;AWE&#8221;) en un paquete de gran valor. Una presencia corrupta ha invadido la Oficina Federal de Control &#8230; S\u00f3lo usted tiene el poder de detenerla. En Control Ultimate Edition\u00a0 el mundo es ahora tu arma en una lucha \u00e9pica&#8230;<\/p>","protected":false},"featured_media":104789,"template":"","meta":{"_monsterinsights_skip_tracking":false,"_monsterinsights_sitenote_active":false,"_monsterinsights_sitenote_note":"","_monsterinsights_sitenote_category":0},"product_brand":[],"product_cat":[2981,1271,1420,1283,1280,1273,1394,1378,1423],"product_tag":[2195,2194,1526],"class_list":{"0":"post-104782","1":"product","2":"type-product","3":"status-publish","4":"has-post-thumbnail","6":"product_cat-destacados","7":"product_cat-tienda-de-videojuegos-tijuana-mexico","8":"product_cat-tienda-de-videojuegos-populares-tijuana-mexico","9":"product_cat-tienda-de-videojuegos-plataformas-tijuana-mexico","10":"product_cat-tienda-de-videojuegos-pc-tijuana-mexico","11":"product_cat-tienda-de-videojuegos-steam-key-tijuana-mexico","12":"product_cat-tienda-de-videojuegos-aventura-tijuana-mexico","13":"product_cat-tienda-de-videojuegos-mas-vendidos-tijuana-mexico","14":"product_cat-tienda-de-videojuegos-nuevos-lanzamientos-tijuana-mexico","15":"product_tag-control-ultimate-edition","16":"product_tag-control-ultimate-edition-steam","17":"product_tag-steam","19":"first","20":"instock","21":"shipping-taxable","22":"purchasable","23":"product-type-simple"},"yoast_head":"<!-- This site is optimized with the Yoast SEO plugin v27.0 - https:\/\/yoast.com\/product\/yoast-seo-wordpress\/ -->\n<title>Control Ultimate Edition Steam CD Key - MERCADOKEYS<\/title>\n<meta name=\"description\" content=\"Control Ultimate Edition contiene el juego principal y todas las Expansiones lanzadas anteriormente (&quot;The Foundation&quot; y &quot;AWE&quot;) en un paquete de gran valor.\" \/>\n<meta name=\"robots\" content=\"index, follow, max-snippet:-1, max-image-preview:large, max-video-preview:-1\" \/>\n<link rel=\"canonical\" href=\"https:\/\/www.mercadokeys.com\/product\/control-ultimate-edition-steam-cd-key\/\" \/>\n<meta property=\"og:locale\" content=\"en_GB\" \/>\n<meta property=\"og:type\" content=\"article\" \/>\n<meta property=\"og:title\" content=\"Control Ultimate Edition Steam CD Key - MERCADOKEYS\" \/>\n<meta property=\"og:description\" content=\"Control Ultimate Edition contiene el juego principal y todas las Expansiones lanzadas anteriormente (&quot;The Foundation&quot; y &quot;AWE&quot;) en un paquete de gran valor.\" \/>\n<meta property=\"og:url\" content=\"https:\/\/www.mercadokeys.com\/product\/control-ultimate-edition-steam-cd-key\/\" \/>\n<meta property=\"og:site_name\" content=\"MERCADOKEYS\" \/>\n<meta property=\"article:modified_time\" content=\"2022-06-28T13:20:28+00:00\" \/>\n<meta property=\"og:image\" content=\"https:\/\/www.mercadokeys.com\/wp-content\/uploads\/2020\/12\/control_cover_original-1-scaled.jpg\" \/>\n\t<meta property=\"og:image:width\" content=\"2331\" \/>\n\t<meta property=\"og:image:height\" content=\"2560\" \/>\n\t<meta property=\"og:image:type\" content=\"image\/jpeg\" \/>\n<meta name=\"twitter:card\" content=\"summary_large_image\" \/>\n<meta name=\"twitter:label1\" content=\"Estimated reading time\" \/>\n\t<meta name=\"twitter:data1\" content=\"1 minute\" \/>\n<script type=\"application\/ld+json\" class=\"yoast-schema-graph\">{\"@context\":\"https:\/\/schema.org\",\"@graph\":[{\"@type\":\"WebPage\",\"@id\":\"https:\/\/www.mercadokeys.com\/product\/control-ultimate-edition-steam-cd-key\/\",\"url\":\"https:\/\/www.mercadokeys.com\/product\/control-ultimate-edition-steam-cd-key\/\",\"name\":\"Control Ultimate Edition Steam CD Key - MERCADOKEYS\",\"isPartOf\":{\"@id\":\"https:\/\/www.mercadokeys.com\/eng\/#website\"},\"primaryImageOfPage\":{\"@id\":\"https:\/\/www.mercadokeys.com\/product\/control-ultimate-edition-steam-cd-key\/#primaryimage\"},\"image\":{\"@id\":\"https:\/\/www.mercadokeys.com\/product\/control-ultimate-edition-steam-cd-key\/#primaryimage\"},\"thumbnailUrl\":\"https:\/\/www.mercadokeys.com.mx\/wp-content\/uploads\/2020\/12\/control_cover_original-1-scaled.jpg\",\"datePublished\":\"2020-12-18T13:06:53+00:00\",\"dateModified\":\"2022-06-28T13:20:28+00:00\",\"description\":\"Control Ultimate Edition contiene el juego principal y todas las Expansiones lanzadas anteriormente (\\\"The Foundation\\\" y \\\"AWE\\\") en un paquete de gran valor.\",\"breadcrumb\":{\"@id\":\"https:\/\/www.mercadokeys.com\/product\/control-ultimate-edition-steam-cd-key\/#breadcrumb\"},\"inLanguage\":\"en-GB\",\"potentialAction\":[{\"@type\":\"ReadAction\",\"target\":[\"https:\/\/www.mercadokeys.com\/product\/control-ultimate-edition-steam-cd-key\/\"]}]},{\"@type\":\"ImageObject\",\"inLanguage\":\"en-GB\",\"@id\":\"https:\/\/www.mercadokeys.com\/product\/control-ultimate-edition-steam-cd-key\/#primaryimage\",\"url\":\"https:\/\/www.mercadokeys.com.mx\/wp-content\/uploads\/2020\/12\/control_cover_original-1-scaled.jpg\",\"contentUrl\":\"https:\/\/www.mercadokeys.com.mx\/wp-content\/uploads\/2020\/12\/control_cover_original-1-scaled.jpg\",\"width\":2331,\"height\":2560,\"caption\":\"Control Ultimate Edition contiene el juego principal y todas las Expansiones lanzadas anteriormente (\\\"The Foundation\\\" y \\\"AWE\\\") en un paquete de gran valor.\"},{\"@type\":\"BreadcrumbList\",\"@id\":\"https:\/\/www.mercadokeys.com\/product\/control-ultimate-edition-steam-cd-key\/#breadcrumb\",\"itemListElement\":[{\"@type\":\"ListItem\",\"position\":1,\"name\":\"Inicio\",\"item\":\"https:\/\/www.mercadokeys.com.mx\/\"},{\"@type\":\"ListItem\",\"position\":2,\"name\":\"Tienda\",\"item\":\"https:\/\/www.mercadokeys.com\/shop\/\"},{\"@type\":\"ListItem\",\"position\":3,\"name\":\"Control Ultimate Edition Steam CD Key\"}]},{\"@type\":\"WebSite\",\"@id\":\"https:\/\/www.mercadokeys.com\/eng\/#website\",\"url\":\"https:\/\/www.mercadokeys.com\/eng\/\",\"name\":\"MERCADOKEYS\",\"description\":\"Tu Tienda de videojuegos digitales en Mexico!\",\"potentialAction\":[{\"@type\":\"SearchAction\",\"target\":{\"@type\":\"EntryPoint\",\"urlTemplate\":\"https:\/\/www.mercadokeys.com\/eng\/?s={search_term_string}\"},\"query-input\":{\"@type\":\"PropertyValueSpecification\",\"valueRequired\":true,\"valueName\":\"search_term_string\"}}],\"inLanguage\":\"en-GB\"}]}<\/script>\n<!-- \/ Yoast SEO plugin. -->","yoast_head_json":{"title":"Control Ultimate Edition Steam CD Key - MERCADOKEYS","description":"Control Ultimate Edition contiene el juego principal y todas las Expansiones lanzadas anteriormente (\"The Foundation\" y \"AWE\") en un paquete de gran valor.","robots":{"index":"index","follow":"follow","max-snippet":"max-snippet:-1","max-image-preview":"max-image-preview:large","max-video-preview":"max-video-preview:-1"},"canonical":"https:\/\/www.mercadokeys.com\/product\/control-ultimate-edition-steam-cd-key\/","og_locale":"en_GB","og_type":"article","og_title":"Control Ultimate Edition Steam CD Key - MERCADOKEYS","og_description":"Control Ultimate Edition contiene el juego principal y todas las Expansiones lanzadas anteriormente (\"The Foundation\" y \"AWE\") en un paquete de gran valor.","og_url":"https:\/\/www.mercadokeys.com\/product\/control-ultimate-edition-steam-cd-key\/","og_site_name":"MERCADOKEYS","article_modified_time":"2022-06-28T13:20:28+00:00","og_image":[{"width":2331,"height":2560,"url":"https:\/\/www.mercadokeys.com\/wp-content\/uploads\/2020\/12\/control_cover_original-1-scaled.jpg","type":"image\/jpeg"}],"twitter_card":"summary_large_image","twitter_misc":{"Estimated reading time":"1 minute"},"schema":{"@context":"https:\/\/schema.org","@graph":[{"@type":"WebPage","@id":"https:\/\/www.mercadokeys.com\/product\/control-ultimate-edition-steam-cd-key\/","url":"https:\/\/www.mercadokeys.com\/product\/control-ultimate-edition-steam-cd-key\/","name":"Control Ultimate Edition Steam CD Key - MERCADOKEYS","isPartOf":{"@id":"https:\/\/www.mercadokeys.com\/eng\/#website"},"primaryImageOfPage":{"@id":"https:\/\/www.mercadokeys.com\/product\/control-ultimate-edition-steam-cd-key\/#primaryimage"},"image":{"@id":"https:\/\/www.mercadokeys.com\/product\/control-ultimate-edition-steam-cd-key\/#primaryimage"},"thumbnailUrl":"https:\/\/www.mercadokeys.com.mx\/wp-content\/uploads\/2020\/12\/control_cover_original-1-scaled.jpg","datePublished":"2020-12-18T13:06:53+00:00","dateModified":"2022-06-28T13:20:28+00:00","description":"Control Ultimate Edition contiene el juego principal y todas las Expansiones lanzadas anteriormente (\"The Foundation\" y \"AWE\") en un paquete de gran valor.","breadcrumb":{"@id":"https:\/\/www.mercadokeys.com\/product\/control-ultimate-edition-steam-cd-key\/#breadcrumb"},"inLanguage":"en-GB","potentialAction":[{"@type":"ReadAction","target":["https:\/\/www.mercadokeys.com\/product\/control-ultimate-edition-steam-cd-key\/"]}]},{"@type":"ImageObject","inLanguage":"en-GB","@id":"https:\/\/www.mercadokeys.com\/product\/control-ultimate-edition-steam-cd-key\/#primaryimage","url":"https:\/\/www.mercadokeys.com.mx\/wp-content\/uploads\/2020\/12\/control_cover_original-1-scaled.jpg","contentUrl":"https:\/\/www.mercadokeys.com.mx\/wp-content\/uploads\/2020\/12\/control_cover_original-1-scaled.jpg","width":2331,"height":2560,"caption":"Control Ultimate Edition contiene el juego principal y todas las Expansiones lanzadas anteriormente (\"The Foundation\" y \"AWE\") en un paquete de gran valor."},{"@type":"BreadcrumbList","@id":"https:\/\/www.mercadokeys.com\/product\/control-ultimate-edition-steam-cd-key\/#breadcrumb","itemListElement":[{"@type":"ListItem","position":1,"name":"Inicio","item":"https:\/\/www.mercadokeys.com.mx\/"},{"@type":"ListItem","position":2,"name":"Tienda","item":"https:\/\/www.mercadokeys.com\/shop\/"},{"@type":"ListItem","position":3,"name":"Control Ultimate Edition Steam CD Key"}]},{"@type":"WebSite","@id":"https:\/\/www.mercadokeys.com\/eng\/#website","url":"https:\/\/www.mercadokeys.com\/eng\/","name":"MERCADOKEYS","description":"Tu Tienda de videojuegos digitales en Mexico!","potentialAction":[{"@type":"SearchAction","target":{"@type":"EntryPoint","urlTemplate":"https:\/\/www.mercadokeys.com\/eng\/?s={search_term_string}"},"query-input":{"@type":"PropertyValueSpecification","valueRequired":true,"valueName":"search_term_string"}}],"inLanguage":"en-GB"}]}},"df_price":278.715087,"df_sale_price":278.715087,"df_regular_price":278.715087,"df_image_link":"https:\/\/www.mercadokeys.com.mx\/wp-content\/uploads\/2020\/12\/control_cover_original-1-273x300.jpg","_links":{"self":[{"href":"https:\/\/www.mercadokeys.com.mx\/eng\/wp-json\/wp\/v2\/product\/104782","targetHints":{"allow":["GET"]}}],"collection":[{"href":"https:\/\/www.mercadokeys.com.mx\/eng\/wp-json\/wp\/v2\/product"}],"about":[{"href":"https:\/\/www.mercadokeys.com.mx\/eng\/wp-json\/wp\/v2\/types\/product"}],"wp:featuredmedia":[{"embeddable":true,"href":"https:\/\/www.mercadokeys.com.mx\/eng\/wp-json\/wp\/v2\/media\/104789"}],"wp:attachment":[{"href":"https:\/\/www.mercadokeys.com.mx\/eng\/wp-json\/wp\/v2\/media?parent=104782"}],"wp:term":[{"taxonomy":"product_brand","embeddable":true,"href":"https:\/\/www.mercadokeys.com.mx\/eng\/wp-json\/wp\/v2\/product_brand?post=104782"},{"taxonomy":"product_cat","embeddable":true,"href":"https:\/\/www.mercadokeys.com.mx\/eng\/wp-json\/wp\/v2\/product_cat?post=104782"},{"taxonomy":"product_tag","embeddable":true,"href":"https:\/\/www.mercadokeys.com.mx\/eng\/wp-json\/wp\/v2\/product_tag?post=104782"}],"curies":[{"name":"wp","href":"https:\/\/api.w.org\/{rel}","templated":true}]}}