{"id":104781,"date":"2020-12-18T05:06:53","date_gmt":"2020-12-18T13:06:53","guid":{"rendered":"https:\/\/www.mercadokeys.com\/product\/captain-tsubasa-rise-of-new-champions-steam-cd-key\/"},"modified":"2023-10-15T05:37:59","modified_gmt":"2023-10-15T12:37:59","slug":"captain-tsubasa-rise-of-new-champions-steam-cd-key","status":"publish","type":"product","link":"https:\/\/www.mercadokeys.com.mx\/eng\/product\/captain-tsubasa-rise-of-new-champions-steam-cd-key\/","title":{"rendered":"Captain Tsubasa: Rise of New Champions Steam CD Key"},"content":{"rendered":"<p><span style=\"vertical-align: inherit;\">\u00a1Un nuevo juego de Captain Tsubasa est\u00e1 aqu\u00ed, 10 a\u00f1os despu\u00e9s del lanzamiento del juego de consola anterior! Los mundos del f\u00fatbol y el anime convergen en Captain Tsubasa: Rise of New Champions. Basado en la reconocida serie Captain Tsubasa. El juego narra las haza\u00f1as atl\u00e9ticas de Tsubasa Ozora mientras demuestra su amor por el juego y avanza a trav\u00e9s de las filas de m\u00faltiples ligas de f\u00fatbol<\/span><\/p>\n<p><span style=\"vertical-align: inherit;\">Captain Tsubasa: Rise of New Champions sumerge a los jugadores en un juego de f\u00fatbol lleno de acci\u00f3n que presenta una jugabilidad estimulante, disparos exclusivos y una jugabilidad accesible.<\/span><\/p>","protected":false},"excerpt":{"rendered":"<p>\u00a1Un nuevo juego de Captain Tsubasa est\u00e1 aqu\u00ed, 10 a\u00f1os despu\u00e9s del lanzamiento del juego de consola anterior! Los mundos del f\u00fatbol y el anime convergen en Captain Tsubasa: Rise of New Champions. Basado en la reconocida serie Captain Tsubasa. El juego narra las haza\u00f1as atl\u00e9ticas de Tsubasa Ozora mientras demuestra su amor por el&#8230;<\/p>","protected":false},"featured_media":120917,"template":"","meta":{"_monsterinsights_skip_tracking":false,"_monsterinsights_sitenote_active":false,"_monsterinsights_sitenote_note":"","_monsterinsights_sitenote_category":0},"product_brand":[],"product_cat":[2981,3596,1271,1283,1280,1273,1392,1423],"product_tag":[2186,2185,2184,1526],"class_list":{"0":"post-104781","1":"product","2":"type-product","3":"status-publish","4":"has-post-thumbnail","6":"product_cat-destacados","7":"product_cat-tienda-de-videojuegos-steam-recomendados-en-tijuana-mexico","8":"product_cat-tienda-de-videojuegos-tijuana-mexico","9":"product_cat-tienda-de-videojuegos-plataformas-tijuana-mexico","10":"product_cat-tienda-de-videojuegos-pc-tijuana-mexico","11":"product_cat-tienda-de-videojuegos-steam-key-tijuana-mexico","12":"product_cat-tienda-de-videojuegos-accion-tijuana-mexico","13":"product_cat-tienda-de-videojuegos-nuevos-lanzamientos-tijuana-mexico","14":"product_tag-captain-tsubasa","15":"product_tag-captain-tsubasa-rise-of-new-champions","16":"product_tag-captain-tsubasa-rise-of-new-champions-steam","17":"product_tag-steam","19":"first","20":"instock","21":"shipping-taxable","22":"purchasable","23":"product-type-simple"},"yoast_head":"<!-- This site is optimized with the Yoast SEO plugin v27.0 - https:\/\/yoast.com\/product\/yoast-seo-wordpress\/ -->\n<title>Captain Tsubasa: Rise of New Champions Steam CD Key - MERCADOKEYS<\/title>\n<meta name=\"description\" content=\"Un nuevo juego de Captain Tsubasa est\u00e1 aqu\u00ed, 10 a\u00f1os despu\u00e9s del lanzamiento del juego de consola anterior! Los mundos del f\u00fatbol y el anime convergen\" \/>\n<meta name=\"robots\" content=\"index, follow, max-snippet:-1, max-image-preview:large, max-video-preview:-1\" \/>\n<link rel=\"canonical\" href=\"https:\/\/www.mercadokeys.com\/product\/captain-tsubasa-rise-of-new-champions-steam-cd-key\/\" \/>\n<meta property=\"og:locale\" content=\"en_GB\" \/>\n<meta property=\"og:type\" content=\"article\" \/>\n<meta property=\"og:title\" content=\"Captain Tsubasa: Rise of New Champions Steam CD Key - MERCADOKEYS\" \/>\n<meta property=\"og:description\" content=\"Un nuevo juego de Captain Tsubasa est\u00e1 aqu\u00ed, 10 a\u00f1os despu\u00e9s del lanzamiento del juego de consola anterior! Los mundos del f\u00fatbol y el anime convergen\" \/>\n<meta property=\"og:url\" content=\"https:\/\/www.mercadokeys.com\/product\/captain-tsubasa-rise-of-new-champions-steam-cd-key\/\" \/>\n<meta property=\"og:site_name\" content=\"MERCADOKEYS\" \/>\n<meta property=\"article:modified_time\" content=\"2023-10-15T12:37:59+00:00\" \/>\n<meta property=\"og:image\" content=\"https:\/\/www.mercadokeys.com\/wp-content\/uploads\/2020\/12\/Captain-Tsubasa-Rise-of-New-Champions-Steam.jpg\" \/>\n\t<meta property=\"og:image:width\" content=\"230\" \/>\n\t<meta property=\"og:image:height\" content=\"336\" \/>\n\t<meta property=\"og:image:type\" content=\"image\/jpeg\" \/>\n<meta name=\"twitter:card\" content=\"summary_large_image\" \/>\n<meta name=\"twitter:label1\" content=\"Estimated reading time\" \/>\n\t<meta name=\"twitter:data1\" content=\"1 minute\" \/>\n<script type=\"application\/ld+json\" class=\"yoast-schema-graph\">{\"@context\":\"https:\/\/schema.org\",\"@graph\":[{\"@type\":\"WebPage\",\"@id\":\"https:\/\/www.mercadokeys.com\/product\/captain-tsubasa-rise-of-new-champions-steam-cd-key\/\",\"url\":\"https:\/\/www.mercadokeys.com\/product\/captain-tsubasa-rise-of-new-champions-steam-cd-key\/\",\"name\":\"Captain Tsubasa: Rise of New Champions Steam CD Key - MERCADOKEYS\",\"isPartOf\":{\"@id\":\"https:\/\/www.mercadokeys.com\/eng\/#website\"},\"primaryImageOfPage\":{\"@id\":\"https:\/\/www.mercadokeys.com\/product\/captain-tsubasa-rise-of-new-champions-steam-cd-key\/#primaryimage\"},\"image\":{\"@id\":\"https:\/\/www.mercadokeys.com\/product\/captain-tsubasa-rise-of-new-champions-steam-cd-key\/#primaryimage\"},\"thumbnailUrl\":\"https:\/\/www.mercadokeys.com.mx\/wp-content\/uploads\/2020\/12\/Captain-Tsubasa-Rise-of-New-Champions-Steam.jpg\",\"datePublished\":\"2020-12-18T13:06:53+00:00\",\"dateModified\":\"2023-10-15T12:37:59+00:00\",\"description\":\"Un nuevo juego de Captain Tsubasa est\u00e1 aqu\u00ed, 10 a\u00f1os despu\u00e9s del lanzamiento del juego de consola anterior! Los mundos del f\u00fatbol y el anime convergen\",\"breadcrumb\":{\"@id\":\"https:\/\/www.mercadokeys.com\/product\/captain-tsubasa-rise-of-new-champions-steam-cd-key\/#breadcrumb\"},\"inLanguage\":\"en-GB\",\"potentialAction\":[{\"@type\":\"ReadAction\",\"target\":[\"https:\/\/www.mercadokeys.com\/product\/captain-tsubasa-rise-of-new-champions-steam-cd-key\/\"]}]},{\"@type\":\"ImageObject\",\"inLanguage\":\"en-GB\",\"@id\":\"https:\/\/www.mercadokeys.com\/product\/captain-tsubasa-rise-of-new-champions-steam-cd-key\/#primaryimage\",\"url\":\"https:\/\/www.mercadokeys.com.mx\/wp-content\/uploads\/2020\/12\/Captain-Tsubasa-Rise-of-New-Champions-Steam.jpg\",\"contentUrl\":\"https:\/\/www.mercadokeys.com.mx\/wp-content\/uploads\/2020\/12\/Captain-Tsubasa-Rise-of-New-Champions-Steam.jpg\",\"width\":230,\"height\":336},{\"@type\":\"BreadcrumbList\",\"@id\":\"https:\/\/www.mercadokeys.com\/product\/captain-tsubasa-rise-of-new-champions-steam-cd-key\/#breadcrumb\",\"itemListElement\":[{\"@type\":\"ListItem\",\"position\":1,\"name\":\"Inicio\",\"item\":\"https:\/\/www.mercadokeys.com.mx\/\"},{\"@type\":\"ListItem\",\"position\":2,\"name\":\"Tienda\",\"item\":\"https:\/\/www.mercadokeys.com\/shop\/\"},{\"@type\":\"ListItem\",\"position\":3,\"name\":\"Captain Tsubasa: Rise of New Champions Steam CD Key\"}]},{\"@type\":\"WebSite\",\"@id\":\"https:\/\/www.mercadokeys.com\/eng\/#website\",\"url\":\"https:\/\/www.mercadokeys.com\/eng\/\",\"name\":\"MERCADOKEYS\",\"description\":\"Tu Tienda de videojuegos digitales en Mexico!\",\"potentialAction\":[{\"@type\":\"SearchAction\",\"target\":{\"@type\":\"EntryPoint\",\"urlTemplate\":\"https:\/\/www.mercadokeys.com\/eng\/?s={search_term_string}\"},\"query-input\":{\"@type\":\"PropertyValueSpecification\",\"valueRequired\":true,\"valueName\":\"search_term_string\"}}],\"inLanguage\":\"en-GB\"}]}<\/script>\n<!-- \/ Yoast SEO plugin. -->","yoast_head_json":{"title":"Captain Tsubasa: Rise of New Champions Steam CD Key - MERCADOKEYS","description":"Un nuevo juego de Captain Tsubasa est\u00e1 aqu\u00ed, 10 a\u00f1os despu\u00e9s del lanzamiento del juego de consola anterior! Los mundos del f\u00fatbol y el anime convergen","robots":{"index":"index","follow":"follow","max-snippet":"max-snippet:-1","max-image-preview":"max-image-preview:large","max-video-preview":"max-video-preview:-1"},"canonical":"https:\/\/www.mercadokeys.com\/product\/captain-tsubasa-rise-of-new-champions-steam-cd-key\/","og_locale":"en_GB","og_type":"article","og_title":"Captain Tsubasa: Rise of New Champions Steam CD Key - MERCADOKEYS","og_description":"Un nuevo juego de Captain Tsubasa est\u00e1 aqu\u00ed, 10 a\u00f1os despu\u00e9s del lanzamiento del juego de consola anterior! Los mundos del f\u00fatbol y el anime convergen","og_url":"https:\/\/www.mercadokeys.com\/product\/captain-tsubasa-rise-of-new-champions-steam-cd-key\/","og_site_name":"MERCADOKEYS","article_modified_time":"2023-10-15T12:37:59+00:00","og_image":[{"width":230,"height":336,"url":"https:\/\/www.mercadokeys.com\/wp-content\/uploads\/2020\/12\/Captain-Tsubasa-Rise-of-New-Champions-Steam.jpg","type":"image\/jpeg"}],"twitter_card":"summary_large_image","twitter_misc":{"Estimated reading time":"1 minute"},"schema":{"@context":"https:\/\/schema.org","@graph":[{"@type":"WebPage","@id":"https:\/\/www.mercadokeys.com\/product\/captain-tsubasa-rise-of-new-champions-steam-cd-key\/","url":"https:\/\/www.mercadokeys.com\/product\/captain-tsubasa-rise-of-new-champions-steam-cd-key\/","name":"Captain Tsubasa: Rise of New Champions Steam CD Key - MERCADOKEYS","isPartOf":{"@id":"https:\/\/www.mercadokeys.com\/eng\/#website"},"primaryImageOfPage":{"@id":"https:\/\/www.mercadokeys.com\/product\/captain-tsubasa-rise-of-new-champions-steam-cd-key\/#primaryimage"},"image":{"@id":"https:\/\/www.mercadokeys.com\/product\/captain-tsubasa-rise-of-new-champions-steam-cd-key\/#primaryimage"},"thumbnailUrl":"https:\/\/www.mercadokeys.com.mx\/wp-content\/uploads\/2020\/12\/Captain-Tsubasa-Rise-of-New-Champions-Steam.jpg","datePublished":"2020-12-18T13:06:53+00:00","dateModified":"2023-10-15T12:37:59+00:00","description":"Un nuevo juego de Captain Tsubasa est\u00e1 aqu\u00ed, 10 a\u00f1os despu\u00e9s del lanzamiento del juego de consola anterior! Los mundos del f\u00fatbol y el anime convergen","breadcrumb":{"@id":"https:\/\/www.mercadokeys.com\/product\/captain-tsubasa-rise-of-new-champions-steam-cd-key\/#breadcrumb"},"inLanguage":"en-GB","potentialAction":[{"@type":"ReadAction","target":["https:\/\/www.mercadokeys.com\/product\/captain-tsubasa-rise-of-new-champions-steam-cd-key\/"]}]},{"@type":"ImageObject","inLanguage":"en-GB","@id":"https:\/\/www.mercadokeys.com\/product\/captain-tsubasa-rise-of-new-champions-steam-cd-key\/#primaryimage","url":"https:\/\/www.mercadokeys.com.mx\/wp-content\/uploads\/2020\/12\/Captain-Tsubasa-Rise-of-New-Champions-Steam.jpg","contentUrl":"https:\/\/www.mercadokeys.com.mx\/wp-content\/uploads\/2020\/12\/Captain-Tsubasa-Rise-of-New-Champions-Steam.jpg","width":230,"height":336},{"@type":"BreadcrumbList","@id":"https:\/\/www.mercadokeys.com\/product\/captain-tsubasa-rise-of-new-champions-steam-cd-key\/#breadcrumb","itemListElement":[{"@type":"ListItem","position":1,"name":"Inicio","item":"https:\/\/www.mercadokeys.com.mx\/"},{"@type":"ListItem","position":2,"name":"Tienda","item":"https:\/\/www.mercadokeys.com\/shop\/"},{"@type":"ListItem","position":3,"name":"Captain Tsubasa: Rise of New Champions Steam CD Key"}]},{"@type":"WebSite","@id":"https:\/\/www.mercadokeys.com\/eng\/#website","url":"https:\/\/www.mercadokeys.com\/eng\/","name":"MERCADOKEYS","description":"Tu Tienda de videojuegos digitales en Mexico!","potentialAction":[{"@type":"SearchAction","target":{"@type":"EntryPoint","urlTemplate":"https:\/\/www.mercadokeys.com\/eng\/?s={search_term_string}"},"query-input":{"@type":"PropertyValueSpecification","valueRequired":true,"valueName":"search_term_string"}}],"inLanguage":"en-GB"}]}},"df_price":444.427322,"df_sale_price":444.427322,"df_regular_price":444.427322,"df_image_link":"https:\/\/www.mercadokeys.com.mx\/wp-content\/uploads\/2020\/12\/Captain-Tsubasa-Rise-of-New-Champions-Steam-205x300.jpg","_links":{"self":[{"href":"https:\/\/www.mercadokeys.com.mx\/eng\/wp-json\/wp\/v2\/product\/104781","targetHints":{"allow":["GET"]}}],"collection":[{"href":"https:\/\/www.mercadokeys.com.mx\/eng\/wp-json\/wp\/v2\/product"}],"about":[{"href":"https:\/\/www.mercadokeys.com.mx\/eng\/wp-json\/wp\/v2\/types\/product"}],"wp:featuredmedia":[{"embeddable":true,"href":"https:\/\/www.mercadokeys.com.mx\/eng\/wp-json\/wp\/v2\/media\/120917"}],"wp:attachment":[{"href":"https:\/\/www.mercadokeys.com.mx\/eng\/wp-json\/wp\/v2\/media?parent=104781"}],"wp:term":[{"taxonomy":"product_brand","embeddable":true,"href":"https:\/\/www.mercadokeys.com.mx\/eng\/wp-json\/wp\/v2\/product_brand?post=104781"},{"taxonomy":"product_cat","embeddable":true,"href":"https:\/\/www.mercadokeys.com.mx\/eng\/wp-json\/wp\/v2\/product_cat?post=104781"},{"taxonomy":"product_tag","embeddable":true,"href":"https:\/\/www.mercadokeys.com.mx\/eng\/wp-json\/wp\/v2\/product_tag?post=104781"}],"curies":[{"name":"wp","href":"https:\/\/api.w.org\/{rel}","templated":true}]}}