{"id":55706,"date":"2020-11-17T15:11:27","date_gmt":"2020-11-17T23:11:27","guid":{"rendered":"https:\/\/www.mercadokeys.com\/?page_id=55706"},"modified":"2021-07-11T08:25:50","modified_gmt":"2021-07-11T15:25:50","slug":"politica-de-reembolsos","status":"publish","type":"page","link":"https:\/\/www.mercadokeys.com.mx\/eng\/politica-de-reembolsos\/","title":{"rendered":"Refund Policy"},"content":{"rendered":"<p><strong>(Servicio exclusivo para clientes frecuentes y solo disponible en M\u00e9xico)<\/strong><\/p>\n\n\n<h2><strong><img loading=\"lazy\" decoding=\"async\" class=\"\" src=\"https:\/\/www.mercadokeys.com.mx\/wp-content\/uploads\/2020\/11\/logo_lockup_google_translate_icon_horizontal_en-gb-002-300x94.png\" width=\"128\" height=\"40\" \/><\/strong><\/h2>\n<h2>Where refunds apply<\/h2>\n<p>You can request a refund for any purchase on MercadoKeys and it doesn't matter what the reason is. You may have made the purchase by mistake; and now you want to refund your purchase; or you may not have read the product description correctly.<\/p>\n<p>Si usted es cliente frecuente <em><strong>( Necesitas diez compras concretadas en nuestra tienda para ser considerado como un cliente frecuente. )<\/strong><\/em> un cliente frecuente puede Emitir un reembolso por cualquier motivo, si la solicitud se realiza dentro de las veinticuatro horas posteriores a la compra, y los t\u00edtulos adquiridos en MercadoKeys a\u00fan no se han canjeado o utilizado de alguna manera&#8230; Hay m\u00e1s detalles a continuaci\u00f3n:<\/p>\n<p>La oferta de reembolso, es valida dentro de las veinticuatro horas posteriores a la compra, se aplica a todos los productos que se compran en MercadoKey.com\u00a0 Aqu\u00ed hay una descripci\u00f3n general de c\u00f3mo funcionan los reembolsos con otros tipos de compras.<\/p>\n<h3>Refunds on promotions.<\/h3>\n<p><em>Refunds accepted on special MercadoKeys offers<\/em><\/p>\n<h3>Package Refund<\/h3>\n<p><em>(You can receive a full refund for any package purchased from MercadoKeys, as long as none of the items in the package are used.)<\/em><\/p>\n<h3>Purchases made outside MercadoKeys<\/h3>\n<p><em>MercadoKeys cannot provide refunds for purchases made outside of MercadoKeys. (for example, redeem codes purchased from third parties).<\/em><\/p>\n<h3><strong>Gift refunds<\/strong><\/h3>\n<p><em>We are unable to offer refunds for gifts after the recipient has redeemed them.<\/em><\/p>\n<h3><strong>Abuse<\/strong><\/h3>\n<p>Amigos m\u00edos : ) los reembolsos est\u00e1n dise\u00f1ados para ayudarnos y ayudarlos a eliminar el riesgo de comprar t\u00edtulos en MercadoKeys por error y No como una forma de obtener videojuegos gratis. Les aclaramos que si nos parece que est\u00e1 abusando de los reembolsos, por seguridad dejaremos de ofrec\u00e9rselos.\u00a0 <span style=\"color: #ffcc00;\">En MarcadoKeys.com no consideramos que sea un abuso solicitar un reembolso por un t\u00edtulo que se compr\u00f3 24 horas antes de una venta especial, para luego recomprarlo inmediatamente por el nuevo precio con descuento. <\/span><em>(All this as long as the serial remains unused)<\/em><\/p>\n<p>\u00a0<\/p>\n<h3>How to request a refund<\/h3>\n<p>You can request a refund by creating a ticket in the MercadoKeys Support Center =&gt; Sent an email to <a href=\"mailto:contacto@mercadokeys.com\">contacto@mercadokeys.com<\/a><br \/><b>Subject: Refund Department. <\/b><em>(The refund will be issued by the deposit method that is agreed with the client)<\/em><\/p>\n<blockquote>\n<p><a href=\"https:\/\/www.mercadokeys.com.mx\/eng\/terminos-y-condiciones\/\"><em>Notice: (By requesting a refund you are accepting the terms and conditions of use published on this website)<\/em><\/a><\/p>\n<\/blockquote>","protected":false},"excerpt":{"rendered":"<p>(Servicio exclusivo para clientes frecuentes y solo disponible en M\u00e9xico) D\u00f3nde se aplican los reembolsos Puede solicitar un reembolso por cualquier compra en MercadoKeys y no importa cu\u00e1l sea el motivo. Es posible que haya realizado la compra por error;\u00a0 y ahora desea reembolsar su compra; o es posible que no haya le\u00eddo correctamente la&#8230;<\/p>","protected":false},"author":1,"featured_media":0,"parent":0,"menu_order":0,"comment_status":"closed","ping_status":"closed","template":"","meta":{"_monsterinsights_skip_tracking":false,"_monsterinsights_sitenote_active":false,"_monsterinsights_sitenote_note":"","_monsterinsights_sitenote_category":0,"footnotes":""},"class_list":["post-55706","page","type-page","status-publish","hentry"],"yoast_head":"<!-- This site is optimized with the Yoast SEO plugin v27.0 - https:\/\/yoast.com\/product\/yoast-seo-wordpress\/ -->\n<title>Pol\u00edtica de Reembolsos - MERCADOKEYS<\/title>\n<meta name=\"robots\" content=\"index, follow, max-snippet:-1, max-image-preview:large, max-video-preview:-1\" \/>\n<link rel=\"canonical\" href=\"https:\/\/www.mercadokeys.com\/politica-de-reembolsos\/\" \/>\n<meta property=\"og:locale\" content=\"en_GB\" \/>\n<meta property=\"og:type\" content=\"article\" \/>\n<meta property=\"og:title\" content=\"Pol\u00edtica de Reembolsos - MERCADOKEYS\" \/>\n<meta property=\"og:description\" content=\"(Servicio exclusivo para clientes frecuentes y solo disponible en M\u00e9xico) D\u00f3nde se aplican los reembolsos Puede solicitar un reembolso por cualquier compra en MercadoKeys y no importa cu\u00e1l sea el motivo. Es posible que haya realizado la compra por error;\u00a0 y ahora desea reembolsar su compra; o es posible que no haya le\u00eddo correctamente la...\" \/>\n<meta property=\"og:url\" content=\"https:\/\/www.mercadokeys.com\/politica-de-reembolsos\/\" \/>\n<meta property=\"og:site_name\" content=\"MERCADOKEYS\" \/>\n<meta property=\"article:modified_time\" content=\"2021-07-11T15:25:50+00:00\" \/>\n<meta property=\"og:image\" content=\"https:\/\/www.mercadokeys.com\/wp-content\/uploads\/2020\/11\/logo_lockup_google_translate_icon_horizontal_en-gb-002-300x94.png\" \/>\n<meta name=\"twitter:card\" content=\"summary_large_image\" \/>\n<meta name=\"twitter:label1\" content=\"Estimated reading time\" \/>\n\t<meta name=\"twitter:data1\" content=\"2 minutes\" \/>\n<script type=\"application\/ld+json\" class=\"yoast-schema-graph\">{\"@context\":\"https:\/\/schema.org\",\"@graph\":[{\"@type\":\"WebPage\",\"@id\":\"https:\/\/www.mercadokeys.com\/politica-de-reembolsos\/\",\"url\":\"https:\/\/www.mercadokeys.com\/politica-de-reembolsos\/\",\"name\":\"Pol\u00edtica de Reembolsos - MERCADOKEYS\",\"isPartOf\":{\"@id\":\"https:\/\/www.mercadokeys.com\/eng\/#website\"},\"primaryImageOfPage\":{\"@id\":\"https:\/\/www.mercadokeys.com\/politica-de-reembolsos\/#primaryimage\"},\"image\":{\"@id\":\"https:\/\/www.mercadokeys.com\/politica-de-reembolsos\/#primaryimage\"},\"thumbnailUrl\":\"https:\/\/www.mercadokeys.com.mx\/wp-content\/uploads\/2020\/11\/logo_lockup_google_translate_icon_horizontal_en-gb-002-300x94.png\",\"datePublished\":\"2020-11-17T23:11:27+00:00\",\"dateModified\":\"2021-07-11T15:25:50+00:00\",\"breadcrumb\":{\"@id\":\"https:\/\/www.mercadokeys.com\/politica-de-reembolsos\/#breadcrumb\"},\"inLanguage\":\"en-GB\",\"potentialAction\":[{\"@type\":\"ReadAction\",\"target\":[\"https:\/\/www.mercadokeys.com\/politica-de-reembolsos\/\"]}]},{\"@type\":\"ImageObject\",\"inLanguage\":\"en-GB\",\"@id\":\"https:\/\/www.mercadokeys.com\/politica-de-reembolsos\/#primaryimage\",\"url\":\"https:\/\/www.mercadokeys.com.mx\/wp-content\/uploads\/2020\/11\/logo_lockup_google_translate_icon_horizontal_en-gb-002-300x94.png\",\"contentUrl\":\"https:\/\/www.mercadokeys.com.mx\/wp-content\/uploads\/2020\/11\/logo_lockup_google_translate_icon_horizontal_en-gb-002-300x94.png\"},{\"@type\":\"BreadcrumbList\",\"@id\":\"https:\/\/www.mercadokeys.com\/politica-de-reembolsos\/#breadcrumb\",\"itemListElement\":[{\"@type\":\"ListItem\",\"position\":1,\"name\":\"Inicio\",\"item\":\"https:\/\/www.mercadokeys.com.mx\/\"},{\"@type\":\"ListItem\",\"position\":2,\"name\":\"Pol\u00edtica de Reembolsos\"}]},{\"@type\":\"WebSite\",\"@id\":\"https:\/\/www.mercadokeys.com\/eng\/#website\",\"url\":\"https:\/\/www.mercadokeys.com\/eng\/\",\"name\":\"MERCADOKEYS\",\"description\":\"Tu Tienda de videojuegos digitales en Mexico!\",\"potentialAction\":[{\"@type\":\"SearchAction\",\"target\":{\"@type\":\"EntryPoint\",\"urlTemplate\":\"https:\/\/www.mercadokeys.com\/eng\/?s={search_term_string}\"},\"query-input\":{\"@type\":\"PropertyValueSpecification\",\"valueRequired\":true,\"valueName\":\"search_term_string\"}}],\"inLanguage\":\"en-GB\"}]}<\/script>\n<!-- \/ Yoast SEO plugin. -->","yoast_head_json":{"title":"Pol\u00edtica de Reembolsos - MERCADOKEYS","robots":{"index":"index","follow":"follow","max-snippet":"max-snippet:-1","max-image-preview":"max-image-preview:large","max-video-preview":"max-video-preview:-1"},"canonical":"https:\/\/www.mercadokeys.com\/politica-de-reembolsos\/","og_locale":"en_GB","og_type":"article","og_title":"Pol\u00edtica de Reembolsos - MERCADOKEYS","og_description":"(Servicio exclusivo para clientes frecuentes y solo disponible en M\u00e9xico) D\u00f3nde se aplican los reembolsos Puede solicitar un reembolso por cualquier compra en MercadoKeys y no importa cu\u00e1l sea el motivo. Es posible que haya realizado la compra por error;\u00a0 y ahora desea reembolsar su compra; o es posible que no haya le\u00eddo correctamente la...","og_url":"https:\/\/www.mercadokeys.com\/politica-de-reembolsos\/","og_site_name":"MERCADOKEYS","article_modified_time":"2021-07-11T15:25:50+00:00","og_image":[{"url":"https:\/\/www.mercadokeys.com\/wp-content\/uploads\/2020\/11\/logo_lockup_google_translate_icon_horizontal_en-gb-002-300x94.png","type":"","width":"","height":""}],"twitter_card":"summary_large_image","twitter_misc":{"Estimated reading time":"2 minutes"},"schema":{"@context":"https:\/\/schema.org","@graph":[{"@type":"WebPage","@id":"https:\/\/www.mercadokeys.com\/politica-de-reembolsos\/","url":"https:\/\/www.mercadokeys.com\/politica-de-reembolsos\/","name":"Pol\u00edtica de Reembolsos - MERCADOKEYS","isPartOf":{"@id":"https:\/\/www.mercadokeys.com\/eng\/#website"},"primaryImageOfPage":{"@id":"https:\/\/www.mercadokeys.com\/politica-de-reembolsos\/#primaryimage"},"image":{"@id":"https:\/\/www.mercadokeys.com\/politica-de-reembolsos\/#primaryimage"},"thumbnailUrl":"https:\/\/www.mercadokeys.com.mx\/wp-content\/uploads\/2020\/11\/logo_lockup_google_translate_icon_horizontal_en-gb-002-300x94.png","datePublished":"2020-11-17T23:11:27+00:00","dateModified":"2021-07-11T15:25:50+00:00","breadcrumb":{"@id":"https:\/\/www.mercadokeys.com\/politica-de-reembolsos\/#breadcrumb"},"inLanguage":"en-GB","potentialAction":[{"@type":"ReadAction","target":["https:\/\/www.mercadokeys.com\/politica-de-reembolsos\/"]}]},{"@type":"ImageObject","inLanguage":"en-GB","@id":"https:\/\/www.mercadokeys.com\/politica-de-reembolsos\/#primaryimage","url":"https:\/\/www.mercadokeys.com.mx\/wp-content\/uploads\/2020\/11\/logo_lockup_google_translate_icon_horizontal_en-gb-002-300x94.png","contentUrl":"https:\/\/www.mercadokeys.com.mx\/wp-content\/uploads\/2020\/11\/logo_lockup_google_translate_icon_horizontal_en-gb-002-300x94.png"},{"@type":"BreadcrumbList","@id":"https:\/\/www.mercadokeys.com\/politica-de-reembolsos\/#breadcrumb","itemListElement":[{"@type":"ListItem","position":1,"name":"Inicio","item":"https:\/\/www.mercadokeys.com.mx\/"},{"@type":"ListItem","position":2,"name":"Pol\u00edtica de Reembolsos"}]},{"@type":"WebSite","@id":"https:\/\/www.mercadokeys.com\/eng\/#website","url":"https:\/\/www.mercadokeys.com\/eng\/","name":"MERCADOKEYS","description":"Tu Tienda de videojuegos digitales en Mexico!","potentialAction":[{"@type":"SearchAction","target":{"@type":"EntryPoint","urlTemplate":"https:\/\/www.mercadokeys.com\/eng\/?s={search_term_string}"},"query-input":{"@type":"PropertyValueSpecification","valueRequired":true,"valueName":"search_term_string"}}],"inLanguage":"en-GB"}]}},"_links":{"self":[{"href":"https:\/\/www.mercadokeys.com.mx\/eng\/wp-json\/wp\/v2\/pages\/55706","targetHints":{"allow":["GET"]}}],"collection":[{"href":"https:\/\/www.mercadokeys.com.mx\/eng\/wp-json\/wp\/v2\/pages"}],"about":[{"href":"https:\/\/www.mercadokeys.com.mx\/eng\/wp-json\/wp\/v2\/types\/page"}],"author":[{"embeddable":true,"href":"https:\/\/www.mercadokeys.com.mx\/eng\/wp-json\/wp\/v2\/users\/1"}],"replies":[{"embeddable":true,"href":"https:\/\/www.mercadokeys.com.mx\/eng\/wp-json\/wp\/v2\/comments?post=55706"}],"version-history":[{"count":18,"href":"https:\/\/www.mercadokeys.com.mx\/eng\/wp-json\/wp\/v2\/pages\/55706\/revisions"}],"predecessor-version":[{"id":114861,"href":"https:\/\/www.mercadokeys.com.mx\/eng\/wp-json\/wp\/v2\/pages\/55706\/revisions\/114861"}],"wp:attachment":[{"href":"https:\/\/www.mercadokeys.com.mx\/eng\/wp-json\/wp\/v2\/media?parent=55706"}],"curies":[{"name":"wp","href":"https:\/\/api.w.org\/{rel}","templated":true}]}}