{"id":45,"date":"2017-12-17T11:34:36","date_gmt":"2017-12-17T11:34:36","guid":{"rendered":"http:\/\/demo.gloriathemes.com\/wp\/cloux\/?page_id=45"},"modified":"2021-07-23T14:47:49","modified_gmt":"2021-07-23T21:47:49","slug":"sobre-nosotros","status":"publish","type":"page","link":"https:\/\/www.mercadokeys.com.mx\/eng\/sobre-nosotros\/","title":{"rendered":"About Us"},"content":{"rendered":"<div class=\"wpb-content-wrapper\"><div class=\"vc_row wpb_row vc_row-fluid\"><div class=\"wpb_column vc_column_container vc_col-sm-4\"><div class=\"vc_column-inner\"><div class=\"wpb_wrapper\"><div class=\"cloux-service-box\"><a href=\"https:\/\/mercadokeys.com\/shop\/\" title=\"\" target=\"_parent\"><i class=\"fas fa-gamepad\" aria-hidden=\"true\"><\/i><div class=\"title\">THE BEST PRICES.<\/div><div class=\"text\"><p>MercadoKeys.com a 100% Mexican video game store<\/p>\n<\/div><\/a><\/div><div class=\"vc_empty_space\"   style=\"height: 2.308rem\"><span class=\"vc_empty_space_inner\"><\/span><\/div><\/div><\/div><\/div><div class=\"wpb_column vc_column_container vc_col-sm-4\"><div class=\"vc_column-inner\"><div class=\"wpb_wrapper\"><div class=\"cloux-service-box\"><a href=\"mailto:contacto@mercadokeys.com\" title=\"\" target=\"_parent\"><i class=\"far fa-life-ring\" aria-hidden=\"true\"><\/i><div class=\"title\">CONTACT US.<\/div><div class=\"text\"><p>contacto@MercadoKeys.com<\/p>\n<\/div><\/a><\/div><div class=\"vc_empty_space\"   style=\"height: 2.308rem\"><span class=\"vc_empty_space_inner\"><\/span><\/div><\/div><\/div><\/div><div class=\"wpb_column vc_column_container vc_col-sm-4\"><div class=\"vc_column-inner\"><div class=\"wpb_wrapper\"><div class=\"cloux-service-box\"><a href=\"https:\/\/www.mercadokeys.com\/politica-de-reembolsos\/\" title=\"\" target=\"_blank\"><i class=\"far fa-money-bill-alt\" aria-hidden=\"true\"><\/i><div class=\"title\">REFUNDS.<\/div><div class=\"text\"><p>Learn about our mission, vision and company values.<\/p>\n<\/div><\/a><\/div><div class=\"vc_empty_space\"   style=\"height: 2.308rem\"><span class=\"vc_empty_space_inner\"><\/span><\/div><\/div><\/div><\/div><\/div><div class=\"vc_row wpb_row vc_row-fluid\"><div class=\"wpb_column vc_column_container vc_col-sm-12\"><div class=\"vc_column-inner\"><div class=\"wpb_wrapper\">\n\t<div class=\"wpb_text_column wpb_content_element\" >\n\t\t<div class=\"wpb_wrapper\">\n\t\t\t<p><span style=\"color: #ffcc00;\"><img loading=\"lazy\" decoding=\"async\" class=\"alignnone wp-image-56482\" src=\"https:\/\/www.mercadokeys.com.mx\/wp-content\/uploads\/2020\/11\/logo_lockup_google_translate_icon_horizontal_en-gb-002-300x94.png\" alt=\"\" width=\"141\" height=\"44\" srcset=\"https:\/\/www.mercadokeys.com.mx\/wp-content\/uploads\/2020\/11\/logo_lockup_google_translate_icon_horizontal_en-gb-002-300x94.png 300w, https:\/\/www.mercadokeys.com.mx\/wp-content\/uploads\/2020\/11\/logo_lockup_google_translate_icon_horizontal_en-gb-002-600x189.png 600w, https:\/\/www.mercadokeys.com.mx\/wp-content\/uploads\/2020\/11\/logo_lockup_google_translate_icon_horizontal_en-gb-002-1024x322.png 1024w, https:\/\/www.mercadokeys.com.mx\/wp-content\/uploads\/2020\/11\/logo_lockup_google_translate_icon_horizontal_en-gb-002-768x242.png 768w, https:\/\/www.mercadokeys.com.mx\/wp-content\/uploads\/2020\/11\/logo_lockup_google_translate_icon_horizontal_en-gb-002-16x5.png 16w, https:\/\/www.mercadokeys.com.mx\/wp-content\/uploads\/2020\/11\/logo_lockup_google_translate_icon_horizontal_en-gb-002.png 1424w\" sizes=\"auto, (max-width: 141px) 100vw, 141px\" \/><\/span><\/p>\n<p>MercadoKeys.com is an online sales platform designed to distribute digital video games. Our main objectives are to provide our customers with a wide variety of video games at low and accessible prices.<\/p>\n<p>En nuestro sitio de internet y tienda de videojuegos, encontrar\u00e1s los mejores t\u00edtulos de<span style=\"color: #ffcc00;\"> Steam, Uplay, Origin, Battle.net, Xbox, GOG y PSN<\/span> with constant discounts. On <span style=\"color: #ffcc00;\">MercadoKeys.com<\/span> You can purchase digital game keys, pre-orders, DLC, game time cards, gift cards, and much more! We also carry a large selection of antivirus software and tools, system tools and design related products etc. <span style=\"color: #ffcc00;\">MercadoKeys.com<\/span> It has a variety of special products like the Steam Random Key that allows you to win video games, hopefully much cheaper than their real value. Our giveaway challenges give our community the opportunity to win new epic games.<\/p>\n\n\t\t<\/div>\n\t<\/div>\n<\/div><\/div><\/div><\/div><div class=\"vc_row wpb_row vc_row-fluid\"><div class=\"wpb_column vc_column_container vc_col-sm-12\"><div class=\"vc_column-inner\"><div class=\"wpb_wrapper\">\n\t<div class=\"wpb_text_column wpb_content_element\" >\n\t\t<div class=\"wpb_wrapper\">\n\t\t\t<p>MercadoKeys.com has one of the most extensive catalogs on the web (more than 5000), our site offers an attractive selection of AAA Publishers and a dynamic variety of Indies and Specialized Publishers.<\/p>\n<p>At Mercadokeys we want to expand our product catalog, in order to satisfy the increasingly demanding demands of today's gamers.\u00a0 <strong><span style=\"color: #ffcc00;\">If you are a Publisher or Developer and you have a business proposal for us<\/span> - send us a message to <span style=\"color: #ffcc00;\"><a style=\"color: #ffcc00;\" href=\"mailto:contacto@mercadokeys.com\">contacto@mercadokeys.com<\/a><\/span><\/strong>. If you want to leave us a feedback you can send us a message to <a href=\"https:\/\/mercadokeys.com\/ayuda\/\">Help<\/a> You can also chat with us and be part of our community on the social networks of your choice: Twitter, Reddit or Facebook. We would love for you to become part of our community!<\/p>\n\n\t\t<\/div>\n\t<\/div>\n<\/div><\/div><\/div><\/div>\n<\/div>","protected":false},"excerpt":{"rendered":"LOS MEJORES PRECIOS.MercadoKeys.com una tienda de videojuegos 100% Mexicana CONTACTANOS.contacto@MercadoKeys.com REEMBOLSOS.Conoce nuestra misi\u00f3n, visi\u00f3n y valores de la empresa. MercadoKeys.com es una plataforma de venta en l\u00ednea, dise\u00f1ada para distribuir videojuegos digitales. Nuestros objetivos principales son proporcionar a nuestros clientes una gran variedad de videojuegos a precios bajos y accesibles. En nuestro sitio de internet...","protected":false},"author":1,"featured_media":114863,"parent":0,"menu_order":0,"comment_status":"closed","ping_status":"closed","template":"","meta":{"_monsterinsights_skip_tracking":false,"_monsterinsights_sitenote_active":false,"_monsterinsights_sitenote_note":"","_monsterinsights_sitenote_category":0,"footnotes":""},"class_list":["post-45","page","type-page","status-publish","has-post-thumbnail","hentry"],"yoast_head":"<!-- This site is optimized with the Yoast SEO plugin v27.0 - https:\/\/yoast.com\/product\/yoast-seo-wordpress\/ -->\n<title>Sobre Nosotros - MERCADOKEYS<\/title>\n<meta name=\"robots\" content=\"index, follow, max-snippet:-1, max-image-preview:large, max-video-preview:-1\" \/>\n<link rel=\"canonical\" href=\"https:\/\/www.mercadokeys.com\/sobre-nosotros\/\" \/>\n<meta property=\"og:locale\" content=\"en_GB\" \/>\n<meta property=\"og:type\" content=\"article\" \/>\n<meta property=\"og:title\" content=\"Sobre Nosotros - MERCADOKEYS\" \/>\n<meta property=\"og:url\" content=\"https:\/\/www.mercadokeys.com\/sobre-nosotros\/\" \/>\n<meta property=\"og:site_name\" content=\"MERCADOKEYS\" \/>\n<meta property=\"article:modified_time\" content=\"2021-07-23T21:47:49+00:00\" \/>\n<meta property=\"og:image\" content=\"https:\/\/www.mercadokeys.com\/wp-content\/uploads\/2021\/07\/Gamer-drinking-water-1.jpg\" \/>\n\t<meta property=\"og:image:width\" content=\"999\" \/>\n\t<meta property=\"og:image:height\" content=\"667\" \/>\n\t<meta property=\"og:image:type\" content=\"image\/jpeg\" \/>\n<meta name=\"twitter:card\" content=\"summary_large_image\" \/>\n<meta name=\"twitter:label1\" content=\"Estimated reading time\" \/>\n\t<meta name=\"twitter:data1\" content=\"2 minutes\" \/>\n<script type=\"application\/ld+json\" class=\"yoast-schema-graph\">{\"@context\":\"https:\/\/schema.org\",\"@graph\":[{\"@type\":\"WebPage\",\"@id\":\"https:\/\/www.mercadokeys.com\/sobre-nosotros\/\",\"url\":\"https:\/\/www.mercadokeys.com\/sobre-nosotros\/\",\"name\":\"Sobre Nosotros - MERCADOKEYS\",\"isPartOf\":{\"@id\":\"https:\/\/www.mercadokeys.com\/eng\/#website\"},\"primaryImageOfPage\":{\"@id\":\"https:\/\/www.mercadokeys.com\/sobre-nosotros\/#primaryimage\"},\"image\":{\"@id\":\"https:\/\/www.mercadokeys.com\/sobre-nosotros\/#primaryimage\"},\"thumbnailUrl\":\"https:\/\/www.mercadokeys.com.mx\/wp-content\/uploads\/2021\/07\/Gamer-drinking-water-1.jpg\",\"datePublished\":\"2017-12-17T11:34:36+00:00\",\"dateModified\":\"2021-07-23T21:47:49+00:00\",\"breadcrumb\":{\"@id\":\"https:\/\/www.mercadokeys.com\/sobre-nosotros\/#breadcrumb\"},\"inLanguage\":\"en-GB\",\"potentialAction\":[{\"@type\":\"ReadAction\",\"target\":[\"https:\/\/www.mercadokeys.com\/sobre-nosotros\/\"]}]},{\"@type\":\"ImageObject\",\"inLanguage\":\"en-GB\",\"@id\":\"https:\/\/www.mercadokeys.com\/sobre-nosotros\/#primaryimage\",\"url\":\"https:\/\/www.mercadokeys.com.mx\/wp-content\/uploads\/2021\/07\/Gamer-drinking-water-1.jpg\",\"contentUrl\":\"https:\/\/www.mercadokeys.com.mx\/wp-content\/uploads\/2021\/07\/Gamer-drinking-water-1.jpg\",\"width\":999,\"height\":667},{\"@type\":\"BreadcrumbList\",\"@id\":\"https:\/\/www.mercadokeys.com\/sobre-nosotros\/#breadcrumb\",\"itemListElement\":[{\"@type\":\"ListItem\",\"position\":1,\"name\":\"Inicio\",\"item\":\"https:\/\/www.mercadokeys.com.mx\/\"},{\"@type\":\"ListItem\",\"position\":2,\"name\":\"Sobre Nosotros\"}]},{\"@type\":\"WebSite\",\"@id\":\"https:\/\/www.mercadokeys.com\/eng\/#website\",\"url\":\"https:\/\/www.mercadokeys.com\/eng\/\",\"name\":\"MERCADOKEYS\",\"description\":\"Tu Tienda de videojuegos digitales en Mexico!\",\"potentialAction\":[{\"@type\":\"SearchAction\",\"target\":{\"@type\":\"EntryPoint\",\"urlTemplate\":\"https:\/\/www.mercadokeys.com\/eng\/?s={search_term_string}\"},\"query-input\":{\"@type\":\"PropertyValueSpecification\",\"valueRequired\":true,\"valueName\":\"search_term_string\"}}],\"inLanguage\":\"en-GB\"}]}<\/script>\n<!-- \/ Yoast SEO plugin. -->","yoast_head_json":{"title":"Sobre Nosotros - MERCADOKEYS","robots":{"index":"index","follow":"follow","max-snippet":"max-snippet:-1","max-image-preview":"max-image-preview:large","max-video-preview":"max-video-preview:-1"},"canonical":"https:\/\/www.mercadokeys.com\/sobre-nosotros\/","og_locale":"en_GB","og_type":"article","og_title":"Sobre Nosotros - MERCADOKEYS","og_url":"https:\/\/www.mercadokeys.com\/sobre-nosotros\/","og_site_name":"MERCADOKEYS","article_modified_time":"2021-07-23T21:47:49+00:00","og_image":[{"width":999,"height":667,"url":"https:\/\/www.mercadokeys.com\/wp-content\/uploads\/2021\/07\/Gamer-drinking-water-1.jpg","type":"image\/jpeg"}],"twitter_card":"summary_large_image","twitter_misc":{"Estimated reading time":"2 minutes"},"schema":{"@context":"https:\/\/schema.org","@graph":[{"@type":"WebPage","@id":"https:\/\/www.mercadokeys.com\/sobre-nosotros\/","url":"https:\/\/www.mercadokeys.com\/sobre-nosotros\/","name":"Sobre Nosotros - MERCADOKEYS","isPartOf":{"@id":"https:\/\/www.mercadokeys.com\/eng\/#website"},"primaryImageOfPage":{"@id":"https:\/\/www.mercadokeys.com\/sobre-nosotros\/#primaryimage"},"image":{"@id":"https:\/\/www.mercadokeys.com\/sobre-nosotros\/#primaryimage"},"thumbnailUrl":"https:\/\/www.mercadokeys.com.mx\/wp-content\/uploads\/2021\/07\/Gamer-drinking-water-1.jpg","datePublished":"2017-12-17T11:34:36+00:00","dateModified":"2021-07-23T21:47:49+00:00","breadcrumb":{"@id":"https:\/\/www.mercadokeys.com\/sobre-nosotros\/#breadcrumb"},"inLanguage":"en-GB","potentialAction":[{"@type":"ReadAction","target":["https:\/\/www.mercadokeys.com\/sobre-nosotros\/"]}]},{"@type":"ImageObject","inLanguage":"en-GB","@id":"https:\/\/www.mercadokeys.com\/sobre-nosotros\/#primaryimage","url":"https:\/\/www.mercadokeys.com.mx\/wp-content\/uploads\/2021\/07\/Gamer-drinking-water-1.jpg","contentUrl":"https:\/\/www.mercadokeys.com.mx\/wp-content\/uploads\/2021\/07\/Gamer-drinking-water-1.jpg","width":999,"height":667},{"@type":"BreadcrumbList","@id":"https:\/\/www.mercadokeys.com\/sobre-nosotros\/#breadcrumb","itemListElement":[{"@type":"ListItem","position":1,"name":"Inicio","item":"https:\/\/www.mercadokeys.com.mx\/"},{"@type":"ListItem","position":2,"name":"Sobre Nosotros"}]},{"@type":"WebSite","@id":"https:\/\/www.mercadokeys.com\/eng\/#website","url":"https:\/\/www.mercadokeys.com\/eng\/","name":"MERCADOKEYS","description":"Tu Tienda de videojuegos digitales en Mexico!","potentialAction":[{"@type":"SearchAction","target":{"@type":"EntryPoint","urlTemplate":"https:\/\/www.mercadokeys.com\/eng\/?s={search_term_string}"},"query-input":{"@type":"PropertyValueSpecification","valueRequired":true,"valueName":"search_term_string"}}],"inLanguage":"en-GB"}]}},"_links":{"self":[{"href":"https:\/\/www.mercadokeys.com.mx\/eng\/wp-json\/wp\/v2\/pages\/45","targetHints":{"allow":["GET"]}}],"collection":[{"href":"https:\/\/www.mercadokeys.com.mx\/eng\/wp-json\/wp\/v2\/pages"}],"about":[{"href":"https:\/\/www.mercadokeys.com.mx\/eng\/wp-json\/wp\/v2\/types\/page"}],"author":[{"embeddable":true,"href":"https:\/\/www.mercadokeys.com.mx\/eng\/wp-json\/wp\/v2\/users\/1"}],"replies":[{"embeddable":true,"href":"https:\/\/www.mercadokeys.com.mx\/eng\/wp-json\/wp\/v2\/comments?post=45"}],"version-history":[{"count":33,"href":"https:\/\/www.mercadokeys.com.mx\/eng\/wp-json\/wp\/v2\/pages\/45\/revisions"}],"predecessor-version":[{"id":116074,"href":"https:\/\/www.mercadokeys.com.mx\/eng\/wp-json\/wp\/v2\/pages\/45\/revisions\/116074"}],"wp:featuredmedia":[{"embeddable":true,"href":"https:\/\/www.mercadokeys.com.mx\/eng\/wp-json\/wp\/v2\/media\/114863"}],"wp:attachment":[{"href":"https:\/\/www.mercadokeys.com.mx\/eng\/wp-json\/wp\/v2\/media?parent=45"}],"curies":[{"name":"wp","href":"https:\/\/api.w.org\/{rel}","templated":true}]}}