{"id":1320,"date":"2018-01-17T12:45:36","date_gmt":"2018-01-17T12:45:36","guid":{"rendered":"http:\/\/demo.gloriathemes.com\/wp\/cloux\/?page_id=1320"},"modified":"2021-01-28T13:16:37","modified_gmt":"2021-01-28T21:16:37","slug":"preguntas-frecuentes","status":"publish","type":"page","link":"https:\/\/www.mercadokeys.com.mx\/eng\/preguntas-frecuentes\/","title":{"rendered":"FAQ"},"content":{"rendered":"<div class=\"wpb-content-wrapper\"><div class=\"vc_row wpb_row vc_row-fluid\"><div class=\"wpb_column vc_column_container vc_col-sm-4\"><div class=\"vc_column-inner\"><div class=\"wpb_wrapper\"><div class=\"cloux-service-box\"><a href=\"https:\/\/mercadokeys.com\/shop\/\" title=\"\" target=\"_parent\"><i class=\"fas fa-gamepad\" aria-hidden=\"true\"><\/i><div class=\"title\">THE BEST PRICES.<\/div><div class=\"text\"><p>MercadoKeys.com a 100% Mexican video game store<\/p>\n<\/div><\/a><\/div><div class=\"vc_empty_space\"   style=\"height: 2.308rem\"><span class=\"vc_empty_space_inner\"><\/span><\/div><\/div><\/div><\/div><div class=\"wpb_column vc_column_container vc_col-sm-4\"><div class=\"vc_column-inner\"><div class=\"wpb_wrapper\"><div class=\"cloux-service-box\"><a href=\"mailto:contacto@mercadokeys.com\" title=\"\" target=\"_parent\"><i class=\"far fa-life-ring\" aria-hidden=\"true\"><\/i><div class=\"title\">CONTACT US.<\/div><div class=\"text\"><p>contacto@MercadoKeys.com<\/p>\n<\/div><\/a><\/div><div class=\"vc_empty_space\"   style=\"height: 2.308rem\"><span class=\"vc_empty_space_inner\"><\/span><\/div><\/div><\/div><\/div><div class=\"wpb_column vc_column_container vc_col-sm-4\"><div class=\"vc_column-inner\"><div class=\"wpb_wrapper\"><div class=\"cloux-service-box\"><a href=\"https:\/\/www.mercadokeys.com\/politica-de-reembolsos\/\" title=\"\" target=\"_blank\"><i class=\"far fa-money-bill-alt\" aria-hidden=\"true\"><\/i><div class=\"title\">REFUNDS.<\/div><div class=\"text\"><p>Learn about our mission, vision and company values.<\/p>\n<\/div><\/a><\/div><div class=\"vc_empty_space\"   style=\"height: 2.308rem\"><span class=\"vc_empty_space_inner\"><\/span><\/div><\/div><\/div><\/div><\/div><div class=\"vc_row wpb_row vc_row-fluid vc_custom_1496962051962\"><div class=\"wpb_column vc_column_container vc_col-sm-12\"><div class=\"vc_column-inner\"><div class=\"wpb_wrapper\">\n\t<div class=\"wpb_text_column wpb_content_element\" >\n\t\t<div class=\"wpb_wrapper\">\n\t\t\t<p><img loading=\"lazy\" decoding=\"async\" class=\"\" src=\"https:\/\/www.mercadokeys.com.mx\/wp-content\/uploads\/2020\/11\/logo_lockup_google_translate_icon_horizontal_en-gb-002-300x94.png\" width=\"121\" height=\"38\" \/><\/p>\n\n\t\t<\/div>\n\t<\/div>\n<div class=\"vc_empty_space\"   style=\"height: 2.308rem\"><span class=\"vc_empty_space_inner\"><\/span><\/div><div class=\"vc_tta-container\" data-vc-action=\"collapse\"><div class=\"vc_general vc_tta vc_tta-accordion vc_tta-color-white vc_tta-style-classic vc_tta-shape-rounded vc_tta-o-shape-group vc_tta-gap-15 vc_tta-controls-align-default vc_custom_1516825511410\"><div class=\"vc_tta-panels-container\"><div class=\"vc_tta-panels\"><div class=\"vc_tta-panel vc_active\" id=\"tab2\" data-vc-content=\".vc_tta-panel-body\"><div class=\"vc_tta-panel-heading\"><h4 class=\"vc_tta-panel-title vc_tta-controls-icon-position-left\"><a href=\"#tab2\" data-vc-accordion data-vc-container=\".vc_tta-container\"><span class=\"vc_tta-title-text\">\u00bfWhat is a serial code?<\/span><i class=\"vc_tta-controls-icon vc_tta-controls-icon-plus\"><\/i><\/a><\/h4><\/div><div class=\"vc_tta-panel-body\">\n\t<div class=\"wpb_text_column wpb_content_element\" >\n\t\t<div class=\"wpb_wrapper\">\n\t\t\t<p>The Serial Code is the serial number or product code that is a combination of letters and numbers that activate a product, usually it is delivered digitally or it is found on a label inside the game box or it is printed on the card quick reference of the game.<\/p>\n<p>The purchased Serial Code is used to register and activate a video game or other digital product.<\/p>\n<p><em>The activation of the serial number may vary depending on the product and platform of the activation.<\/em><\/p>\n\n\t\t<\/div>\n\t<\/div>\n<\/div><\/div><div class=\"vc_tta-panel\" id=\"tab3\" data-vc-content=\".vc_tta-panel-body\"><div class=\"vc_tta-panel-heading\"><h4 class=\"vc_tta-panel-title vc_tta-controls-icon-position-left\"><a href=\"#tab3\" data-vc-accordion data-vc-container=\".vc_tta-container\"><span class=\"vc_tta-title-text\">\u00bfHow quickly will I receive the Serial Code?<\/span><i class=\"vc_tta-controls-icon vc_tta-controls-icon-plus\"><\/i><\/a><\/h4><\/div><div class=\"vc_tta-panel-body\">\n\t<div class=\"wpb_text_column wpb_content_element\" >\n\t\t<div class=\"wpb_wrapper\">\n\t\t\t<p>Our unique, self-developed serial code delivery system enables instant and automatic serial code assignment.<\/p>\n<p>The purchase and shipment of your serial number is processed by our server and sent instantly to the email used in the product purchase order.<\/p>\n\n\t\t<\/div>\n\t<\/div>\n<\/div><\/div><div class=\"vc_tta-panel\" id=\"tab4\" data-vc-content=\".vc_tta-panel-body\"><div class=\"vc_tta-panel-heading\"><h4 class=\"vc_tta-panel-title vc_tta-controls-icon-position-left\"><a href=\"#tab4\" data-vc-accordion data-vc-container=\".vc_tta-container\"><span class=\"vc_tta-title-text\">I did not receive my Serial Code instantly.<\/span><i class=\"vc_tta-controls-icon vc_tta-controls-icon-plus\"><\/i><\/a><\/h4><\/div><div class=\"vc_tta-panel-body\">\n\t<div class=\"wpb_text_column wpb_content_element\" >\n\t\t<div class=\"wpb_wrapper\">\n\t\t\t<p><strong>\u00bfAre you buying for the first time with us?<\/strong><\/p>\n<p>To protect against fraud, we occasionally hold user orders for first purchase and purchases suspected of fraud, if this happens you will receive the following email<strong>: <\/strong><em>\"As part of our standard security measures, your order has been held for review to ensure the security of our site.\"<\/em><\/p>\n<p><strong>Your order will be reviewed by one of our agents.<\/strong><\/p>\n<p>\u201cYour order will be manually reviewed by one of our agents and must be approved in approximately <strong><span style=\"color: #000000;\">8 hours<\/span><\/strong> If we require more information, we will contact you by email.<\/p>\n<p><strong>Server.<\/strong><\/p>\n<p>The immediate delivery service is also subject to the times and saturation of our system and may take up to <strong>12 hours<\/strong>.<\/p>\n\n\t\t<\/div>\n\t<\/div>\n<\/div><\/div><div class=\"vc_tta-panel\" id=\"tab5\" data-vc-content=\".vc_tta-panel-body\"><div class=\"vc_tta-panel-heading\"><h4 class=\"vc_tta-panel-title vc_tta-controls-icon-position-left\"><a href=\"#tab5\" data-vc-accordion data-vc-container=\".vc_tta-container\"><span class=\"vc_tta-title-text\">\u00bfDo you Auto generate and sell hacked serial numbers?<\/span><i class=\"vc_tta-controls-icon vc_tta-controls-icon-plus\"><\/i><\/a><\/h4><\/div><div class=\"vc_tta-panel-body\">\n\t<div class=\"wpb_text_column wpb_content_element\" >\n\t\t<div class=\"wpb_wrapper\">\n\t\t\t<p><strong>NO.<\/strong><\/p>\n<p>All products that <em>mercadokeys.com<\/em> sells are 100% original and you will not have any problem on the platform with which you activate it. \u2764<\/p>\n\n\t\t<\/div>\n\t<\/div>\n<\/div><\/div><div class=\"vc_tta-panel\" id=\"1605663455158-dec45425-c5cf\" data-vc-content=\".vc_tta-panel-body\"><div class=\"vc_tta-panel-heading\"><h4 class=\"vc_tta-panel-title vc_tta-controls-icon-position-left\"><a href=\"#1605663455158-dec45425-c5cf\" data-vc-accordion data-vc-container=\".vc_tta-container\"><span class=\"vc_tta-title-text\">\u00bfHow do I redeem \/ activate my CD key for a PC game?<\/span><i class=\"vc_tta-controls-icon vc_tta-controls-icon-plus\"><\/i><\/a><\/h4><\/div><div class=\"vc_tta-panel-body\">\n\t<div class=\"wpb_text_column wpb_content_element\" >\n\t\t<div class=\"wpb_wrapper\">\n\t\t\t<p>This varies by publisher \/ developer of the game, the main ones are detailed below:<\/p>\n<p><strong>Steam<\/strong><\/p>\n<ol>\n<li>Launch Steam and log into your Steam account.<\/li>\n<li>Click the Games menu.<\/li>\n<li>Choose Activate a product on Steam.<\/li>\n<li>Follow the instructions on the screen to complete the process.<\/li>\n<\/ol>\n<p><strong>Origin<\/strong><\/p>\n<ol>\n<li>Log into Origin with the EA account you would like to add your game to.<\/li>\n<li>Click on the Origin menu in the upper left.<\/li>\n<li>Select \"Redeem Product Code\"<\/li>\n<li>Enter the serial key from the back of the game manual.<\/li>\n<li>The game will be added to the \"My Games\" section of Origin.<\/li>\n<\/ol>\n<p><strong>You can also redeem your code through the web:<\/strong><\/p>\n<ol>\n<li>Go to <strong>activate.ea.com.<\/strong><\/li>\n<li>Log in with your EA \/ Origin account information.<\/li>\n<li>Enter your product code on the \"Redeem your code\" page.<\/li>\n<\/ol>\n<p><strong>uPlay<\/strong><\/p>\n<ol>\n<li>Get started by downloading \/ installing your Ubisoft game using the download provided on the games product page.<\/li>\n<li>Once the installation is complete, launch the game by locating the game shortcut or by navigating through the game in the Start&gt; Programs list.<\/li>\n<li>Once Uplay starts, enter your Uplay account username and password.<\/li>\n<\/ol>\n<p><strong>Xbox Live Subscriptions \/ Points<\/strong><\/p>\n<p><strong>\u00bfHow do I redeem an Xbox Live subscription?<\/strong><br \/>\nSimple, follow the steps below to become a new member of xbox, live:<\/p>\n<ol>\n<li>Connect your Xbox 360 to a broadband internet connection.<\/li>\n<li>On the dashboard, select My Xbox, Sign In, Create Profile, and then follow the instructions to create your account.<\/li>\n<li>Now select your new profile on My Xbox, select Join Xbox LIVE.<\/li>\n<li>Follow the simple on-screen instructions, redeem your code and enjoy!<\/li>\n<\/ol>\n<p><strong>Or expand your existing Xbox LIVE Gold membership:<\/strong><\/p>\n<ol>\n<li>Sign in to Xbox LIVE from My Xbox on the dashboard.<\/li>\n<li>Choose Manage Account, select Memberships, and select your membership plan.<\/li>\n<li>Choose Redeem Code and have fun!<\/li>\n<\/ol>\n<p><strong>\u00bfHow do I redeem Microsoft points?<\/strong><br \/>\nSimple, follow the steps below to redeem your Microsoft Points on your Xbox 360 console:<\/p>\n<ol>\n<li>Sign in to Xbox LIVE.<\/li>\n<li>Click the Xbox Guide button located in the center of the controller.<\/li>\n<li>Navigate to the Marketplace tab. Select Redeem code.<\/li>\n<li>Enter your 25-digit prepaid code and enjoy!<\/li>\n<\/ol>\n<p><strong>Redeem your Microsoft Points on your computer:<\/strong><\/p>\n<ol>\n<li>From Xbox.com, use your Windows Live ID to sign in to your Xbox LIVE account.<\/li>\n<li>Select My Account from the My Xbox drop-down menu.<\/li>\n<li>Click Redeem Code to enter the prepaid code for the content you want to redeem.<\/li>\n<li>Follow the instructions on the screen to enter and confirm the redemption in the prepaid code.<\/li>\n<\/ol>\n<p><strong>\u00a0<\/strong><strong>Sony PlayStation Network<\/strong><\/p>\n<p><strong>\u00bfHow do I redeem a Sony PlayStation Network card?<\/strong><br \/>\nSimple, follow the steps below to redeem your Sony PlayStation Network card:<\/p>\n<p><strong>1.<\/strong>If you do not have a Sony Entertainment Network account (formerly known as a PlayStation Network account), create one on your Sony System or visit the PlayStation website on your PC.<br \/>\n<strong>2.<\/strong>Visit PlayStation Store through your PlayStation device.<br \/>\n<strong>3.<\/strong>Select the \"Redeem Codes\" option in the upper right corner of the screen (for PS Vita, tap the options button in the lower right).<br \/>\n<strong>4.<\/strong>Enter the 12-digit coupon code at the bottom of this card and select \"Continue.\"<br \/>\n<strong>5.<\/strong>Follow the onscreen instructions to redeem the code.<\/p>\n<p>Some games must be activated through the Developers website.<\/p>\n<p>E.g. World of Warcraft is activated through battle.net or Grand theft auto which is activated by Rockstar Games.<\/p>\n\n\t\t<\/div>\n\t<\/div>\n<\/div><\/div><div class=\"vc_tta-panel\" id=\"1605664267545-1faee374-4fc2\" data-vc-content=\".vc_tta-panel-body\"><div class=\"vc_tta-panel-heading\"><h4 class=\"vc_tta-panel-title vc_tta-controls-icon-position-left\"><a href=\"#1605664267545-1faee374-4fc2\" data-vc-accordion data-vc-container=\".vc_tta-container\"><span class=\"vc_tta-title-text\">What are the payment methods.<\/span><i class=\"vc_tta-controls-icon vc_tta-controls-icon-plus\"><\/i><\/a><\/h4><\/div><div class=\"vc_tta-panel-body\">\n\t<div class=\"wpb_text_column wpb_content_element\" >\n\t\t<div class=\"wpb_wrapper\">\n\t\t\t<p><strong> <img loading=\"lazy\" decoding=\"async\" class=\"alignnone size-full wp-image-55597\" src=\"https:\/\/www.mercadokeys.com.mx\/wp-content\/uploads\/2020\/11\/oxxo-mercadokeys-3.png\" alt=\"\" width=\"50\" height=\"26\" \/><\/strong><\/p>\n<p><strong>OXXO<\/strong><br \/>\nAccepted in 14.000 stores, OXXO is the most popular payment method in Mexico. It currently boasts holding 32% of online payments made in Mexico.<\/p>\n<p><strong><img loading=\"lazy\" decoding=\"async\" class=\"alignnone wp-image-55776\" src=\"https:\/\/www.mercadokeys.com.mx\/wp-content\/uploads\/2020\/11\/3c88130960adb0c1f8fc74dbab898e18.png\" alt=\"\" width=\"48\" height=\"48\" srcset=\"https:\/\/www.mercadokeys.com.mx\/wp-content\/uploads\/2020\/11\/3c88130960adb0c1f8fc74dbab898e18.png 256w, https:\/\/www.mercadokeys.com.mx\/wp-content\/uploads\/2020\/11\/3c88130960adb0c1f8fc74dbab898e18-100x100.png 100w, https:\/\/www.mercadokeys.com.mx\/wp-content\/uploads\/2020\/11\/3c88130960adb0c1f8fc74dbab898e18-150x150.png 150w, https:\/\/www.mercadokeys.com.mx\/wp-content\/uploads\/2020\/11\/3c88130960adb0c1f8fc74dbab898e18-190x190.png 190w\" sizes=\"auto, (max-width: 48px) 100vw, 48px\" \/><br \/>\nPayPal<\/strong><\/p>\n<p>PayPal is a American online payment system operating worldwide. It supports online money transfers and offers services to online merchants as well as auction sites.<\/p>\n<p>&nbsp;<\/p>\n<p><strong><img loading=\"lazy\" decoding=\"async\" class=\"alignnone size-full wp-image-55642\" src=\"https:\/\/www.mercadokeys.com.mx\/wp-content\/uploads\/2020\/11\/MASTERCARD-please.png\" alt=\"\" width=\"50\" height=\"26\" \/><\/strong><\/p>\n<p><strong>Visa<\/strong><\/p>\n<p>As one the leading Western credit card companies, California-based Visa offers customers a wide array of services, including (but not limited to) credit cards and debit cards. Visa also supports international online money transfers.<\/p>\n<p><strong>MasterCard<\/strong><\/p>\n<p>MasterCard is one of the most prominent and important credit cards in the business. Operating from New York its credit and debits cards are accepted worldwide.<\/p>\n<p><strong><img loading=\"lazy\" decoding=\"async\" class=\"wp-image-55777 alignleft\" src=\"https:\/\/www.mercadokeys.com.mx\/wp-content\/uploads\/2020\/11\/spei-footer1-300x145.png\" alt=\"\" width=\"74\" height=\"36\" srcset=\"https:\/\/www.mercadokeys.com.mx\/wp-content\/uploads\/2020\/11\/spei-footer1-300x145.png 300w, https:\/\/www.mercadokeys.com.mx\/wp-content\/uploads\/2020\/11\/spei-footer1.png 430w\" sizes=\"auto, (max-width: 74px) 100vw, 74px\" \/><\/strong><\/p>\n<p>&nbsp;<\/p>\n<p><strong>SPEI<br \/>\n<\/strong>The\u00a0<em>SPEI<\/em> is a system designed by Banco de M\u00e9xico and commercial banking that allows you to make electronic payments to anyone.<strong><br \/>\n<\/strong><\/p>\n\n\t\t<\/div>\n\t<\/div>\n<\/div><\/div><div class=\"vc_tta-panel\" id=\"1605673966930-7b866a59-b90a\" data-vc-content=\".vc_tta-panel-body\"><div class=\"vc_tta-panel-heading\"><h4 class=\"vc_tta-panel-title vc_tta-controls-icon-position-left\"><a href=\"#1605673966930-7b866a59-b90a\" data-vc-accordion data-vc-container=\".vc_tta-container\"><span class=\"vc_tta-title-text\">\u00bfWhy are your products so cheap?<\/span><i class=\"vc_tta-controls-icon vc_tta-controls-icon-plus\"><\/i><\/a><\/h4><\/div><div class=\"vc_tta-panel-body\">\n\t<div class=\"wpb_text_column wpb_content_element\" >\n\t\t<div class=\"wpb_wrapper\">\n\t\t\t<p>Our management team has several years of combined experience within the industry with an extensive network of suppliers and contacts from which you can purchase products.<\/p>\n<p>We shop in all corners of the world to ensure the lowest possible prices, and since we only sell products digitally, we can save a lot on postage and related expenses; We pass these reductions on to you, which guarantees our price is the most competitive!<\/p>\n\n\t\t<\/div>\n\t<\/div>\n<\/div><\/div><div class=\"vc_tta-panel\" id=\"1605674117369-8ed55f26-3afc\" data-vc-content=\".vc_tta-panel-body\"><div class=\"vc_tta-panel-heading\"><h4 class=\"vc_tta-panel-title vc_tta-controls-icon-position-left\"><a href=\"#1605674117369-8ed55f26-3afc\" data-vc-accordion data-vc-container=\".vc_tta-container\"><span class=\"vc_tta-title-text\">\u00bfWhat countries do you sell to?<\/span><i class=\"vc_tta-controls-icon vc_tta-controls-icon-plus\"><\/i><\/a><\/h4><\/div><div class=\"vc_tta-panel-body\">\n\t<div class=\"wpb_text_column wpb_content_element\" >\n\t\t<div class=\"wpb_wrapper\">\n\t\t\t<p>As we are a digital only website, we can sell instantly to any country in the world.<\/p>\n\n\t\t<\/div>\n\t<\/div>\n<\/div><\/div><div class=\"vc_tta-panel\" id=\"1605673962838-c5132e43-5410\" data-vc-content=\".vc_tta-panel-body\"><div class=\"vc_tta-panel-heading\"><h4 class=\"vc_tta-panel-title vc_tta-controls-icon-position-left\"><a href=\"#1605673962838-c5132e43-5410\" data-vc-accordion data-vc-container=\".vc_tta-container\"><span class=\"vc_tta-title-text\">\u00bfDo you sell physical games and boxes?<\/span><i class=\"vc_tta-controls-icon vc_tta-controls-icon-plus\"><\/i><\/a><\/h4><\/div><div class=\"vc_tta-panel-body\">\n\t<div class=\"wpb_text_column wpb_content_element\" >\n\t\t<div class=\"wpb_wrapper\">\n\t\t\t<p>Sorry, to facilitate use and provide the best service, we currently only sell the digital version of the products.<\/p>\n\n\t\t<\/div>\n\t<\/div>\n<\/div><\/div><div class=\"vc_tta-panel\" id=\"1605674158267-fc23cf0d-c462\" data-vc-content=\".vc_tta-panel-body\"><div class=\"vc_tta-panel-heading\"><h4 class=\"vc_tta-panel-title vc_tta-controls-icon-position-left\"><a href=\"#1605674158267-fc23cf0d-c462\" data-vc-accordion data-vc-container=\".vc_tta-container\"><span class=\"vc_tta-title-text\">\u00bfHow can I contact mercadokeys.com?<\/span><i class=\"vc_tta-controls-icon vc_tta-controls-icon-plus\"><\/i><\/a><\/h4><\/div><div class=\"vc_tta-panel-body\">\n\t<div class=\"wpb_text_column wpb_content_element\" >\n\t\t<div class=\"wpb_wrapper\">\n\t\t\t<p>Send an email to\u00a0<a href=\"\/eng\/contacto@mercadokeys.com\/\">contacto@mercadokeys.com<\/a><\/p>\n\n\t\t<\/div>\n\t<\/div>\n<\/div><\/div><\/div><\/div><\/div><\/div><\/div><\/div><\/div><\/div>\n<\/div>","protected":false},"excerpt":{"rendered":"LOS MEJORES PRECIOS.MercadoKeys.com una tienda de videojuegos 100% Mexicana CONTACTANOS.contacto@MercadoKeys.com REEMBOLSOS.Conoce nuestra misi\u00f3n, visi\u00f3n y valores de la empresa. \u00bfQu\u00e9 es un c\u00f3digo serial? El C\u00f3digo serie es el n\u00famero de serie o c\u00f3digo de producto que es una combinaci\u00f3n de letras y n\u00fameros que activan un producto, normalmente se se entrega de forma digital...","protected":false},"author":1,"featured_media":72,"parent":0,"menu_order":0,"comment_status":"closed","ping_status":"closed","template":"","meta":{"_monsterinsights_skip_tracking":false,"_monsterinsights_sitenote_active":false,"_monsterinsights_sitenote_note":"","_monsterinsights_sitenote_category":0,"footnotes":""},"class_list":["post-1320","page","type-page","status-publish","has-post-thumbnail","hentry"],"yoast_head":"<!-- This site is optimized with the Yoast SEO plugin v27.0 - https:\/\/yoast.com\/product\/yoast-seo-wordpress\/ -->\n<title>Preguntas frecuentes - MERCADOKEYS<\/title>\n<meta name=\"robots\" content=\"index, follow, max-snippet:-1, max-image-preview:large, max-video-preview:-1\" \/>\n<link rel=\"canonical\" href=\"https:\/\/www.mercadokeys.com\/preguntas-frecuentes\/\" \/>\n<meta property=\"og:locale\" content=\"en_GB\" \/>\n<meta property=\"og:type\" content=\"article\" \/>\n<meta property=\"og:title\" content=\"Preguntas frecuentes - MERCADOKEYS\" \/>\n<meta property=\"og:url\" content=\"https:\/\/www.mercadokeys.com\/preguntas-frecuentes\/\" \/>\n<meta property=\"og:site_name\" content=\"MERCADOKEYS\" \/>\n<meta property=\"article:modified_time\" content=\"2021-01-28T21:16:37+00:00\" \/>\n<meta property=\"og:image\" content=\"https:\/\/www.mercadokeys.com\/wp-content\/uploads\/2017\/12\/1-1.jpg\" \/>\n\t<meta property=\"og:image:width\" content=\"2133\" \/>\n\t<meta property=\"og:image:height\" content=\"1191\" \/>\n\t<meta property=\"og:image:type\" content=\"image\/jpeg\" \/>\n<meta name=\"twitter:card\" content=\"summary_large_image\" \/>\n<meta name=\"twitter:label1\" content=\"Estimated reading time\" \/>\n\t<meta name=\"twitter:data1\" content=\"7 minutes\" \/>\n<script type=\"application\/ld+json\" class=\"yoast-schema-graph\">{\"@context\":\"https:\/\/schema.org\",\"@graph\":[{\"@type\":\"WebPage\",\"@id\":\"https:\/\/www.mercadokeys.com\/preguntas-frecuentes\/\",\"url\":\"https:\/\/www.mercadokeys.com\/preguntas-frecuentes\/\",\"name\":\"Preguntas frecuentes - MERCADOKEYS\",\"isPartOf\":{\"@id\":\"https:\/\/www.mercadokeys.com\/eng\/#website\"},\"primaryImageOfPage\":{\"@id\":\"https:\/\/www.mercadokeys.com\/preguntas-frecuentes\/#primaryimage\"},\"image\":{\"@id\":\"https:\/\/www.mercadokeys.com\/preguntas-frecuentes\/#primaryimage\"},\"thumbnailUrl\":\"https:\/\/www.mercadokeys.com.mx\/wp-content\/uploads\/2017\/12\/1-1.jpg\",\"datePublished\":\"2018-01-17T12:45:36+00:00\",\"dateModified\":\"2021-01-28T21:16:37+00:00\",\"breadcrumb\":{\"@id\":\"https:\/\/www.mercadokeys.com\/preguntas-frecuentes\/#breadcrumb\"},\"inLanguage\":\"en-GB\",\"potentialAction\":[{\"@type\":\"ReadAction\",\"target\":[\"https:\/\/www.mercadokeys.com\/preguntas-frecuentes\/\"]}]},{\"@type\":\"ImageObject\",\"inLanguage\":\"en-GB\",\"@id\":\"https:\/\/www.mercadokeys.com\/preguntas-frecuentes\/#primaryimage\",\"url\":\"https:\/\/www.mercadokeys.com.mx\/wp-content\/uploads\/2017\/12\/1-1.jpg\",\"contentUrl\":\"https:\/\/www.mercadokeys.com.mx\/wp-content\/uploads\/2017\/12\/1-1.jpg\",\"width\":2133,\"height\":1191,\"caption\":\"MercadoKeys.com tu tienda de videojuegos Tijuana en donde vendemos videojuegos para pc steam, origin, xbos todos los videojuegos a precios bajos.\"},{\"@type\":\"BreadcrumbList\",\"@id\":\"https:\/\/www.mercadokeys.com\/preguntas-frecuentes\/#breadcrumb\",\"itemListElement\":[{\"@type\":\"ListItem\",\"position\":1,\"name\":\"Inicio\",\"item\":\"https:\/\/www.mercadokeys.com.mx\/\"},{\"@type\":\"ListItem\",\"position\":2,\"name\":\"Preguntas frecuentes\"}]},{\"@type\":\"WebSite\",\"@id\":\"https:\/\/www.mercadokeys.com\/eng\/#website\",\"url\":\"https:\/\/www.mercadokeys.com\/eng\/\",\"name\":\"MERCADOKEYS\",\"description\":\"Tu Tienda de videojuegos digitales en Mexico!\",\"potentialAction\":[{\"@type\":\"SearchAction\",\"target\":{\"@type\":\"EntryPoint\",\"urlTemplate\":\"https:\/\/www.mercadokeys.com\/eng\/?s={search_term_string}\"},\"query-input\":{\"@type\":\"PropertyValueSpecification\",\"valueRequired\":true,\"valueName\":\"search_term_string\"}}],\"inLanguage\":\"en-GB\"}]}<\/script>\n<!-- \/ Yoast SEO plugin. -->","yoast_head_json":{"title":"Preguntas frecuentes - MERCADOKEYS","robots":{"index":"index","follow":"follow","max-snippet":"max-snippet:-1","max-image-preview":"max-image-preview:large","max-video-preview":"max-video-preview:-1"},"canonical":"https:\/\/www.mercadokeys.com\/preguntas-frecuentes\/","og_locale":"en_GB","og_type":"article","og_title":"Preguntas frecuentes - MERCADOKEYS","og_url":"https:\/\/www.mercadokeys.com\/preguntas-frecuentes\/","og_site_name":"MERCADOKEYS","article_modified_time":"2021-01-28T21:16:37+00:00","og_image":[{"width":2133,"height":1191,"url":"https:\/\/www.mercadokeys.com\/wp-content\/uploads\/2017\/12\/1-1.jpg","type":"image\/jpeg"}],"twitter_card":"summary_large_image","twitter_misc":{"Estimated reading time":"7 minutes"},"schema":{"@context":"https:\/\/schema.org","@graph":[{"@type":"WebPage","@id":"https:\/\/www.mercadokeys.com\/preguntas-frecuentes\/","url":"https:\/\/www.mercadokeys.com\/preguntas-frecuentes\/","name":"Preguntas frecuentes - MERCADOKEYS","isPartOf":{"@id":"https:\/\/www.mercadokeys.com\/eng\/#website"},"primaryImageOfPage":{"@id":"https:\/\/www.mercadokeys.com\/preguntas-frecuentes\/#primaryimage"},"image":{"@id":"https:\/\/www.mercadokeys.com\/preguntas-frecuentes\/#primaryimage"},"thumbnailUrl":"https:\/\/www.mercadokeys.com.mx\/wp-content\/uploads\/2017\/12\/1-1.jpg","datePublished":"2018-01-17T12:45:36+00:00","dateModified":"2021-01-28T21:16:37+00:00","breadcrumb":{"@id":"https:\/\/www.mercadokeys.com\/preguntas-frecuentes\/#breadcrumb"},"inLanguage":"en-GB","potentialAction":[{"@type":"ReadAction","target":["https:\/\/www.mercadokeys.com\/preguntas-frecuentes\/"]}]},{"@type":"ImageObject","inLanguage":"en-GB","@id":"https:\/\/www.mercadokeys.com\/preguntas-frecuentes\/#primaryimage","url":"https:\/\/www.mercadokeys.com.mx\/wp-content\/uploads\/2017\/12\/1-1.jpg","contentUrl":"https:\/\/www.mercadokeys.com.mx\/wp-content\/uploads\/2017\/12\/1-1.jpg","width":2133,"height":1191,"caption":"MercadoKeys.com tu tienda de videojuegos Tijuana en donde vendemos videojuegos para pc steam, origin, xbos todos los videojuegos a precios bajos."},{"@type":"BreadcrumbList","@id":"https:\/\/www.mercadokeys.com\/preguntas-frecuentes\/#breadcrumb","itemListElement":[{"@type":"ListItem","position":1,"name":"Inicio","item":"https:\/\/www.mercadokeys.com.mx\/"},{"@type":"ListItem","position":2,"name":"Preguntas frecuentes"}]},{"@type":"WebSite","@id":"https:\/\/www.mercadokeys.com\/eng\/#website","url":"https:\/\/www.mercadokeys.com\/eng\/","name":"MERCADOKEYS","description":"Tu Tienda de videojuegos digitales en Mexico!","potentialAction":[{"@type":"SearchAction","target":{"@type":"EntryPoint","urlTemplate":"https:\/\/www.mercadokeys.com\/eng\/?s={search_term_string}"},"query-input":{"@type":"PropertyValueSpecification","valueRequired":true,"valueName":"search_term_string"}}],"inLanguage":"en-GB"}]}},"_links":{"self":[{"href":"https:\/\/www.mercadokeys.com.mx\/eng\/wp-json\/wp\/v2\/pages\/1320","targetHints":{"allow":["GET"]}}],"collection":[{"href":"https:\/\/www.mercadokeys.com.mx\/eng\/wp-json\/wp\/v2\/pages"}],"about":[{"href":"https:\/\/www.mercadokeys.com.mx\/eng\/wp-json\/wp\/v2\/types\/page"}],"author":[{"embeddable":true,"href":"https:\/\/www.mercadokeys.com.mx\/eng\/wp-json\/wp\/v2\/users\/1"}],"replies":[{"embeddable":true,"href":"https:\/\/www.mercadokeys.com.mx\/eng\/wp-json\/wp\/v2\/comments?post=1320"}],"version-history":[{"count":22,"href":"https:\/\/www.mercadokeys.com.mx\/eng\/wp-json\/wp\/v2\/pages\/1320\/revisions"}],"predecessor-version":[{"id":110775,"href":"https:\/\/www.mercadokeys.com.mx\/eng\/wp-json\/wp\/v2\/pages\/1320\/revisions\/110775"}],"wp:featuredmedia":[{"embeddable":true,"href":"https:\/\/www.mercadokeys.com.mx\/eng\/wp-json\/wp\/v2\/media\/72"}],"wp:attachment":[{"href":"https:\/\/www.mercadokeys.com.mx\/eng\/wp-json\/wp\/v2\/media?parent=1320"}],"curies":[{"name":"wp","href":"https:\/\/api.w.org\/{rel}","templated":true}]}}