{"id":114716,"date":"2021-07-10T12:38:44","date_gmt":"2021-07-10T19:38:44","guid":{"rendered":"https:\/\/www.mercadokeys.com\/?page_id=114716"},"modified":"2021-07-16T22:17:55","modified_gmt":"2021-07-17T05:17:55","slug":"programa-de-afiliados-mercadokeys-com","status":"publish","type":"page","link":"https:\/\/www.mercadokeys.com.mx\/eng\/programa-de-afiliados-mercadokeys-com\/","title":{"rendered":"PROGRAMA DE AFILIADOS MERCADOKEYS.COM"},"content":{"rendered":"<div class=\"wp-block-image\"><figure class=\"aligncenter size-large is-resized\"><img loading=\"lazy\" decoding=\"async\" src=\"https:\/\/www.mercadokeys.com.mx\/wp-content\/uploads\/2020\/11\/LOGO-MERCADOKEYS-BLANCO-MERCADO-2-1.png\" alt=\"\" class=\"wp-image-2074\" width=\"414\" height=\"69\" srcset=\"https:\/\/www.mercadokeys.com.mx\/wp-content\/uploads\/2020\/11\/LOGO-MERCADOKEYS-BLANCO-MERCADO-2-1.png 414w, https:\/\/www.mercadokeys.com.mx\/wp-content\/uploads\/2020\/11\/LOGO-MERCADOKEYS-BLANCO-MERCADO-2-1-300x50.png 300w, https:\/\/www.mercadokeys.com.mx\/wp-content\/uploads\/2020\/11\/LOGO-MERCADOKEYS-BLANCO-MERCADO-2-1-405x69.png 405w\" sizes=\"auto, (max-width: 414px) 100vw, 414px\" \/><\/figure><\/div>\n\n\n\n<h2 class=\"has-text-align-center wp-block-heading\">NUESTRO SISTEMA DE AFILIADOS TE OFRECE:<\/h2>\n\n\n\n<div class=\"wp-block-columns is-layout-flex wp-container-core-columns-is-layout-9d6595d7 wp-block-columns-is-layout-flex\">\n<div class=\"wp-block-column is-layout-flow wp-block-column-is-layout-flow\" style=\"flex-basis:100%\">\n<ul class=\"has-black-color has-text-color\"><li><strong>Rangos con logros<\/strong><br>Son rangos separados que asignan un nivel de comisi\u00f3n diferente.&nbsp;Cada afiliado puede ascender al siguiente rango una vez alcanzado los logros.<\/li><li><strong>Afiliados ilimitados<\/strong><br>No hay l\u00edmite para el n\u00famero de Afiliados que pueden promocionar sus productos y servicios.<\/li><li><strong>Comisi\u00f3n en Ofertas especiales<\/strong><br>Los afiliados pueden ganar diferentes comisiones seg\u00fan los productos en oferta que vendan v\u00eda su referencia.&nbsp;La oferta puede estar limitada por un intervalo de fechas.<\/li><li><strong>Marketing multinivel<\/strong><br>Los afiliados pueden reclutar nuevos afiliados multinivel con los cuales reforzar su capacidad de venta. Con ellos podr\u00e1 compartir sus ganancias y comisiones con un sistema multinivel personalizado.<\/li><li><strong>Comisiones de aterrizaje<\/strong><br>El afiliado podr\u00e1 ganar bonos y comisiones al referir paginas de aterrizaje exclusivas..<\/li><li><strong>Cartera<\/strong><br>Lo afiliados tienen la opci\u00f3n de gastar sus Ganancias directamente en el Sitio Web durante compras adicionales basadas en Cupones Generados con un descuento fijo espec\u00edfico.<\/li><li><strong>Cupones de afiliados<\/strong><br>Los afiliados pueden crear cupones de descuento para sus clientes potenciales.<\/li><li><strong>Slug personalizado de afiliados<\/strong><br>Proporciona&nbsp;<strong>slug<\/strong>&nbsp;personales adem\u00e1s del nombre de usuario o ID predeterminado para que los afiliados puedan ocultar su identidad o el nombre de la empresa detr\u00e1s de un slug personalizado.<\/li><li><strong>Enlaces amigables de afiliado<\/strong><br>Los afiliados pueden utilizar enlaces amigables en lugar del predeterminado con una estructura m\u00e1s atractiva cuando el enlace se comparte y es mucho m\u00e1s f\u00e1cil de leer.<\/li><li><strong>Comisiones de por vida<\/strong><br>Los afiliados reciben una comisi\u00f3n sobre todas las compras futuras del cliente.&nbsp;Ahora se preocupa m\u00e1s por las Cookies o los diferentes navegadores.<\/li><li><strong>Bonificaciones de rendimiento<\/strong><br>Comisi\u00f3n de bonificaci\u00f3n cuando el afiliado cumple con metas asignadas por el administrador del programa de afiliados.<\/li><li><strong>Gesti\u00f3n de Banners<\/strong><br>Proporcionamos diferentes Banners que ayudar\u00e1n a promocionar nuestros productos y servicios en cualquier sitio web con un c\u00f3digo incrustado.<\/li><li><strong>Pagos de PayPal<\/strong><br>Pago de sus ganancias a trav\u00e9s de PayPal directamente desde el panel d con solo unos pocos clics.&nbsp;<\/li><li><strong>Pagos desde Transferencia Bancaria.<\/strong><br>Pago de sus ganancia mediante transferencia bancaria o numero <strong>CLABE.<\/strong><\/li><li><strong>Dep\u00f3sitos en efectivo<\/strong><br>Pago de sus ganancias directamente a cuenta, v\u00eda OXXO o Similares.<\/li><li><strong>Pagos de Stripe<\/strong><br>Pago de sus ganancias a trav\u00e9s de Stripe directamente desde el panel de control con solo unos pocos clics.<\/li><\/ul>\n<\/div>\n<\/div>\n\n\n\n<h3 class=\"has-text-align-center wp-block-heading\">En nuestro nivel <strong><span class=\"has-inline-color has-light-green-cyan-color\">B\u00e1sico<\/span><\/strong> de afiliado <span class=\"has-inline-color has-black-color\">te ofrecemos el 5%<\/span> de comisi\u00f3n en todas tus ventas. <\/h3>\n\n\n\n<h2 class=\"has-text-align-center has-luminous-vivid-amber-color has-text-color wp-block-heading\"><a href=\"https:\/\/www.mercadokeys.com.mx\/eng\/conviertete-en-afiliado\/\"><span class=\"has-inline-color has-luminous-vivid-amber-color\">\u00a1<strong>REGISTRAT<\/strong>E YA!<\/span><\/a><\/h2>\n\n\n\n<p class=\"has-text-align-center\"><em><span class=\"has-inline-color has-luminous-vivid-amber-color\">(Tambi\u00e9n <i>contamos con tarifas especiales para creadores de contenido)<\/i><\/span><\/em><\/p>","protected":false},"excerpt":{"rendered":"<p>NUESTRO SISTEMA DE AFILIADOS TE OFRECE: Rangos con logrosSon rangos separados que asignan un nivel de comisi\u00f3n diferente.&nbsp;Cada afiliado puede ascender al siguiente rango una vez alcanzado los logros. Afiliados ilimitadosNo hay l\u00edmite para el n\u00famero de Afiliados que pueden promocionar sus productos y servicios. Comisi\u00f3n en Ofertas especialesLos afiliados pueden ganar diferentes comisiones seg\u00fan&#8230;<\/p>","protected":false},"author":1,"featured_media":0,"parent":0,"menu_order":0,"comment_status":"closed","ping_status":"closed","template":"","meta":{"_monsterinsights_skip_tracking":false,"_monsterinsights_sitenote_active":false,"_monsterinsights_sitenote_note":"","_monsterinsights_sitenote_category":0,"footnotes":""},"class_list":["post-114716","page","type-page","status-publish","hentry"],"yoast_head":"<!-- This site is optimized with the Yoast SEO plugin v27.0 - https:\/\/yoast.com\/product\/yoast-seo-wordpress\/ -->\n<title>PROGRAMA DE AFILIADOS MERCADOKEYS.COM - MERCADOKEYS<\/title>\n<meta name=\"robots\" content=\"index, follow, max-snippet:-1, max-image-preview:large, max-video-preview:-1\" \/>\n<link rel=\"canonical\" href=\"https:\/\/www.mercadokeys.com\/programa-de-afiliados-mercadokeys-com\/\" \/>\n<meta property=\"og:locale\" content=\"en_GB\" \/>\n<meta property=\"og:type\" content=\"article\" \/>\n<meta property=\"og:title\" content=\"PROGRAMA DE AFILIADOS MERCADOKEYS.COM - MERCADOKEYS\" \/>\n<meta property=\"og:description\" content=\"NUESTRO SISTEMA DE AFILIADOS TE OFRECE: Rangos con logrosSon rangos separados que asignan un nivel de comisi\u00f3n diferente.&nbsp;Cada afiliado puede ascender al siguiente rango una vez alcanzado los logros. Afiliados ilimitadosNo hay l\u00edmite para el n\u00famero de Afiliados que pueden promocionar sus productos y servicios. Comisi\u00f3n en Ofertas especialesLos afiliados pueden ganar diferentes comisiones seg\u00fan...\" \/>\n<meta property=\"og:url\" content=\"https:\/\/www.mercadokeys.com\/programa-de-afiliados-mercadokeys-com\/\" \/>\n<meta property=\"og:site_name\" content=\"MERCADOKEYS\" \/>\n<meta property=\"article:modified_time\" content=\"2021-07-17T05:17:55+00:00\" \/>\n<meta property=\"og:image\" content=\"https:\/\/www.mercadokeys.com\/wp-content\/uploads\/2020\/11\/LOGO-MERCADOKEYS-BLANCO-MERCADO-2-1.png\" \/>\n<meta name=\"twitter:card\" content=\"summary_large_image\" \/>\n<meta name=\"twitter:label1\" content=\"Estimated reading time\" \/>\n\t<meta name=\"twitter:data1\" content=\"2 minutes\" \/>\n<script type=\"application\/ld+json\" class=\"yoast-schema-graph\">{\"@context\":\"https:\/\/schema.org\",\"@graph\":[{\"@type\":\"WebPage\",\"@id\":\"https:\/\/www.mercadokeys.com\/programa-de-afiliados-mercadokeys-com\/\",\"url\":\"https:\/\/www.mercadokeys.com\/programa-de-afiliados-mercadokeys-com\/\",\"name\":\"PROGRAMA DE AFILIADOS MERCADOKEYS.COM - MERCADOKEYS\",\"isPartOf\":{\"@id\":\"https:\/\/www.mercadokeys.com\/eng\/#website\"},\"primaryImageOfPage\":{\"@id\":\"https:\/\/www.mercadokeys.com\/programa-de-afiliados-mercadokeys-com\/#primaryimage\"},\"image\":{\"@id\":\"https:\/\/www.mercadokeys.com\/programa-de-afiliados-mercadokeys-com\/#primaryimage\"},\"thumbnailUrl\":\"https:\/\/www.mercadokeys.com.mx\/wp-content\/uploads\/2020\/11\/LOGO-MERCADOKEYS-BLANCO-MERCADO-2-1.png\",\"datePublished\":\"2021-07-10T19:38:44+00:00\",\"dateModified\":\"2021-07-17T05:17:55+00:00\",\"breadcrumb\":{\"@id\":\"https:\/\/www.mercadokeys.com\/programa-de-afiliados-mercadokeys-com\/#breadcrumb\"},\"inLanguage\":\"en-GB\",\"potentialAction\":[{\"@type\":\"ReadAction\",\"target\":[\"https:\/\/www.mercadokeys.com\/programa-de-afiliados-mercadokeys-com\/\"]}]},{\"@type\":\"ImageObject\",\"inLanguage\":\"en-GB\",\"@id\":\"https:\/\/www.mercadokeys.com\/programa-de-afiliados-mercadokeys-com\/#primaryimage\",\"url\":\"https:\/\/www.mercadokeys.com.mx\/wp-content\/uploads\/2020\/11\/LOGO-MERCADOKEYS-BLANCO-MERCADO-2-1.png\",\"contentUrl\":\"https:\/\/www.mercadokeys.com.mx\/wp-content\/uploads\/2020\/11\/LOGO-MERCADOKEYS-BLANCO-MERCADO-2-1.png\"},{\"@type\":\"BreadcrumbList\",\"@id\":\"https:\/\/www.mercadokeys.com\/programa-de-afiliados-mercadokeys-com\/#breadcrumb\",\"itemListElement\":[{\"@type\":\"ListItem\",\"position\":1,\"name\":\"Inicio\",\"item\":\"https:\/\/www.mercadokeys.com.mx\/\"},{\"@type\":\"ListItem\",\"position\":2,\"name\":\"PROGRAMA DE AFILIADOS MERCADOKEYS.COM\"}]},{\"@type\":\"WebSite\",\"@id\":\"https:\/\/www.mercadokeys.com\/eng\/#website\",\"url\":\"https:\/\/www.mercadokeys.com\/eng\/\",\"name\":\"MERCADOKEYS\",\"description\":\"Tu Tienda de videojuegos digitales en Mexico!\",\"potentialAction\":[{\"@type\":\"SearchAction\",\"target\":{\"@type\":\"EntryPoint\",\"urlTemplate\":\"https:\/\/www.mercadokeys.com\/eng\/?s={search_term_string}\"},\"query-input\":{\"@type\":\"PropertyValueSpecification\",\"valueRequired\":true,\"valueName\":\"search_term_string\"}}],\"inLanguage\":\"en-GB\"}]}<\/script>\n<!-- \/ Yoast SEO plugin. -->","yoast_head_json":{"title":"PROGRAMA DE AFILIADOS MERCADOKEYS.COM - MERCADOKEYS","robots":{"index":"index","follow":"follow","max-snippet":"max-snippet:-1","max-image-preview":"max-image-preview:large","max-video-preview":"max-video-preview:-1"},"canonical":"https:\/\/www.mercadokeys.com\/programa-de-afiliados-mercadokeys-com\/","og_locale":"en_GB","og_type":"article","og_title":"PROGRAMA DE AFILIADOS MERCADOKEYS.COM - MERCADOKEYS","og_description":"NUESTRO SISTEMA DE AFILIADOS TE OFRECE: Rangos con logrosSon rangos separados que asignan un nivel de comisi\u00f3n diferente.&nbsp;Cada afiliado puede ascender al siguiente rango una vez alcanzado los logros. Afiliados ilimitadosNo hay l\u00edmite para el n\u00famero de Afiliados que pueden promocionar sus productos y servicios. Comisi\u00f3n en Ofertas especialesLos afiliados pueden ganar diferentes comisiones seg\u00fan...","og_url":"https:\/\/www.mercadokeys.com\/programa-de-afiliados-mercadokeys-com\/","og_site_name":"MERCADOKEYS","article_modified_time":"2021-07-17T05:17:55+00:00","og_image":[{"url":"https:\/\/www.mercadokeys.com\/wp-content\/uploads\/2020\/11\/LOGO-MERCADOKEYS-BLANCO-MERCADO-2-1.png","type":"","width":"","height":""}],"twitter_card":"summary_large_image","twitter_misc":{"Estimated reading time":"2 minutes"},"schema":{"@context":"https:\/\/schema.org","@graph":[{"@type":"WebPage","@id":"https:\/\/www.mercadokeys.com\/programa-de-afiliados-mercadokeys-com\/","url":"https:\/\/www.mercadokeys.com\/programa-de-afiliados-mercadokeys-com\/","name":"PROGRAMA DE AFILIADOS MERCADOKEYS.COM - MERCADOKEYS","isPartOf":{"@id":"https:\/\/www.mercadokeys.com\/eng\/#website"},"primaryImageOfPage":{"@id":"https:\/\/www.mercadokeys.com\/programa-de-afiliados-mercadokeys-com\/#primaryimage"},"image":{"@id":"https:\/\/www.mercadokeys.com\/programa-de-afiliados-mercadokeys-com\/#primaryimage"},"thumbnailUrl":"https:\/\/www.mercadokeys.com.mx\/wp-content\/uploads\/2020\/11\/LOGO-MERCADOKEYS-BLANCO-MERCADO-2-1.png","datePublished":"2021-07-10T19:38:44+00:00","dateModified":"2021-07-17T05:17:55+00:00","breadcrumb":{"@id":"https:\/\/www.mercadokeys.com\/programa-de-afiliados-mercadokeys-com\/#breadcrumb"},"inLanguage":"en-GB","potentialAction":[{"@type":"ReadAction","target":["https:\/\/www.mercadokeys.com\/programa-de-afiliados-mercadokeys-com\/"]}]},{"@type":"ImageObject","inLanguage":"en-GB","@id":"https:\/\/www.mercadokeys.com\/programa-de-afiliados-mercadokeys-com\/#primaryimage","url":"https:\/\/www.mercadokeys.com.mx\/wp-content\/uploads\/2020\/11\/LOGO-MERCADOKEYS-BLANCO-MERCADO-2-1.png","contentUrl":"https:\/\/www.mercadokeys.com.mx\/wp-content\/uploads\/2020\/11\/LOGO-MERCADOKEYS-BLANCO-MERCADO-2-1.png"},{"@type":"BreadcrumbList","@id":"https:\/\/www.mercadokeys.com\/programa-de-afiliados-mercadokeys-com\/#breadcrumb","itemListElement":[{"@type":"ListItem","position":1,"name":"Inicio","item":"https:\/\/www.mercadokeys.com.mx\/"},{"@type":"ListItem","position":2,"name":"PROGRAMA DE AFILIADOS MERCADOKEYS.COM"}]},{"@type":"WebSite","@id":"https:\/\/www.mercadokeys.com\/eng\/#website","url":"https:\/\/www.mercadokeys.com\/eng\/","name":"MERCADOKEYS","description":"Tu Tienda de videojuegos digitales en Mexico!","potentialAction":[{"@type":"SearchAction","target":{"@type":"EntryPoint","urlTemplate":"https:\/\/www.mercadokeys.com\/eng\/?s={search_term_string}"},"query-input":{"@type":"PropertyValueSpecification","valueRequired":true,"valueName":"search_term_string"}}],"inLanguage":"en-GB"}]}},"_links":{"self":[{"href":"https:\/\/www.mercadokeys.com.mx\/eng\/wp-json\/wp\/v2\/pages\/114716","targetHints":{"allow":["GET"]}}],"collection":[{"href":"https:\/\/www.mercadokeys.com.mx\/eng\/wp-json\/wp\/v2\/pages"}],"about":[{"href":"https:\/\/www.mercadokeys.com.mx\/eng\/wp-json\/wp\/v2\/types\/page"}],"author":[{"embeddable":true,"href":"https:\/\/www.mercadokeys.com.mx\/eng\/wp-json\/wp\/v2\/users\/1"}],"replies":[{"embeddable":true,"href":"https:\/\/www.mercadokeys.com.mx\/eng\/wp-json\/wp\/v2\/comments?post=114716"}],"version-history":[{"count":29,"href":"https:\/\/www.mercadokeys.com.mx\/eng\/wp-json\/wp\/v2\/pages\/114716\/revisions"}],"predecessor-version":[{"id":115681,"href":"https:\/\/www.mercadokeys.com.mx\/eng\/wp-json\/wp\/v2\/pages\/114716\/revisions\/115681"}],"wp:attachment":[{"href":"https:\/\/www.mercadokeys.com.mx\/eng\/wp-json\/wp\/v2\/media?parent=114716"}],"curies":[{"name":"wp","href":"https:\/\/api.w.org\/{rel}","templated":true}]}}